{"id":100,"date":"2013-04-01T16:32:30","date_gmt":"2013-04-01T14:32:30","guid":{"rendered":"http:\/\/www.wspassau.de\/sonstiges\/100jahre\/?page_id=100"},"modified":"2013-07-29T09:38:35","modified_gmt":"2013-07-29T07:38:35","slug":"standorte","status":"publish","type":"page","link":"https:\/\/www.wspassau.de\/sonstiges\/100jahre\/geschichte\/standorte\/","title":{"rendered":"Standorte"},"content":{"rendered":"<p><a href=\"http:\/\/www.wspassau.de\/sonstiges\/100jahre\/geschichte\/standorte\/titellogo\/\" rel=\"attachment wp-att-318\"><img decoding=\"async\" loading=\"lazy\" class=\"size-full wp-image-318 alignleft\" alt=\"Standorte\" src=\"http:\/\/www.wspassau.de\/sonstiges\/100jahre\/wp-content\/uploads\/2013\/04\/Titellogo.jpg\" width=\"185\" height=\"75\" \/><\/a><\/p>\n<p>Im Laufe der Zeit \u00e4nderten sich die Standorte. Die Handelsvorschule wurde im ehemaligen Baugewerkschulgeb\u00e4ude, einem Anbau der Nikolaschule, untergebracht (1913-14). Nach Ausbruch des ersten Weltkrieges waren s\u00e4mtliche Schulen vom Milit\u00e4r belegt und es mussten kriegsbedingt andere R\u00e4ume ausfindig gemacht werden. So stellten die Museumsr\u00e4ume und <a title=\"Rathaus Dachstuben\" href=\"http:\/\/www.wspassau.de\/sonstiges\/100jahre\/wp-content\/uploads\/2013\/04\/Standort2_Altes-Rathaus.jpg\" target=\"_blank\">Dachstuben des Rathauses<\/a> eine Behelfsunterkunft dar (1914-18).<\/p>\n<p>Nach Kriegsende zog die Schule in das Gewerbeschulhaus, das fr\u00fchere <a title=\"Michaeligasse\" href=\"http:\/\/www.wspassau.de\/sonstiges\/100jahre\/wp-content\/uploads\/2013\/04\/Standort4_Stabi.jpg\" target=\"_blank\">Altstadtschulhaus in der Michaeligasse<\/a>. 1944 musste die Schule einem Lazarett weichen. Ein Saal im Geb\u00e4ude der <a href=\"http:\/\/www.wspassau.de\/sonstiges\/100jahre\/wp-content\/uploads\/2013\/04\/Standort3_Neumarkt.jpg\">Industrie- und Handelskammer<\/a>, Ludwigsstra\u00dfe 10, diente als Ersatzunterkunft, bis der Unterricht am 16. M\u00e4rz 1945 endg\u00fcltig eingestellt wurde. Nach zweij\u00e4hriger Pause konnte die Wirtschaftsaufbauschule am 2. Mai 1947 wieder ihre Tore \u00f6ffnen, und zwar in dem bereits fr\u00fcher genutzten Gewerbeschulhaus in der Michaeligasse, heute Staatliche Bibliothek. Da nun das Schuljahr im Juli schloss, fand nach einem Unterricht von zweieinhalb Monaten keine Versetzung statt, sondern die Sch\u00fcler blieben bis Juli 1948 in ihren Klassen.<\/p>\n<p>Die n\u00e4chste gr\u00f6\u00dfere Krise kam mit der trostlosen Finanzlage. So erhielten viele Lehrkr\u00e4fte im Mai 1949 vorsorglich die K\u00fcndigung. Doch mit Unterst\u00fctzung der Stadt konnte die Schule weitergef\u00fchrt werden. Die Raumfrage war weiter ein Thema. Schon l\u00e4nger trug man sich in der Stadtverwaltung mit dem Gedanken, die Wirtschaftsaufbauschule in einem eigenen Geb\u00e4ude unterzubringen. 1950 bezog die Schule das <a title=\"Hl.-Geist-Gasse\" href=\"http:\/\/www.wspassau.de\/sonstiges\/100jahre\/wp-content\/uploads\/2013\/04\/Standort5-Hl.Geistgasse.jpg\" target=\"_blank\">Geb\u00e4ude in der Hl.-Geist-Gasse 10<\/a>, das bis 1929 als Krankenhaus diente und in dem sp\u00e4ter Arbeitsamt, Wirtschaftsamt und andere Dienststellen untergebracht waren. Nun wurden die R\u00e4umlichkeiten f\u00fcr eine Schule umgebaut. Als Nebengeb\u00e4ude dienten die\u00a0<a title=\"Nikola\" href=\"http:\/\/www.wspassau.de\/sonstiges\/100jahre\/wp-content\/uploads\/2013\/04\/Standort1_Nikolaschule.jpg\" target=\"_blank\">Nikolahauptschule<\/a> und das <a title=\"Rotkreuzheim\" href=\"http:\/\/www.wspassau.de\/sonstiges\/100jahre\/wp-content\/uploads\/2013\/04\/Standort_Zeughaus-6.jpg\" target=\"_blank\">Rotk<\/a><a title=\"Rotkreuzheim\" href=\"http:\/\/www.wspassau.de\/sonstiges\/100jahre\/wp-content\/uploads\/2013\/04\/Standort_Zeughaus-6.jpg\" target=\"_blank\">reuzheim<\/a>, heute Zeughaus.<\/p>\n<p>Mit dem Bau des Schulzentrums an der<a title=\"Neuburger Str. 96\" href=\"http:\/\/www.wspassau.de\/sonstiges\/100jahre\/wp-content\/uploads\/2013\/04\/Standort6_Neuburger.jpg\" target=\"_blank\"> Neuburger Stra\u00dfe<\/a> fand die Schule 1971 ihren bis heute g\u00fcltigen Platz. Jetzt standen ausreichende Raumm\u00f6glichkeiten zur Verf\u00fcgung. War bis dahin die Wirtschaftsschule eine reine Knabenschule, so l\u00f6ste man nun die von den Englischen Fr\u00e4ulein gef\u00fchrte Handelsschule f\u00fcr M\u00e4dchen im <a title=\"Josefsheim\" href=\"http:\/\/www.wspassau.de\/sonstiges\/100jahre\/wp-content\/uploads\/2013\/04\/Standort6_2_Josefsheim.jpg\" target=\"_blank\">Josefsheim <\/a>auf und integrierte deren Sch\u00fclerinnen. In den Folgejahren stiegen die Sch\u00fclerzahlen rapide an.<\/p>\n<p>&nbsp;<\/p>\n<p><strong><code><strong><code><strong><code><strong><code><strong><code><strong><code><strong><code><strong><code><strong><code><strong><code><strong><code>[wowslider id=\"24\"]<\/code><\/strong><\/code><\/strong><\/code><\/strong><\/code><\/strong><\/code><\/strong><\/code><\/strong><\/code><\/strong><\/code><\/strong><\/code><\/strong><\/code><\/strong><\/code><\/strong><\/p>\n","protected":false},"excerpt":{"rendered":"<p>Im Laufe der Zeit \u00e4nderten sich die Standorte. Die Handelsvorschule wurde im ehemaligen Baugewerkschulgeb\u00e4ude, einem Anbau der Nikolaschule, untergebracht (1913-14). Nach Ausbruch des ersten Weltkrieges waren s\u00e4mtliche Schulen vom Milit\u00e4r belegt und es mussten kriegsbedingt andere R\u00e4ume ausfindig gemacht werden. So stellten die Museumsr\u00e4ume und Dachstuben des Rathauses eine Behelfsunterkunft dar (1914-18). Nach Kriegsende zog [&hellip;]<\/p>\n","protected":false},"author":2,"featured_media":0,"parent":91,"menu_order":2,"comment_status":"open","ping_status":"open","template":"","meta":{"footnotes":""},"_links":{"self":[{"href":"https:\/\/www.wspassau.de\/sonstiges\/100jahre\/wp-json\/wp\/v2\/pages\/100"}],"collection":[{"href":"https:\/\/www.wspassau.de\/sonstiges\/100jahre\/wp-json\/wp\/v2\/pages"}],"about":[{"href":"https:\/\/www.wspassau.de\/sonstiges\/100jahre\/wp-json\/wp\/v2\/types\/page"}],"author":[{"embeddable":true,"href":"https:\/\/www.wspassau.de\/sonstiges\/100jahre\/wp-json\/wp\/v2\/users\/2"}],"replies":[{"embeddable":true,"href":"https:\/\/www.wspassau.de\/sonstiges\/100jahre\/wp-json\/wp\/v2\/comments?post=100"}],"version-history":[{"count":90,"href":"https:\/\/www.wspassau.de\/sonstiges\/100jahre\/wp-json\/wp\/v2\/pages\/100\/revisions"}],"predecessor-version":[{"id":1459,"href":"https:\/\/www.wspassau.de\/sonstiges\/100jahre\/wp-json\/wp\/v2\/pages\/100\/revisions\/1459"}],"up":[{"embeddable":true,"href":"https:\/\/www.wspassau.de\/sonstiges\/100jahre\/wp-json\/wp\/v2\/pages\/91"}],"wp:attachment":[{"href":"https:\/\/www.wspassau.de\/sonstiges\/100jahre\/wp-json\/wp\/v2\/media?parent=100"}],"curies":[{"name":"wp","href":"https:\/\/api.w.org\/{rel}","templated":true}]}}