{"id":1000,"date":"2013-05-31T14:32:05","date_gmt":"2013-05-31T12:32:05","guid":{"rendered":"http:\/\/www.wspassau.de\/sonstiges\/100jahre\/?page_id=1000"},"modified":"2013-07-29T11:08:09","modified_gmt":"2013-07-29T09:08:09","slug":"gunter-zahn","status":"publish","type":"page","link":"https:\/\/www.wspassau.de\/sonstiges\/100jahre\/erinnerungen\/gunter-zahn\/","title":{"rendered":"G\u00fcnter Zahn"},"content":{"rendered":"<p><a href=\"http:\/\/www.wspassau.de\/sonstiges\/100jahre\/erinnerungen\/gunter-zahn\/olympische-spiele-72-in-muenchen\/\" rel=\"attachment wp-att-1002\"><img decoding=\"async\" loading=\"lazy\" class=\"size-full wp-image-1002 alignleft\" alt=\"Olympische Spiele 72 in Muenchen\" src=\"http:\/\/www.wspassau.de\/sonstiges\/100jahre\/wp-content\/uploads\/2013\/05\/Guenter_Zahn_Olympia.jpg\" width=\"185\" height=\"125\" srcset=\"https:\/\/www.wspassau.de\/sonstiges\/100jahre\/wp-content\/uploads\/2013\/05\/Guenter_Zahn_Olympia.jpg 850w, https:\/\/www.wspassau.de\/sonstiges\/100jahre\/wp-content\/uploads\/2013\/05\/Guenter_Zahn_Olympia-300x203.jpg 300w\" sizes=\"(max-width: 185px) 100vw, 185px\" \/><\/a><\/p>\n<p>Erfolgreicher Leichtathlet und Sch\u00fcler der Wirtschaftsschule Passau von September 1967 bis Juli 1971.<\/p>\n<p>Die Sportkarriere von G\u00fcnter Zahn begann 1970 beim 1. FC Passau. Im Jahr 1974 wechselte er zum<br \/>\nLAC Quelle F\u00fcrth. Insgesamt errang er in seiner sportlichen Laufbahn 23 deutsche und 32 bayerische<br \/>\nMeistertitel in den verschiedenen Altersklassen und Disziplinen.<\/p>\n<p>Bestzeiten: 5000 m 13:54 min., 10000 m 28:46 min., Marathon 2:15:29 h.<\/p>\n<p>&nbsp;<\/p>\n<p>Bei den Olympischen Sommerspielen 1972 in M\u00fcnchen war Zahn der Schlussl\u00e4ufer des Fackellaufs und entz\u00fcndete im Olympiastadion<br \/>\ndas Olympische Feuer. Zahn ist bis heute als Trainer bei der Leichtathletik Gemeinschaft Passau aktiv und gibt dort seine umfangreiche<br \/>\nErfahrung im Laufsport und sein Fachwissen an junge Athleten weiter. 16 deutsche Meistertitel von Einzell\u00e4ufern und 21 Team-Titel<br \/>\n\u201eseiner\u201c Sch\u00fctzlinge schlagen bis dato zu Buche.<\/p>\n<p>Am 13. April 2013 erhielt Zahn f\u00fcr hervorragende Verdienste um die F\u00f6rderung des Sports den Sportehrenbrief der Stadt Passau.<\/p>\n","protected":false},"excerpt":{"rendered":"<p>Erfolgreicher Leichtathlet und Sch\u00fcler der Wirtschaftsschule Passau von September 1967 bis Juli 1971. Die Sportkarriere von G\u00fcnter Zahn begann 1970 beim 1. FC Passau. Im Jahr 1974 wechselte er zum LAC Quelle F\u00fcrth. Insgesamt errang er in seiner sportlichen Laufbahn 23 deutsche und 32 bayerische Meistertitel in den verschiedenen Altersklassen und Disziplinen. Bestzeiten: 5000 m [&hellip;]<\/p>\n","protected":false},"author":2,"featured_media":0,"parent":236,"menu_order":7,"comment_status":"open","ping_status":"open","template":"","meta":{"footnotes":""},"_links":{"self":[{"href":"https:\/\/www.wspassau.de\/sonstiges\/100jahre\/wp-json\/wp\/v2\/pages\/1000"}],"collection":[{"href":"https:\/\/www.wspassau.de\/sonstiges\/100jahre\/wp-json\/wp\/v2\/pages"}],"about":[{"href":"https:\/\/www.wspassau.de\/sonstiges\/100jahre\/wp-json\/wp\/v2\/types\/page"}],"author":[{"embeddable":true,"href":"https:\/\/www.wspassau.de\/sonstiges\/100jahre\/wp-json\/wp\/v2\/users\/2"}],"replies":[{"embeddable":true,"href":"https:\/\/www.wspassau.de\/sonstiges\/100jahre\/wp-json\/wp\/v2\/comments?post=1000"}],"version-history":[{"count":10,"href":"https:\/\/www.wspassau.de\/sonstiges\/100jahre\/wp-json\/wp\/v2\/pages\/1000\/revisions"}],"predecessor-version":[{"id":1005,"href":"https:\/\/www.wspassau.de\/sonstiges\/100jahre\/wp-json\/wp\/v2\/pages\/1000\/revisions\/1005"}],"up":[{"embeddable":true,"href":"https:\/\/www.wspassau.de\/sonstiges\/100jahre\/wp-json\/wp\/v2\/pages\/236"}],"wp:attachment":[{"href":"https:\/\/www.wspassau.de\/sonstiges\/100jahre\/wp-json\/wp\/v2\/media?parent=1000"}],"curies":[{"name":"wp","href":"https:\/\/api.w.org\/{rel}","templated":true}]}}