{"id":1006,"date":"2013-05-31T14:33:52","date_gmt":"2013-05-31T12:33:52","guid":{"rendered":"http:\/\/www.wspassau.de\/sonstiges\/100jahre\/?page_id=1006"},"modified":"2013-08-27T12:16:28","modified_gmt":"2013-08-27T10:16:28","slug":"karl-synek","status":"publish","type":"page","link":"https:\/\/www.wspassau.de\/sonstiges\/100jahre\/erinnerungen\/karl-synek\/","title":{"rendered":"Karl Synek"},"content":{"rendered":"<p><a href=\"http:\/\/www.wspassau.de\/sonstiges\/100jahre\/erinnerungen\/karl-synek\/synek_karl\/\" rel=\"attachment wp-att-1009\"><img decoding=\"async\" loading=\"lazy\" class=\" wp-image-1009 alignright\" alt=\"Synek_Karl\" src=\"http:\/\/www.wspassau.de\/sonstiges\/100jahre\/wp-content\/uploads\/2013\/05\/Synek_Karl.jpg\" width=\"140\" height=\"200\" \/><\/a>Die Abschlusspr\u00fcfung im Jahre 1970 beendete meine Schulzeit an der damaligen Wirtschaftsaufbauschule<br \/>\nin der Hl.-Geistgasse, der jetzigen FOS. Es gibt scheinbar ein menschliches Gen, das manche Menschen wie<br \/>\nmich auch, vom Klassensprecher \u00fcber den Schulsprecher und schlie\u00dflich zum Stadtrat werden lassen.<\/p>\n<p>Die Klassengemeinschaft war mir immer sehr wichtig und sie war r\u00fcckblickend das sch\u00f6nste an der Schulzeit<br \/>\nin unserer Schule. Unvergessen sind mir die hitzigen &#8222;Fu\u00dfballspiele&#8220; w\u00e4hrend der Pause im Klassenzimmer.<br \/>\nMit einer zusammengetretenen Milcht\u00fcte spielten zwei Mannschaften zu je drei oder vier Sch\u00fclern auf die Tore<br \/>\nFensternische und Eingangst\u00fcre.<\/p>\n<p>Nach dem Unterricht fanden die so genannten &#8222;Zicke-Spiele&#8220; statt. Das war ein Tischfu\u00dfballspiel, das mit einem<br \/>\nKamm, vier Rei\u00dfn\u00e4geln (Tore), vier 10-Pfennigm\u00fcnzen (Spieler) und einer 1-Pfennigm\u00fcnze (Ball) auf den Tischen<br \/>\ngespielt wurde. Wenn wir vom &#8222;Scheiks&#8220; oder vom Hasen\u00f6hrl erwischt wurden, dann war das Geld weg.<\/p>\n<p>Als Klassensprecher musste ich dann f\u00fcr den Hasen\u00f6hrl immer in der benachbarten BayWa Vogelfutter kaufen und w\u00e4hrend<br \/>\ndes Unterrichts die Tauben im Hof f\u00fcttern. Bis auf die Schulaufgabenzeit war jeder Schultag eigentlich ein sch\u00f6ner Tag.<\/p>\n<p>Karl Synek<\/p>\n","protected":false},"excerpt":{"rendered":"<p>Die Abschlusspr\u00fcfung im Jahre 1970 beendete meine Schulzeit an der damaligen Wirtschaftsaufbauschule in der Hl.-Geistgasse, der jetzigen FOS. Es gibt scheinbar ein menschliches Gen, das manche Menschen wie mich auch, vom Klassensprecher \u00fcber den Schulsprecher und schlie\u00dflich zum Stadtrat werden lassen. Die Klassengemeinschaft war mir immer sehr wichtig und sie war r\u00fcckblickend das sch\u00f6nste an [&hellip;]<\/p>\n","protected":false},"author":2,"featured_media":0,"parent":236,"menu_order":8,"comment_status":"open","ping_status":"open","template":"","meta":{"footnotes":""},"_links":{"self":[{"href":"https:\/\/www.wspassau.de\/sonstiges\/100jahre\/wp-json\/wp\/v2\/pages\/1006"}],"collection":[{"href":"https:\/\/www.wspassau.de\/sonstiges\/100jahre\/wp-json\/wp\/v2\/pages"}],"about":[{"href":"https:\/\/www.wspassau.de\/sonstiges\/100jahre\/wp-json\/wp\/v2\/types\/page"}],"author":[{"embeddable":true,"href":"https:\/\/www.wspassau.de\/sonstiges\/100jahre\/wp-json\/wp\/v2\/users\/2"}],"replies":[{"embeddable":true,"href":"https:\/\/www.wspassau.de\/sonstiges\/100jahre\/wp-json\/wp\/v2\/comments?post=1006"}],"version-history":[{"count":8,"href":"https:\/\/www.wspassau.de\/sonstiges\/100jahre\/wp-json\/wp\/v2\/pages\/1006\/revisions"}],"predecessor-version":[{"id":1008,"href":"https:\/\/www.wspassau.de\/sonstiges\/100jahre\/wp-json\/wp\/v2\/pages\/1006\/revisions\/1008"}],"up":[{"embeddable":true,"href":"https:\/\/www.wspassau.de\/sonstiges\/100jahre\/wp-json\/wp\/v2\/pages\/236"}],"wp:attachment":[{"href":"https:\/\/www.wspassau.de\/sonstiges\/100jahre\/wp-json\/wp\/v2\/media?parent=1006"}],"curies":[{"name":"wp","href":"https:\/\/api.w.org\/{rel}","templated":true}]}}