{"id":1103,"date":"2013-06-18T10:12:21","date_gmt":"2013-06-18T08:12:21","guid":{"rendered":"http:\/\/www.wspassau.de\/sonstiges\/100jahre\/?page_id=1103"},"modified":"2013-08-27T12:18:04","modified_gmt":"2013-08-27T10:18:04","slug":"rudiger-akhotmee","status":"publish","type":"page","link":"https:\/\/www.wspassau.de\/sonstiges\/100jahre\/erinnerungen\/rudiger-akhotmee\/","title":{"rendered":"Prof. Dr. R\u00fcdiger Akhotmee"},"content":{"rendered":"<p><a href=\"http:\/\/www.wspassau.de\/sonstiges\/100jahre\/erinnerungen\/rudiger-akhotmee\/akhotmee\/\" rel=\"attachment wp-att-1102\"><img decoding=\"async\" loading=\"lazy\" class=\" wp-image-1102 alignright\" alt=\"Akhotmee\" src=\"http:\/\/www.wspassau.de\/sonstiges\/100jahre\/wp-content\/uploads\/2013\/06\/Akhotmee.jpg\" width=\"140\" height=\"185\" \/><\/a>Herr Professor Dr. Akhotmee lehrt an der Technischen Hochschule Deggendorf<br \/>\nu. a. Internationale Wirtschaftspolitik, Finanzdienstleistungsmanagement und Unternehmensf\u00fchrung.<\/p>\n<p>F\u00fcr uns Kinder vom Land war Passau in den 70er Jahren die gro\u00dfe, weite Welt. Der Schulweg war anstrengend,<br \/>\num 6 Uhr fr\u00fch aufstehen, um 18 Uhr abends nach Hause. Aber wir atmeten erstmals im Leben den Duft der<br \/>\nFreiheit und nicht nur tagein, tagaus den Duft des benachbarten b\u00e4uerlichen Misthaufens.<\/p>\n<p>Wir lernten mit 14, 15 Jahren eine Gro\u00dfstadt kennen, verliefen uns in den Gassen der Altstadt, wenn wir<br \/>\ndie Schule schw\u00e4nzten und schlossen Freundschaften mit Buben aus dem ganzen Landkreis.<br \/>\nDer Baumann Hermann aus Hutthurm hat mir die komplette Beatles-Sammlung auf 120er Kassetten geschenkt.<br \/>\nDas werde ich ihm nie verzeihen. Wir lernten sogar \u00d6sterreicher kennen, die hier nahe der Grenze eine Art Asyl<br \/>\ngew\u00e4hrt bekamen. Das waren wirklich wilde Hunde: Sex, Drugs and Rock\u00b4n Roll. Namen nenne ich hier keine,<br \/>\nobwohl sie alle vor meinem geistigen Auge tanzen und feiern. Uns Landpomeranzen blieb wirklich die Spucke weg.<\/p>\n<p>Ein erster Kuss mit Evi im Promenade-Kino, Sportfeste im Dreifl\u00fcsse-Stadion, Fu\u00dfballspiele mit dem Waas Herbert<br \/>\nauf dem gepflegten Rasen des ASG: grandiose und pr\u00e4gende Erfahrungen allesamt. Und nat\u00fcrlich herrlich skurrile<br \/>\nLehrertypen, f\u00fcr jeden Geschmack etwas: manchmal j\u00e4hzornig, beleidigend und fies, manchmal warmherzig,<br \/>\ngeduldig und inspirierend, aber immer zutiefst menschlich.<\/p>\n<p>Wenn ich heute so manchen uniformen, glattgeb\u00fcgelten und im Mainstream schwimmenden Kollegen betrachte,<br \/>\nsehne ich mich nach der anarchischen und herrlich lebensfreundlichen Zeit mit wahren Freunden und echten Lehrern<br \/>\nan der Wirtschaftsschule Passau zur\u00fcck.<\/p>\n","protected":false},"excerpt":{"rendered":"<p>Herr Professor Dr. Akhotmee lehrt an der Technischen Hochschule Deggendorf u. a. Internationale Wirtschaftspolitik, Finanzdienstleistungsmanagement und Unternehmensf\u00fchrung. F\u00fcr uns Kinder vom Land war Passau in den 70er Jahren die gro\u00dfe, weite Welt. Der Schulweg war anstrengend, um 6 Uhr fr\u00fch aufstehen, um 18 Uhr abends nach Hause. Aber wir atmeten erstmals im Leben den Duft [&hellip;]<\/p>\n","protected":false},"author":2,"featured_media":0,"parent":236,"menu_order":9,"comment_status":"open","ping_status":"open","template":"","meta":{"footnotes":""},"_links":{"self":[{"href":"https:\/\/www.wspassau.de\/sonstiges\/100jahre\/wp-json\/wp\/v2\/pages\/1103"}],"collection":[{"href":"https:\/\/www.wspassau.de\/sonstiges\/100jahre\/wp-json\/wp\/v2\/pages"}],"about":[{"href":"https:\/\/www.wspassau.de\/sonstiges\/100jahre\/wp-json\/wp\/v2\/types\/page"}],"author":[{"embeddable":true,"href":"https:\/\/www.wspassau.de\/sonstiges\/100jahre\/wp-json\/wp\/v2\/users\/2"}],"replies":[{"embeddable":true,"href":"https:\/\/www.wspassau.de\/sonstiges\/100jahre\/wp-json\/wp\/v2\/comments?post=1103"}],"version-history":[{"count":13,"href":"https:\/\/www.wspassau.de\/sonstiges\/100jahre\/wp-json\/wp\/v2\/pages\/1103\/revisions"}],"predecessor-version":[{"id":1536,"href":"https:\/\/www.wspassau.de\/sonstiges\/100jahre\/wp-json\/wp\/v2\/pages\/1103\/revisions\/1536"}],"up":[{"embeddable":true,"href":"https:\/\/www.wspassau.de\/sonstiges\/100jahre\/wp-json\/wp\/v2\/pages\/236"}],"wp:attachment":[{"href":"https:\/\/www.wspassau.de\/sonstiges\/100jahre\/wp-json\/wp\/v2\/media?parent=1103"}],"curies":[{"name":"wp","href":"https:\/\/api.w.org\/{rel}","templated":true}]}}