{"id":1215,"date":"2013-06-24T09:59:15","date_gmt":"2013-06-24T07:59:15","guid":{"rendered":"http:\/\/www.wspassau.de\/sonstiges\/100jahre\/?page_id=1215"},"modified":"2013-09-22T11:21:17","modified_gmt":"2013-09-22T09:21:17","slug":"gustav-huber","status":"publish","type":"page","link":"https:\/\/www.wspassau.de\/sonstiges\/100jahre\/grusworte\/gustav-huber\/","title":{"rendered":"Gustav Huber"},"content":{"rendered":"<figure id=\"attachment_1218\" aria-describedby=\"caption-attachment-1218\" style=\"width: 163px\" class=\"wp-caption alignleft\"><a href=\"http:\/\/www.wspassau.de\/sonstiges\/100jahre\/grusworte\/gustav-huber\/schoenbuchner_huber\/\" rel=\"attachment wp-att-1218\"><img decoding=\"async\" loading=\"lazy\" class=\"size-full wp-image-1218  \" alt=\"Schoenbuchner_Huber\" src=\"http:\/\/www.wspassau.de\/sonstiges\/100jahre\/wp-content\/uploads\/2013\/06\/Schoenbuchner_Huber.jpg\" width=\"163\" height=\"117\" srcset=\"https:\/\/www.wspassau.de\/sonstiges\/100jahre\/wp-content\/uploads\/2013\/06\/Schoenbuchner_Huber.jpg 510w, https:\/\/www.wspassau.de\/sonstiges\/100jahre\/wp-content\/uploads\/2013\/06\/Schoenbuchner_Huber-300x216.jpg 300w\" sizes=\"(max-width: 163px) 100vw, 163px\" \/><\/a><figcaption id=\"caption-attachment-1218\" class=\"wp-caption-text\">v.l.n.r.: Schulleiter Dieter Sch\u00f6nbuchner und<br \/>StD a. D. Gustav Huber, stellvertretender Schulleiter von 2007 bis 2011.<\/figcaption><\/figure>\n<h2 style=\"text-align: center;\">Gru\u00dfwort des ehemaligen stellvertretenden Schulleiters<\/h2>\n<h2 style=\"text-align: center;\">Gustav Huber<\/h2>\n<p>&nbsp;<\/p>\n<p>Im Jahre 1913 beschloss die K\u00f6niglich Bayerische Stadt Passau, vertreten durch die beiden Gremien Stadtmagistrat und Gemeindekollegium, eine St\u00e4dtische Handelsvorschule Passau ins Leben zu rufen mit dem Ziel, den kaufm\u00e4nnischen Nachwuchs auf seine T\u00e4tigkeit vorzubreiten. So sehr dieser historisch weitsichtige Beschluss der Passauer Stadtv\u00e4ter heute noch bewundert werden darf, so wenig konnte damals jemand vorhersehen, wie sich das berufliche Schulwesen und diese Schule im Speziellen weiter entwickeln w\u00fcrden.<\/p>\n<p>Schon die historischen Begriffe verweisen darauf, dass sich die Zeitumst\u00e4nde ver\u00e4ndert haben \u2013 und die heutige Schule in \u00e4hnlicher Weise einen markanten Wandel durchlebt hat. Die Wirtschaftsschule Passau ist alt und hat eine ehrw\u00fcrdige Geschichte, aber sie ist nicht veraltet \u2013 im Gegenteil: Sie war und ist modern und immer am Puls der Zeit, indem sie sich den Herausforderungen gestellt und den jeweiligen Bed\u00fcrfnissen angeglichen hat. Dies gilt f\u00fcr die stetige inhaltliche Anpassung der Lehrpl\u00e4ne an neue Gegebenheiten und Anforderungen, ebenso f\u00fcr die ausgewiesen hervorragende Ausstattung mit modernen Unterrichtsmitteln und nicht zuletzt f\u00fcr den Einsatz fundiert ausgebildeter Lehrkr\u00e4fte, die durch Fort- und Weiterbildung die fachlich erforderliche Kompetenz gew\u00e4hrleisten. All dies tr\u00e4gt zur hohen Qualit\u00e4t der schulischen Ausbildung als Markenzeichen dieser Schulart bei. Diese wird mit der Differenzierung ihrer Angebote den unterschiedlichen Vorlieben und F\u00e4higkeiten ihrer Sch\u00fcler ebenso gerecht wie sie sich mit ihren strukturellen Weiterentwicklungen den vielf\u00e4ltigen jeweiligen beruflichen und sozialen Herausforderungen der Zeitumst\u00e4nde stellt.<\/p>\n<p>Die Staatliche Wirtschaftsschule Passau ist eine der \u00e4ltesten Schulen ihrer Art in Bayern. Die urspr\u00fcnglich kommunale Schule wurde 1966 als eine der ersten Wirtschaftsschulen vom Freistaat Bayern \u00fcbernommen und untersteht seitdem unmittelbar der Regierung von Niederbayern. Die Schule konnte sich entfalten, nimmt seit 1971 auch M\u00e4dchen auf und verf\u00fcgt auch heute noch trotz der Vielzahl der neu entstandenen Realschulen im Umkreis und weiterer staatlicher Wirtschaftsschulen in Niederbayern \u00fcber eine hohe Sch\u00fclerzahl. Konstant geblieben ist das Einzugsgebiet, das deutlich \u00fcber die Stadt und den Landkreis Passau hinausgreift und weit in den Bayerischen Wald und ins Rottal hinein reicht; gleich geblieben ist aber auch die Anerkennung und Wertsch\u00e4tzung bei den Eltern und bei den Abnehmern in der Wirtschaft.<\/p>\n<p>Die Wirtschaftsschule ist seit jeher erfolgreicher, gefragter \u201eLieferant\u201c f\u00fcr Unternehmen und f\u00fcr Verwaltung. Viele herausragende berufliche Karrieren und exponierte Laufbahnen dokumentieren dies und bezeugen die unleugbare Qualit\u00e4t der erworbenen Ausbildung. Beruflicher Grundbildung kommt neben der ebenso vermittelten Allgemeinbildung eine immer gr\u00f6\u00dfere Bedeutung zu. Einerseits nimmt die berufliche Bildung einen stetig st\u00e4rker ansteigenden Stellenwert ein, was selbst bei dem Anteil der Hochschulabsolventen zum Ausdruck kommt, von denen inzwischen fast die H\u00e4lfte den Weg \u00fcber das berufliche Schulwesen nimmt. Andererseits sind die Absolventen des Berufsschulwesens bestens geeignet, den absehbaren Mangel an Fachkr\u00e4ften im kaufm\u00e4nnischen Berufsbereich zu kompensieren &#8211; speziell die Wirtschaftssch\u00fcler sind geradezu pr\u00e4destiniert daf\u00fcr, die Knappheit an Kaufleuten, die ab 2020 prognostiziert wird, auszugleichen.<\/p>\n<p>Die Bildungslandschaft hat sich gravierend ver\u00e4ndert. So gibt es derzeit in Bayern nicht weniger als 27 M\u00f6glichkeiten den Mittleren Bildungsabschluss zu erreichen, und der l\u00e4ngst wahrnehmbare Sch\u00fclerr\u00fcckgang wird die Konkurrenz zwischen den Schulen noch verst\u00e4rken. Ein Stillstand w\u00e4re hier ein R\u00fcckschritt. Die Antwort auf diesen Wettbewerb kann nur lauten: hohe und h\u00f6chste Qualit\u00e4t in der schulischen Ausbildung.<\/p>\n<p>Es ist erfreulich zu wissen, dass die Wirtschaftsschule Passau in dieser Hinsicht auf einem sehr guten Weg ist und sich mit vielf\u00e4ltigen Ma\u00dfnahmen zukunftsf\u00e4hig erweisen wird. Ihr Status als Projektschule f\u00fcr \u00f6konomische Verbraucherbildung, als Referenzschule f\u00fcr Medienbildung und als Schule ohne Rassismus garantiert \u00fcberdurchschnittlichen wirtschaftlichen Sachverstand, eine hohe EDV-Kompetenz und ein ausgepr\u00e4gtes soziales Bewusstsein. Die Einf\u00fchrung des Qualit\u00e4tsmanagements f\u00fcr berufliche Schulen tr\u00e4gt Sorge daf\u00fcr, dass dies einerseits so bleiben soll und die Schule andererseits dennoch f\u00fcr den unabl\u00e4ssigen Wandel ger\u00fcstet wird.<\/p>\n<p>So nehme ich das hundertj\u00e4hrige Jubil\u00e4um der Staatlichen Wirtschaftsschule Passau gerne zum Anlass, herzlich zu gratulieren. Ich w\u00fcnsche der Staatlichen Wirtschaftsschule Passau, dass sie weiterhin Tradition und Fortschritt bruchlos zu verbinden wei\u00df und auch in der Zukunft ihren Bildungs- und Erziehungsauftrag so erfolgreich erf\u00fcllen und zum Wohle der Jugend f\u00f6rderlich wirken kann.<\/p>\n<p>Gustav Huber<\/p>\n","protected":false},"excerpt":{"rendered":"<p>Gru\u00dfwort des ehemaligen stellvertretenden Schulleiters Gustav Huber &nbsp; Im Jahre 1913 beschloss die K\u00f6niglich Bayerische Stadt Passau, vertreten durch die beiden Gremien Stadtmagistrat und Gemeindekollegium, eine St\u00e4dtische Handelsvorschule Passau ins Leben zu rufen mit dem Ziel, den kaufm\u00e4nnischen Nachwuchs auf seine T\u00e4tigkeit vorzubreiten. So sehr dieser historisch weitsichtige Beschluss der Passauer Stadtv\u00e4ter heute noch bewundert [&hellip;]<\/p>\n","protected":false},"author":2,"featured_media":0,"parent":63,"menu_order":6,"comment_status":"open","ping_status":"open","template":"","meta":{"footnotes":""},"_links":{"self":[{"href":"https:\/\/www.wspassau.de\/sonstiges\/100jahre\/wp-json\/wp\/v2\/pages\/1215"}],"collection":[{"href":"https:\/\/www.wspassau.de\/sonstiges\/100jahre\/wp-json\/wp\/v2\/pages"}],"about":[{"href":"https:\/\/www.wspassau.de\/sonstiges\/100jahre\/wp-json\/wp\/v2\/types\/page"}],"author":[{"embeddable":true,"href":"https:\/\/www.wspassau.de\/sonstiges\/100jahre\/wp-json\/wp\/v2\/users\/2"}],"replies":[{"embeddable":true,"href":"https:\/\/www.wspassau.de\/sonstiges\/100jahre\/wp-json\/wp\/v2\/comments?post=1215"}],"version-history":[{"count":15,"href":"https:\/\/www.wspassau.de\/sonstiges\/100jahre\/wp-json\/wp\/v2\/pages\/1215\/revisions"}],"predecessor-version":[{"id":1665,"href":"https:\/\/www.wspassau.de\/sonstiges\/100jahre\/wp-json\/wp\/v2\/pages\/1215\/revisions\/1665"}],"up":[{"embeddable":true,"href":"https:\/\/www.wspassau.de\/sonstiges\/100jahre\/wp-json\/wp\/v2\/pages\/63"}],"wp:attachment":[{"href":"https:\/\/www.wspassau.de\/sonstiges\/100jahre\/wp-json\/wp\/v2\/media?parent=1215"}],"curies":[{"name":"wp","href":"https:\/\/api.w.org\/{rel}","templated":true}]}}