{"id":1644,"date":"2013-09-06T10:18:06","date_gmt":"2013-09-06T08:18:06","guid":{"rendered":"http:\/\/www.wspassau.de\/sonstiges\/100jahre\/?page_id=1644"},"modified":"2013-10-04T13:46:04","modified_gmt":"2013-10-04T11:46:04","slug":"tag-der-offenen-tur","status":"publish","type":"page","link":"https:\/\/www.wspassau.de\/sonstiges\/100jahre\/schule-mehr\/highlights\/tag-der-offenen-tur\/","title":{"rendered":"Tag der offenen T\u00fcr"},"content":{"rendered":"<p><a href=\"http:\/\/www.wspassau.de\/sonstiges\/100jahre\/schule-mehr\/highlights\/tag-der-offenen-tur\/tdot_logo\/\" rel=\"attachment wp-att-1645\"><img decoding=\"async\" loading=\"lazy\" class=\" wp-image-1645 alignleft\" alt=\"TdoT_Logo\" src=\"http:\/\/www.wspassau.de\/sonstiges\/100jahre\/wp-content\/uploads\/2013\/09\/TdoT_Logo.jpg\" width=\"120\" height=\"90\" \/><\/a><\/p>\n<p>Einen der H\u00f6hepunkte des Schuljahres stellt der Tag der offenen T\u00fcr dar. An diesem Tag erhalten die Besucher, insbesondere Eltern und Kinder, die sich f\u00fcr unsere Schule interessieren, einen Einblick in den Schulalltag.<\/p>\n<p>So informiert unser Beratungslehrer, Herr Bosanyi, \u00fcber das \u00dcbertrittsverfahren und die Eignungskriterien f\u00fcr die zwei- und vierstufige Wirtschaftsschule.<\/p>\n<p>Verschiedene Veranstaltungen vermitteln einen Vorgeschmack \u00fcber die Anforderungen und Inhalte einzelner F\u00e4cher. Aber auch Kurioses gibt es zu bestaunen, wie z. B. die &#8222;gl\u00fchende Gurke&#8220;, die Herr Pangratz mit Hilfe von Strom zum Leuchten bringt.<\/p>\n<p>Schlie\u00dflich ist an diesem Tag nat\u00fcrlich auch f\u00fcr das leibliche Wohl der G\u00e4ste gesorgt. Die SMV versorgt die Besucher in bew\u00e4hrter Manier mit Kaffee und Kuchen sowie anderen kulinarischen K\u00f6stlichkeiten.<\/p>\n<p>Machen Sie sich ein Bild und besuchen Sie uns beim n\u00e4chsten Tag der offenen T\u00fcr!<\/p>\n<p>[nggallery id=10]<\/p>\n<p>&nbsp;<\/p>\n","protected":false},"excerpt":{"rendered":"<p>Einen der H\u00f6hepunkte des Schuljahres stellt der Tag der offenen T\u00fcr dar. An diesem Tag erhalten die Besucher, insbesondere Eltern und Kinder, die sich f\u00fcr unsere Schule interessieren, einen Einblick in den Schulalltag. So informiert unser Beratungslehrer, Herr Bosanyi, \u00fcber das \u00dcbertrittsverfahren und die Eignungskriterien f\u00fcr die zwei- und vierstufige Wirtschaftsschule. Verschiedene Veranstaltungen vermitteln einen [&hellip;]<\/p>\n","protected":false},"author":2,"featured_media":0,"parent":219,"menu_order":4,"comment_status":"open","ping_status":"open","template":"","meta":{"footnotes":""},"_links":{"self":[{"href":"https:\/\/www.wspassau.de\/sonstiges\/100jahre\/wp-json\/wp\/v2\/pages\/1644"}],"collection":[{"href":"https:\/\/www.wspassau.de\/sonstiges\/100jahre\/wp-json\/wp\/v2\/pages"}],"about":[{"href":"https:\/\/www.wspassau.de\/sonstiges\/100jahre\/wp-json\/wp\/v2\/types\/page"}],"author":[{"embeddable":true,"href":"https:\/\/www.wspassau.de\/sonstiges\/100jahre\/wp-json\/wp\/v2\/users\/2"}],"replies":[{"embeddable":true,"href":"https:\/\/www.wspassau.de\/sonstiges\/100jahre\/wp-json\/wp\/v2\/comments?post=1644"}],"version-history":[{"count":8,"href":"https:\/\/www.wspassau.de\/sonstiges\/100jahre\/wp-json\/wp\/v2\/pages\/1644\/revisions"}],"predecessor-version":[{"id":1648,"href":"https:\/\/www.wspassau.de\/sonstiges\/100jahre\/wp-json\/wp\/v2\/pages\/1644\/revisions\/1648"}],"up":[{"embeddable":true,"href":"https:\/\/www.wspassau.de\/sonstiges\/100jahre\/wp-json\/wp\/v2\/pages\/219"}],"wp:attachment":[{"href":"https:\/\/www.wspassau.de\/sonstiges\/100jahre\/wp-json\/wp\/v2\/media?parent=1644"}],"curies":[{"name":"wp","href":"https:\/\/api.w.org\/{rel}","templated":true}]}}