{"id":1672,"date":"2013-09-22T11:25:21","date_gmt":"2013-09-22T09:25:21","guid":{"rendered":"http:\/\/www.wspassau.de\/sonstiges\/100jahre\/?page_id=1672"},"modified":"2013-09-22T11:42:07","modified_gmt":"2013-09-22T09:42:07","slug":"kultusminister","status":"publish","type":"page","link":"https:\/\/www.wspassau.de\/sonstiges\/100jahre\/grusworte\/kultusminister\/","title":{"rendered":"Kultusminister"},"content":{"rendered":"<h2 style=\"text-align: center;\"><a href=\"http:\/\/www.wspassau.de\/sonstiges\/100jahre\/grusworte\/kultusminister\/spaenle\/\" rel=\"attachment wp-att-1674\"><img decoding=\"async\" loading=\"lazy\" class=\" wp-image-1674 alignleft\" alt=\"Spaenle\" src=\"http:\/\/www.wspassau.de\/sonstiges\/100jahre\/wp-content\/uploads\/2013\/09\/Spaenle.jpg\" width=\"120\" height=\"150\" srcset=\"https:\/\/www.wspassau.de\/sonstiges\/100jahre\/wp-content\/uploads\/2013\/09\/Spaenle.jpg 476w, https:\/\/www.wspassau.de\/sonstiges\/100jahre\/wp-content\/uploads\/2013\/09\/Spaenle-238x300.jpg 238w\" sizes=\"(max-width: 120px) 100vw, 120px\" \/><\/a>Gru\u00dfwort des Bayerischen Staatsministers f\u00fcr Unterricht und Kultus, Dr. Ludwig Spaenle, anl\u00e4sslich des 100-j\u00e4hrigen Jubil\u00e4ums der Staatlichen Wirtschaftsschule Passau<\/h2>\n<p>&nbsp;<\/p>\n<p>&nbsp;<\/p>\n<p>&nbsp;<\/p>\n<p><em>\u201eSag es mir \u2013 und ich werde es vergessen. Zeige es mir \u2013 und ich werde mich daran erinnern. Beteilige mich \u2013 und ich werde es verstehen!<\/em><\/p>\n<p>Diese Weisheit des chinesischen Philosophen Laozi bringt eine wichtige p\u00e4dagogische Maxime auf den Punkt. Sie lautet: Nachhaltige Lernergebnisse werden nur erzielt, wenn Kopf- und Handarbeit der Sch\u00fclerinnen und Sch\u00fcler in einem ausgewogenen Verh\u00e4ltnis zueinander stehen. Die bayerische Wirtschaftsschule gr\u00fcndet ihren Erfolg auf diesem p\u00e4dagogischen Anspruch, dem sie seit jeher ausgezeichnet gerecht wird.<\/p>\n<p>Die Staatliche Wirtschaftsschule Passau verbindet jedoch nicht nur Theorie und Praxis, sondern \u00fcberdies auch Tradition und Moderne. Ihre Wurzeln reichen bis ins Jahr 1913 zur\u00fcck, als die zust\u00e4ndigen Gremien der Stadt Passau die zun\u00e4chst einj\u00e4hrige \u201eSt\u00e4dtische Handelsvorschule\u201c gr\u00fcndeten. Ausschlaggebend daf\u00fcr waren die langj\u00e4hrigen Bem\u00fchungen des Oberlehrers Wilhelm Leidl sowie des B\u00fcrgermeisters Josef Muggenthaler. Beide erkannten fr\u00fchzeitig die gro\u00dfe Nachfrage nach einem kaufm\u00e4nnisch orientierten Bildungsangebot. F\u00fcr 34 ausschlie\u00dflich m\u00e4nnliche Sch\u00fcler im ersten Jahrgang war dies der Startschuss f\u00fcr eine kaufm\u00e4nnisch orientierte Schulbildung.<\/p>\n<p>Vieles hat sich im Verlauf der vergangenen 100 Jahre ver\u00e4ndert: Tr\u00e4gerschaft und Name der Schule, das Unterrichtsangebot, die r\u00e4umliche Unterbringung und nicht zuletzt die Anzahl der Sch\u00fcler. Heute stellt die Staatliche Wirtschaftsschule Passau unter den zahlreichen Schulen der Dreifl\u00fcssestadt und ihrer Region eine feste Gr\u00f6\u00dfe dar und genie\u00dft hohes Ansehen. Sie ist Lern- und Lebensraum f\u00fcr mittlerweile 430 Sch\u00fclerinnen und Sch\u00fcler.<\/p>\n<p>Die bayerische Wirtschaftsschule steht im 21. Jahrhundert wie alle anderen Schularten vor der Aufgabe, ihr Bildungsangebot kontinuierlich an die sich wandelnden gesellschaftlichen und wirtschaftlichen Rahmenbedingungen anzupassen. Gelingen kann dies besonders dann, wenn in Schule und Unterricht eine Atmosph\u00e4re des Vertrauens und Verstehens geschaffen wird, die gewinnbringendes Unterrichten erst m\u00f6glich macht. Die Staatliche Wirtschaftsschule Passau bietet hierf\u00fcr beste Voraussetzungen. Die vielen schulischen und au\u00dferschulischen Angebote wie z. B. Schulfahrten, Projekte, Ausstellungen und vieles mehr zeugen von einem lebendigen Schulleben.<\/p>\n<p>Dies wird auch durch zahlreiche Auszeichnungen und Preise belegt: So konnten Sch\u00fclerinnen und Sch\u00fcler der Staatlichen Wirtschaftsschule Passau im laufenden Schuljahr im Rahmen des Englischwettbewerbs \u201eThe Big Challenge\u201c und beim Bundesjugendschreiben hervorragende Platzierungen erzielen. Gleiches gilt f\u00fcr den Sch\u00fclerlandeswettbewerb \u201eErinnerungszeichen\u201c zum Thema \u201eBayern und seine Nachbarn\u201c: Hier konnte sich ein Projektteam der Wirtschaftsschule Passau \u00fcber einen Spitzenrang freuen und bei der Preisverleihung im Bayerischen Landtag eine Auszeichnung entgegennehmen.<\/p>\n<p>Ich gratuliere der Schulgemeinschaft der Staatlichen Wirtschaftsschule Passau herzlich zu all dem, was sie gemeinsam aufgebaut hat. Der Schulleitung und dem Kollegium w\u00fcnsche ich weiterhin eine gl\u00fcckliche Hand bei der Erziehungs- und Unterrichtsarbeit, den Sch\u00fclerinnen und Sch\u00fclern viel Freude, Erfolg und unvergessliche Momente w\u00e4hrend ihrer Zeit an der Wirtschaftsschule Passau.<\/p>\n<p>M\u00fcnchen, im August 2013<\/p>\n<p>Dr. Ludwig Spaenle<br \/>\nBayerischer Staatsminister f\u00fcr Unterricht und Kultus<\/p>\n","protected":false},"excerpt":{"rendered":"<p>Gru\u00dfwort des Bayerischen Staatsministers f\u00fcr Unterricht und Kultus, Dr. Ludwig Spaenle, anl\u00e4sslich des 100-j\u00e4hrigen Jubil\u00e4ums der Staatlichen Wirtschaftsschule Passau &nbsp; &nbsp; &nbsp; \u201eSag es mir \u2013 und ich werde es vergessen. Zeige es mir \u2013 und ich werde mich daran erinnern. Beteilige mich \u2013 und ich werde es verstehen! Diese Weisheit des chinesischen Philosophen Laozi [&hellip;]<\/p>\n","protected":false},"author":2,"featured_media":0,"parent":63,"menu_order":0,"comment_status":"open","ping_status":"open","template":"","meta":{"footnotes":""},"_links":{"self":[{"href":"https:\/\/www.wspassau.de\/sonstiges\/100jahre\/wp-json\/wp\/v2\/pages\/1672"}],"collection":[{"href":"https:\/\/www.wspassau.de\/sonstiges\/100jahre\/wp-json\/wp\/v2\/pages"}],"about":[{"href":"https:\/\/www.wspassau.de\/sonstiges\/100jahre\/wp-json\/wp\/v2\/types\/page"}],"author":[{"embeddable":true,"href":"https:\/\/www.wspassau.de\/sonstiges\/100jahre\/wp-json\/wp\/v2\/users\/2"}],"replies":[{"embeddable":true,"href":"https:\/\/www.wspassau.de\/sonstiges\/100jahre\/wp-json\/wp\/v2\/comments?post=1672"}],"version-history":[{"count":18,"href":"https:\/\/www.wspassau.de\/sonstiges\/100jahre\/wp-json\/wp\/v2\/pages\/1672\/revisions"}],"predecessor-version":[{"id":1675,"href":"https:\/\/www.wspassau.de\/sonstiges\/100jahre\/wp-json\/wp\/v2\/pages\/1672\/revisions\/1675"}],"up":[{"embeddable":true,"href":"https:\/\/www.wspassau.de\/sonstiges\/100jahre\/wp-json\/wp\/v2\/pages\/63"}],"wp:attachment":[{"href":"https:\/\/www.wspassau.de\/sonstiges\/100jahre\/wp-json\/wp\/v2\/media?parent=1672"}],"curies":[{"name":"wp","href":"https:\/\/api.w.org\/{rel}","templated":true}]}}