{"id":1709,"date":"2013-09-30T15:45:15","date_gmt":"2013-09-30T13:45:15","guid":{"rendered":"http:\/\/www.wspassau.de\/sonstiges\/100jahre\/?page_id=1709"},"modified":"2013-09-30T16:50:20","modified_gmt":"2013-09-30T14:50:20","slug":"fotogalerie","status":"publish","type":"page","link":"https:\/\/www.wspassau.de\/sonstiges\/100jahre\/fotogalerie\/","title":{"rendered":"Fotogalerie"},"content":{"rendered":"<h4 style=\"text-align: center;\"><a href=\"http:\/\/www.wspassau.de\/sonstiges\/100jahre\/fotogalerie\/galerie_logo\/\" rel=\"attachment wp-att-1712\"><img decoding=\"async\" loading=\"lazy\" class=\" wp-image-1712 alignleft\" alt=\"Galerie_Logo\" src=\"http:\/\/www.wspassau.de\/sonstiges\/100jahre\/wp-content\/uploads\/2013\/09\/Galerie_Logo.jpg\" width=\"70\" height=\"85\" \/><\/a>Hier k\u00f6nnten auch Ihre Bilder zu sehen sein!<\/h4>\n<p>Auf dieser Seite soll eine Fotogalerie mit den Erinnerungen ehemaliger Sch\u00fcler, Lehrer, Eltern, Angestellter oder sonstiger mit der Staatlichen Wirtschaftsschule Passau verbundenen Personen entstehen. Schicken Sie uns einfach Ihre Fotos an folgende E-Mail Adresse: <a href=\"mailto: sekretariat@wirtschaftsschule-passau.de\">sekretariat@wirtschaftsschule-passau.de<\/a>.<\/p>\n<p>Mit der Zusendung Ihrer Fotos erkl\u00e4ren Sie sich damit einverstanden, dass sie auf dieser Seite ver\u00f6ffentlicht werden d\u00fcrfen und keine Rechte Dritter an den Bildern bestehen. Wir freuen uns jetzt schon herzlich auf Ihre Erinnerungsst\u00fccke.<\/p>\n<p>[nggallery id=11]<\/p>\n","protected":false},"excerpt":{"rendered":"<p>Hier k\u00f6nnten auch Ihre Bilder zu sehen sein! Auf dieser Seite soll eine Fotogalerie mit den Erinnerungen ehemaliger Sch\u00fcler, Lehrer, Eltern, Angestellter oder sonstiger mit der Staatlichen Wirtschaftsschule Passau verbundenen Personen entstehen. Schicken Sie uns einfach Ihre Fotos an folgende E-Mail Adresse: sekretariat@wirtschaftsschule-passau.de. Mit der Zusendung Ihrer Fotos erkl\u00e4ren Sie sich damit einverstanden, dass sie [&hellip;]<\/p>\n","protected":false},"author":2,"featured_media":0,"parent":0,"menu_order":7,"comment_status":"open","ping_status":"open","template":"","meta":{"footnotes":""},"_links":{"self":[{"href":"https:\/\/www.wspassau.de\/sonstiges\/100jahre\/wp-json\/wp\/v2\/pages\/1709"}],"collection":[{"href":"https:\/\/www.wspassau.de\/sonstiges\/100jahre\/wp-json\/wp\/v2\/pages"}],"about":[{"href":"https:\/\/www.wspassau.de\/sonstiges\/100jahre\/wp-json\/wp\/v2\/types\/page"}],"author":[{"embeddable":true,"href":"https:\/\/www.wspassau.de\/sonstiges\/100jahre\/wp-json\/wp\/v2\/users\/2"}],"replies":[{"embeddable":true,"href":"https:\/\/www.wspassau.de\/sonstiges\/100jahre\/wp-json\/wp\/v2\/comments?post=1709"}],"version-history":[{"count":30,"href":"https:\/\/www.wspassau.de\/sonstiges\/100jahre\/wp-json\/wp\/v2\/pages\/1709\/revisions"}],"predecessor-version":[{"id":1713,"href":"https:\/\/www.wspassau.de\/sonstiges\/100jahre\/wp-json\/wp\/v2\/pages\/1709\/revisions\/1713"}],"wp:attachment":[{"href":"https:\/\/www.wspassau.de\/sonstiges\/100jahre\/wp-json\/wp\/v2\/media?parent=1709"}],"curies":[{"name":"wp","href":"https:\/\/api.w.org\/{rel}","templated":true}]}}