{"id":177,"date":"2013-04-03T14:51:01","date_gmt":"2013-04-03T12:51:01","guid":{"rendered":"http:\/\/www.wspassau.de\/sonstiges\/100jahre\/?page_id=177"},"modified":"2013-08-27T11:46:00","modified_gmt":"2013-08-27T09:46:00","slug":"schulleiter","status":"publish","type":"page","link":"https:\/\/www.wspassau.de\/sonstiges\/100jahre\/geschichte\/schulleiter\/","title":{"rendered":"Schulleiter"},"content":{"rendered":"<p>Ein Wechsel vollzog sich auch bei den Schulleitern. Initiiert hatte die Einf\u00fchrung der Handelsvorschule Oberlehrer Leidl, der auch erster Schulleiter wurde. Hier eine Auflistung der f\u00fchrenden K\u00f6pfe unserer Schule:<\/p>\n<p><a href=\"http:\/\/www.wspassau.de\/sonstiges\/100jahre\/geschichte\/schulleiter\/stadtschulrat_w_leidl_1913-1934\/\" rel=\"attachment wp-att-399\"><img decoding=\"async\" loading=\"lazy\" class=\"alignleft size-thumbnail wp-image-399\" alt=\"Stadtschulrat_W_Leidl_1913-1934\" src=\"http:\/\/www.wspassau.de\/sonstiges\/100jahre\/wp-content\/uploads\/2013\/04\/Stadtschulrat_W_Leidl_1913-1934-150x150.jpg\" width=\"75\" height=\"75\" \/><\/a><\/p>\n<p>&nbsp;<\/p>\n<p>Stadtschulrat Wilhelm Leidl (1913 &#8211; 1934)<\/p>\n<p>&nbsp;<\/p>\n<p>&nbsp;<\/p>\n<p><a href=\"http:\/\/www.wspassau.de\/sonstiges\/100jahre\/geschichte\/schulleiter\/ostr_-f_scheigele_1934-1945\/\" rel=\"attachment wp-att-397\"><img decoding=\"async\" loading=\"lazy\" class=\"alignleft  wp-image-397\" alt=\"OStR_ F_Scheigele_1934-1945\" src=\"http:\/\/www.wspassau.de\/sonstiges\/100jahre\/wp-content\/uploads\/2013\/04\/OStR_-F_Scheigele_1934-1945-150x150.jpg\" width=\"75\" height=\"75\" \/><\/a><\/p>\n<p>&nbsp;<\/p>\n<p>Oberstudienrat Franz Scheigele (1934 &#8211; 1945)<\/p>\n<p>&nbsp;<\/p>\n<p>&nbsp;<\/p>\n<p><a href=\"http:\/\/www.wspassau.de\/sonstiges\/100jahre\/geschichte\/schulleiter\/stadtschulrat_m_raith_1947-1950\/\" rel=\"attachment wp-att-398\"><img decoding=\"async\" loading=\"lazy\" class=\"alignleft  wp-image-398\" alt=\"Stadtschulrat_M_Raith_1947-1950\" src=\"http:\/\/www.wspassau.de\/sonstiges\/100jahre\/wp-content\/uploads\/2013\/04\/Stadtschulrat_M_Raith_1947-1950-150x150.jpg\" width=\"75\" height=\"75\" \/><\/a><\/p>\n<p>&nbsp;<\/p>\n<p>Stadtschulrat Max Raith (1947 &#8211; 1950)<\/p>\n<p>&nbsp;<\/p>\n<p>&nbsp;<\/p>\n<p><a href=\"http:\/\/www.wspassau.de\/sonstiges\/100jahre\/geschichte\/schulleiter\/ostd_dr_o_zilk_1950-1969\/\" rel=\"attachment wp-att-393\"><img decoding=\"async\" loading=\"lazy\" class=\"alignleft  wp-image-393\" alt=\"OStD_Dr_O_Zilk_1950-1969\" src=\"http:\/\/www.wspassau.de\/sonstiges\/100jahre\/wp-content\/uploads\/2013\/04\/OStD_Dr_O_Zilk_1950-1969-150x150.jpg\" width=\"75\" height=\"75\" \/><\/a><\/p>\n<p>&nbsp;<\/p>\n<p>Oberstudiendirektor Dr. Otmar Zilk (1950 -1969)<\/p>\n<p>&nbsp;<\/p>\n<p>&nbsp;<\/p>\n<p><a href=\"http:\/\/www.wspassau.de\/sonstiges\/100jahre\/geschichte\/schulleiter\/ostd_dr_j_wiegel_1969-1979\/\" rel=\"attachment wp-att-392\"><img decoding=\"async\" loading=\"lazy\" class=\"alignleft  wp-image-392\" alt=\"OStD_Dr_J_Wiegel_1969-1979\" src=\"http:\/\/www.wspassau.de\/sonstiges\/100jahre\/wp-content\/uploads\/2013\/04\/OStD_Dr_J_Wiegel_1969-1979-112x150.jpg\" width=\"75\" height=\"102\" \/><\/a><\/p>\n<p>&nbsp;<\/p>\n<p>Oberstudiendirektor Dr. Johannes Wiegel (1969 &#8211; 1979)<\/p>\n<p>&nbsp;<\/p>\n<p>&nbsp;<\/p>\n<p>&nbsp;<\/p>\n<p><a href=\"http:\/\/www.wspassau.de\/sonstiges\/100jahre\/geschichte\/schulleiter\/ostd_f_x_beyer_1979-1998\/\" rel=\"attachment wp-att-395\"><img decoding=\"async\" loading=\"lazy\" class=\"alignleft size-full wp-image-395\" alt=\"OStD_F_X_Beyer_1979-1998\" src=\"http:\/\/www.wspassau.de\/sonstiges\/100jahre\/wp-content\/uploads\/2013\/04\/OStD_F_X_Beyer_1979-1998.jpg\" width=\"75\" height=\"100\" \/><\/a><\/p>\n<p>&nbsp;<\/p>\n<p>Oberstudiendirektor Franz Xaver Beyer (1979 &#8211; 1998)<\/p>\n<p>&nbsp;<\/p>\n<p>&nbsp;<\/p>\n<p>&nbsp;<\/p>\n<p><a href=\"http:\/\/www.wspassau.de\/sonstiges\/100jahre\/geschichte\/schulleiter\/ostd_h-j-botzlar_1998-2002\/\" rel=\"attachment wp-att-396\"><img decoding=\"async\" loading=\"lazy\" class=\"alignleft  wp-image-396\" alt=\"OStD_H-J Botzlar_1998-2002\" src=\"http:\/\/www.wspassau.de\/sonstiges\/100jahre\/wp-content\/uploads\/2013\/04\/OStD_H-J-Botzlar_1998-2002.jpg\" width=\"75\" height=\"90\" \/><\/a><\/p>\n<p>&nbsp;<\/p>\n<p>Oberstudiendirektor Heinz-J\u00fcrgen Botzlar (1998 &#8211; 2002)<\/p>\n<p>&nbsp;<\/p>\n<p>&nbsp;<\/p>\n<p>&nbsp;<\/p>\n<p><a href=\"http:\/\/www.wspassau.de\/sonstiges\/100jahre\/geschichte\/schulleiter\/ostd_e_weiser_2002-2009\/\" rel=\"attachment wp-att-394\"><img decoding=\"async\" loading=\"lazy\" class=\"alignleft  wp-image-394\" alt=\"OStD_E_Weiser_2002-2009\" src=\"http:\/\/www.wspassau.de\/sonstiges\/100jahre\/wp-content\/uploads\/2013\/04\/OStD_E_Weiser_2002-2009.jpg\" width=\"75\" height=\"104\" \/><\/a><\/p>\n<p>&nbsp;<\/p>\n<p>Oberstudiendirektor Ernst Weiser (2002 &#8211; 2009)<\/p>\n<p>&nbsp;<\/p>\n<p>&nbsp;<\/p>\n<p>&nbsp;<\/p>\n<p><a href=\"http:\/\/www.wspassau.de\/sonstiges\/100jahre\/geschichte\/schulleiter\/ostd_d_schoenbuchner_2009\/\" rel=\"attachment wp-att-391\"><img decoding=\"async\" loading=\"lazy\" class=\"alignleft  wp-image-391\" alt=\"OStD_D_Schoenbuchner_2009\" src=\"http:\/\/www.wspassau.de\/sonstiges\/100jahre\/wp-content\/uploads\/2013\/04\/OStD_D_Schoenbuchner_2009.jpg\" width=\"75\" height=\"75\" srcset=\"https:\/\/www.wspassau.de\/sonstiges\/100jahre\/wp-content\/uploads\/2013\/04\/OStD_D_Schoenbuchner_2009.jpg 190w, https:\/\/www.wspassau.de\/sonstiges\/100jahre\/wp-content\/uploads\/2013\/04\/OStD_D_Schoenbuchner_2009-150x150.jpg 150w\" sizes=\"(max-width: 75px) 100vw, 75px\" \/><\/a><\/p>\n<p>&nbsp;<\/p>\n<p>Oberstudiendirektor Dieter Sch\u00f6nbuchner (ab 2009)<\/p>\n<p>&nbsp;<\/p>\n<p>&nbsp;<\/p>\n<p>Mit OStD Ernst Weiser begann eine neue \u00c4ra, ihm oblag die Leitung von zwei Schulen, der Kaufm\u00e4nnischen Berufsschule und der Wirtschaftsschule. Unter dem derzeitigen Schulleiter, Herrn OStD Dieter Sch\u00f6nbuchner, wird diese Linie weitergef\u00fchrt.<\/p>\n","protected":false},"excerpt":{"rendered":"<p>Ein Wechsel vollzog sich auch bei den Schulleitern. Initiiert hatte die Einf\u00fchrung der Handelsvorschule Oberlehrer Leidl, der auch erster Schulleiter wurde. Hier eine Auflistung der f\u00fchrenden K\u00f6pfe unserer Schule: &nbsp; Stadtschulrat Wilhelm Leidl (1913 &#8211; 1934) &nbsp; &nbsp; &nbsp; Oberstudienrat Franz Scheigele (1934 &#8211; 1945) &nbsp; &nbsp; &nbsp; Stadtschulrat Max Raith (1947 &#8211; 1950) &nbsp; [&hellip;]<\/p>\n","protected":false},"author":2,"featured_media":0,"parent":91,"menu_order":3,"comment_status":"open","ping_status":"open","template":"","meta":{"footnotes":""},"_links":{"self":[{"href":"https:\/\/www.wspassau.de\/sonstiges\/100jahre\/wp-json\/wp\/v2\/pages\/177"}],"collection":[{"href":"https:\/\/www.wspassau.de\/sonstiges\/100jahre\/wp-json\/wp\/v2\/pages"}],"about":[{"href":"https:\/\/www.wspassau.de\/sonstiges\/100jahre\/wp-json\/wp\/v2\/types\/page"}],"author":[{"embeddable":true,"href":"https:\/\/www.wspassau.de\/sonstiges\/100jahre\/wp-json\/wp\/v2\/users\/2"}],"replies":[{"embeddable":true,"href":"https:\/\/www.wspassau.de\/sonstiges\/100jahre\/wp-json\/wp\/v2\/comments?post=177"}],"version-history":[{"count":68,"href":"https:\/\/www.wspassau.de\/sonstiges\/100jahre\/wp-json\/wp\/v2\/pages\/177\/revisions"}],"predecessor-version":[{"id":179,"href":"https:\/\/www.wspassau.de\/sonstiges\/100jahre\/wp-json\/wp\/v2\/pages\/177\/revisions\/179"}],"up":[{"embeddable":true,"href":"https:\/\/www.wspassau.de\/sonstiges\/100jahre\/wp-json\/wp\/v2\/pages\/91"}],"wp:attachment":[{"href":"https:\/\/www.wspassau.de\/sonstiges\/100jahre\/wp-json\/wp\/v2\/media?parent=177"}],"curies":[{"name":"wp","href":"https:\/\/api.w.org\/{rel}","templated":true}]}}