{"id":188,"date":"2013-04-03T14:53:28","date_gmt":"2013-04-03T12:53:28","guid":{"rendered":"http:\/\/www.wspassau.de\/sonstiges\/100jahre\/?page_id=188"},"modified":"2013-08-27T11:25:32","modified_gmt":"2013-08-27T09:25:32","slug":"fachschaften","status":"publish","type":"page","link":"https:\/\/www.wspassau.de\/sonstiges\/100jahre\/fachschaften\/","title":{"rendered":"Fachschaften"},"content":{"rendered":"<p><img decoding=\"async\" loading=\"lazy\" class=\" wp-image-726 alignleft\" alt=\"Fachschaften\" src=\"http:\/\/www.wspassau.de\/sonstiges\/100jahre\/wp-content\/uploads\/2013\/04\/Fachschaften.jpg\" width=\"120\" height=\"65\" \/>Der F\u00e4cherkatalog der Wirtschaftsschule ist im Wesentlichen unver\u00e4ndert geblieben, obgleich nat\u00fcrlich die Inhalte sich den Ver\u00e4nderungen in Wirtschaft und Gesellschaft anpassen mussten. Die Gru\u00dfworte unseres ehemaligen Bischofs F.X. Eder bei der 75-Jahr-Feier unserer Schule treffen den Kern: \u201eEine Wirtschaftsschule steht in unmittelbarer Beziehung zur Gesellschaft im Hier und Heute. Die Wirtschaftsschule kann es sich nicht leisten Patina anzusetzen.\u201c<\/p>\n<p>Das Profil muss noch deutlicher herausgehoben werden, nur dann kann sie zwischen Realschule und Mittelschule bestehen und Akzeptanz von Seiten der Wirtschaft erfahren. Dies stellt eine st\u00e4ndige Herausforderung dar, um den Praxisbezug zu gew\u00e4hrleisten, und kann nur durch Lehrplan\u00e4nderungen bzw. eine notwendige Umstrukturierung in den folgenden Jahren erfolgen.<\/p>\n<p style=\"text-align: center;\"><a href=\"http:\/\/www.wspassau.de\/sonstiges\/100jahre\/fachschaften\/lehrgegenstand\/\" rel=\"attachment wp-att-481\"><img decoding=\"async\" loading=\"lazy\" class=\"size-thumbnail wp-image-481 alignnone\" alt=\"Lehrgegenstand\" src=\"http:\/\/www.wspassau.de\/sonstiges\/100jahre\/wp-content\/uploads\/2013\/04\/Lehrgegenstand-150x150.jpg\" width=\"150\" height=\"150\" \/><\/a><a href=\"http:\/\/www.wspassau.de\/sonstiges\/100jahre\/fachschaften\/ws_4_stunden\/\" rel=\"attachment wp-att-482\"><img decoding=\"async\" loading=\"lazy\" class=\"size-thumbnail wp-image-482 alignnone\" alt=\"WS_4_Stunden\" src=\"http:\/\/www.wspassau.de\/sonstiges\/100jahre\/wp-content\/uploads\/2013\/04\/WS_4_Stunden-150x150.jpg\" width=\"150\" height=\"150\" \/><\/a><\/p>\n<p style=\"text-align: center;\">Alte und neue Stundentafel im Vergleich<\/p>\n","protected":false},"excerpt":{"rendered":"<p>Der F\u00e4cherkatalog der Wirtschaftsschule ist im Wesentlichen unver\u00e4ndert geblieben, obgleich nat\u00fcrlich die Inhalte sich den Ver\u00e4nderungen in Wirtschaft und Gesellschaft anpassen mussten. Die Gru\u00dfworte unseres ehemaligen Bischofs F.X. Eder bei der 75-Jahr-Feier unserer Schule treffen den Kern: \u201eEine Wirtschaftsschule steht in unmittelbarer Beziehung zur Gesellschaft im Hier und Heute. Die Wirtschaftsschule kann es sich nicht [&hellip;]<\/p>\n","protected":false},"author":2,"featured_media":0,"parent":0,"menu_order":3,"comment_status":"open","ping_status":"open","template":"","meta":{"footnotes":""},"_links":{"self":[{"href":"https:\/\/www.wspassau.de\/sonstiges\/100jahre\/wp-json\/wp\/v2\/pages\/188"}],"collection":[{"href":"https:\/\/www.wspassau.de\/sonstiges\/100jahre\/wp-json\/wp\/v2\/pages"}],"about":[{"href":"https:\/\/www.wspassau.de\/sonstiges\/100jahre\/wp-json\/wp\/v2\/types\/page"}],"author":[{"embeddable":true,"href":"https:\/\/www.wspassau.de\/sonstiges\/100jahre\/wp-json\/wp\/v2\/users\/2"}],"replies":[{"embeddable":true,"href":"https:\/\/www.wspassau.de\/sonstiges\/100jahre\/wp-json\/wp\/v2\/comments?post=188"}],"version-history":[{"count":25,"href":"https:\/\/www.wspassau.de\/sonstiges\/100jahre\/wp-json\/wp\/v2\/pages\/188\/revisions"}],"predecessor-version":[{"id":190,"href":"https:\/\/www.wspassau.de\/sonstiges\/100jahre\/wp-json\/wp\/v2\/pages\/188\/revisions\/190"}],"wp:attachment":[{"href":"https:\/\/www.wspassau.de\/sonstiges\/100jahre\/wp-json\/wp\/v2\/media?parent=188"}],"curies":[{"name":"wp","href":"https:\/\/api.w.org\/{rel}","templated":true}]}}