{"id":192,"date":"2013-04-03T14:55:06","date_gmt":"2013-04-03T12:55:06","guid":{"rendered":"http:\/\/www.wspassau.de\/sonstiges\/100jahre\/?page_id=192"},"modified":"2013-08-27T11:32:25","modified_gmt":"2013-08-27T09:32:25","slug":"deutsch","status":"publish","type":"page","link":"https:\/\/www.wspassau.de\/sonstiges\/100jahre\/fachschaften\/deutsch\/","title":{"rendered":"Deutsch"},"content":{"rendered":"<p><a href=\"http:\/\/www.wspassau.de\/sonstiges\/100jahre\/fachschaften\/deutsch\/deutsch_logo\/\" rel=\"attachment wp-att-866\"><img decoding=\"async\" loading=\"lazy\" class=\" wp-image-866 alignleft\" alt=\"Deutsch_Logo\" src=\"http:\/\/www.wspassau.de\/sonstiges\/100jahre\/wp-content\/uploads\/2013\/05\/Deutsch_Logo.jpg\" width=\"110\" height=\"80\" srcset=\"https:\/\/www.wspassau.de\/sonstiges\/100jahre\/wp-content\/uploads\/2013\/05\/Deutsch_Logo.jpg 450w, https:\/\/www.wspassau.de\/sonstiges\/100jahre\/wp-content\/uploads\/2013\/05\/Deutsch_Logo-300x220.jpg 300w\" sizes=\"(max-width: 110px) 100vw, 110px\" \/><\/a>Hat das Fach Deutsch neben Facebook, Twitter &amp; Co noch eine Bedeutung? Oder welche Erwartungen werden an das Fach gestellt?<\/p>\n<p style=\"text-align: left;\">Die ver\u00e4nderte Medienwelt macht es dem Sch\u00fcler nicht leicht Sprache zum Einsatz zu bringen. Immer mehr wird beklagt, dass Kommunikation auf niedrigem Sprachniveau stattfindet. Man spricht von Verfremdung, Sprachverarmung und von reduzierter Kommunikationsf\u00e4higkeit. Der pers\u00f6nliche Brief wurde l\u00e4ngst durch E-Mail bzw. im privaten Bereich durch Kurzformen wie SMS ersetzt. Gleichwohl kann und darf gerade eine Wirtschaftsschule diese technischen Neuerungen nicht ignorieren, denn in unserer Zeit und vor allem in unserer Berufswelt muss der Sch\u00fcler auch in Sachen Medien gewappnet und vor allem flexibel sein. Er sollte sich der Vorteile bedienen und das Positive nutzen.<a href=\"http:\/\/www.wspassau.de\/sonstiges\/100jahre\/fachschaften\/deutsch\/europa_2007\/\" rel=\"attachment wp-att-878\"><img decoding=\"async\" loading=\"lazy\" class=\"wp-image-878 aligncenter\" alt=\"Europa_2007\" src=\"http:\/\/www.wspassau.de\/sonstiges\/100jahre\/wp-content\/uploads\/2013\/05\/Europa_2007.jpg\" width=\"125\" height=\"75\" \/><\/a><\/p>\n<p style=\"text-align: left;\">Der Aufsatz verlangt \u2013 damals wie heute &#8211; eine objektive Auseinandersetzung mit den aktuellen Problemen der Gesellschaft, der Sch\u00fcler muss die Kunst des Argumentierens beherrschen. Auch werden immer noch die Kardinaltugenden eingefordert: die Beherrschung des rechten Sprachgebrauchs in Rechtschrift und Grammatik. T\u00e4glich werden wir mit Informationen und Texten \u00fcberschwemmt. So ist seit \u00fcber 20 Jahren neben dem Aufsatz die Arbeit am Text Bestandteil der Abschlusspr\u00fcfung. Es gilt Wichtiges herauszufiltern, Absichten des Verfassers zu verstehen und Kritik zu \u00e4u\u00dfern.<a href=\"http:\/\/www.wspassau.de\/sonstiges\/100jahre\/fachschaften\/deutsch\/europa_2011\/\" rel=\"attachment wp-att-879\"><img decoding=\"async\" loading=\"lazy\" class=\"wp-image-879 aligncenter\" alt=\"Europa_2011\" src=\"http:\/\/www.wspassau.de\/sonstiges\/100jahre\/wp-content\/uploads\/2013\/05\/Europa_2011.jpg\" width=\"125\" height=\"75\" \/><\/a><\/p>\n<p>Lesen bleibt also wichtig: Selbst der Literaturunterricht erf\u00e4hrt immer noch Wertsch\u00e4tzung, dient er doch neben der Interpretation des Wortes vor allem der Allgemeinbildung, die heute im Berufsleben vorausgesetzt wird. Neu ist, dass der m\u00fcndliche Sprachgebrauch in Form von Pr\u00e4sentationen mehr und mehr als Schulaufgabe zum Einsatz gebracht wird. Das Internet dient haupts\u00e4chlich der Recherche, der Vortrag selbst erfolgt durch PowerPoint.<a href=\"http:\/\/www.wspassau.de\/sonstiges\/100jahre\/fachschaften\/deutsch\/lesen_2011\/\" rel=\"attachment wp-att-882\"><img decoding=\"async\" loading=\"lazy\" class=\"wp-image-882 aligncenter\" alt=\"Lesen_2011\" src=\"http:\/\/www.wspassau.de\/sonstiges\/100jahre\/wp-content\/uploads\/2013\/05\/Lesen_2011.jpg\" width=\"125\" height=\"75\" \/><\/a><\/p>\n<p style=\"text-align: left;\">Daneben werden im Fach Deutsch Wettbewerbe gef\u00f6rdert. So gesehen haben sich die Aufgaben nicht etwa verringert, sondern das Feld hat sich sogar noch erweitert.<\/p>\n<p>\u00a0<a href=\"http:\/\/www.wspassau.de\/sonstiges\/100jahre\/fachschaften\/deutsch\/europa6\/\" rel=\"attachment wp-att-880\"><img decoding=\"async\" loading=\"lazy\" class=\"wp-image-880 aligncenter\" alt=\"Europa6\" src=\"http:\/\/www.wspassau.de\/sonstiges\/100jahre\/wp-content\/uploads\/2013\/05\/Europa6.jpg\" width=\"125\" height=\"75\" \/><\/a><\/p>\n<p>&nbsp;<\/p>\n<p>Wie sich die Zeiten \u00e4ndern, kann man auch an den Aufsatzthemen der Abschlusspr\u00fcfung ersehen.<\/p>\n<p><strong>Thema im Schuljahr 1915:<\/strong><\/p>\n<p style=\"padding-left: 30px;\">Wenn wir unsere Kolonien verl\u00f6ren.<\/p>\n<p><strong>Auswahlthemen im Schuljahr 1951:<\/strong><\/p>\n<p style=\"padding-left: 30px;\">1. Wie ist Freiheit in der Demokratie verwirklicht?<br \/>\n2. Warum ist der Bayer. Wald wirtschaftlich r\u00fcckst\u00e4ndig?<br \/>\n3. &#8222;Was einer ist, was einer war, beim Scheiden wird es offenbar&#8220; (Hans Carossa)<\/p>\n<p><strong>Auswahlthemen im Schuljahr 1992:<\/strong><\/p>\n<p style=\"padding-left: 30px;\">1. Erscheint es Ihnen sinnvoll, da\u00df Sch\u00fcler in ihrer Freizeit mit Jobs Geld verdienen?<br \/>\n2. Skilager sind beliebte Schulveranstaltungen, werden aber auch kritisch bewertet. Nehmen Sie Stellung\u00a0 zu der Frage, ob die Schulen weiterhin Skilager durchf\u00fchren sollten!<br \/>\n3. Im Fernsehen, in Videospielen und Computerspielen wird oft Gewalt dargestellt. Zeigen Sie an Beispielen auf, welche Gefahren solche Darstellungen f\u00fcr junge Zuschauer haben k\u00f6nnen! Was kann gegen diese Gefahren getan werden?<\/p>\n<p><strong>Auswahlthemen im Schulajhr 2012:<\/strong><\/p>\n<p style=\"padding-left: 30px;\">1. Jedes Jahr verlassen deutsche Staatsb\u00fcrger ihre Heimat und wandern aus. Welche Vor- und Nachteile k\u00f6nnen mit so einem Entschluss f\u00fcr die Auswanderer verbunden sein?<br \/>\n2. Viele Menschen zeigen schon in jungen Jahren Suchtverhalten. Welche Ursachen kann dies haben und welche Pr\u00e4ventionsma\u00dfnahmen sind m\u00f6glich?<br \/>\n3. Der Arbeitsmarkt stellt heute hohe Anspr\u00fcche. Welche Anforderungen werden generell an die Besch\u00e4ftigten gestellt? Wie k\u00f6nnen sich junge Menschen darauf vorbereiten?<\/p>\n<p>Das Fach Deutsch ist in den letzten Jahrzehnten ganz sicher mit einem Namen verbunden &#8211; Anne Siebert. Sie korrigierte hunderte, wenn nicht tausende Aufs\u00e4tze und Abschlusspr\u00fcfungen. Unz\u00e4hlige Absolventen mussten sich Ihren bohrenden Fragen in der m\u00fcndlichen Pr\u00fcfung stellen. Der weitaus \u00fcberwiegende Teil der Sch\u00fclerschaft wird sie aber als wohlwollende und den aktuellen Themen der Gesellschaft gegen\u00fcber aufgeschlossene Lehrkraft in Erinnerung behalten.<\/p>\n<p style=\"text-align: left;\"><a href=\"http:\/\/www.wspassau.de\/sonstiges\/100jahre\/fachschaften\/deutsch\/hochzeit_siebert-2\/\" rel=\"attachment wp-att-881\"><img decoding=\"async\" loading=\"lazy\" class=\"wp-image-881 aligncenter\" alt=\"Hochzeit_Siebert\" src=\"http:\/\/www.wspassau.de\/sonstiges\/100jahre\/wp-content\/uploads\/2013\/05\/Hochzeit_Siebert1.jpg\" width=\"115\" height=\"90\" srcset=\"https:\/\/www.wspassau.de\/sonstiges\/100jahre\/wp-content\/uploads\/2013\/05\/Hochzeit_Siebert1.jpg 730w, https:\/\/www.wspassau.de\/sonstiges\/100jahre\/wp-content\/uploads\/2013\/05\/Hochzeit_Siebert1-300x237.jpg 300w\" sizes=\"(max-width: 115px) 100vw, 115px\" \/><\/a>Pers\u00f6nlich fand sie in ihrem Mann Helmut, der ebenfalls Lehrer an der Wirtschaftsschule war, ihr Gl\u00fcck. Auf dem Foto oben sind beide bei ihrer Hochzeit 1979 zu sehen.<\/p>\n<p style=\"text-align: center;\"><strong><code>[wowslider id=\"51\"]<\/code><\/strong><\/p>\n","protected":false},"excerpt":{"rendered":"<p>Hat das Fach Deutsch neben Facebook, Twitter &amp; Co noch eine Bedeutung? Oder welche Erwartungen werden an das Fach gestellt? Die ver\u00e4nderte Medienwelt macht es dem Sch\u00fcler nicht leicht Sprache zum Einsatz zu bringen. Immer mehr wird beklagt, dass Kommunikation auf niedrigem Sprachniveau stattfindet. Man spricht von Verfremdung, Sprachverarmung und von reduzierter Kommunikationsf\u00e4higkeit. Der pers\u00f6nliche [&hellip;]<\/p>\n","protected":false},"author":2,"featured_media":0,"parent":188,"menu_order":0,"comment_status":"open","ping_status":"open","template":"","meta":{"footnotes":""},"_links":{"self":[{"href":"https:\/\/www.wspassau.de\/sonstiges\/100jahre\/wp-json\/wp\/v2\/pages\/192"}],"collection":[{"href":"https:\/\/www.wspassau.de\/sonstiges\/100jahre\/wp-json\/wp\/v2\/pages"}],"about":[{"href":"https:\/\/www.wspassau.de\/sonstiges\/100jahre\/wp-json\/wp\/v2\/types\/page"}],"author":[{"embeddable":true,"href":"https:\/\/www.wspassau.de\/sonstiges\/100jahre\/wp-json\/wp\/v2\/users\/2"}],"replies":[{"embeddable":true,"href":"https:\/\/www.wspassau.de\/sonstiges\/100jahre\/wp-json\/wp\/v2\/comments?post=192"}],"version-history":[{"count":55,"href":"https:\/\/www.wspassau.de\/sonstiges\/100jahre\/wp-json\/wp\/v2\/pages\/192\/revisions"}],"predecessor-version":[{"id":496,"href":"https:\/\/www.wspassau.de\/sonstiges\/100jahre\/wp-json\/wp\/v2\/pages\/192\/revisions\/496"}],"up":[{"embeddable":true,"href":"https:\/\/www.wspassau.de\/sonstiges\/100jahre\/wp-json\/wp\/v2\/pages\/188"}],"wp:attachment":[{"href":"https:\/\/www.wspassau.de\/sonstiges\/100jahre\/wp-json\/wp\/v2\/media?parent=192"}],"curies":[{"name":"wp","href":"https:\/\/api.w.org\/{rel}","templated":true}]}}