{"id":198,"date":"2013-04-03T14:55:57","date_gmt":"2013-04-03T12:55:57","guid":{"rendered":"http:\/\/www.wspassau.de\/sonstiges\/100jahre\/?page_id=198"},"modified":"2013-07-29T09:53:54","modified_gmt":"2013-07-29T07:53:54","slug":"wirtschaft","status":"publish","type":"page","link":"https:\/\/www.wspassau.de\/sonstiges\/100jahre\/fachschaften\/wirtschaft\/","title":{"rendered":"Wirtschaft"},"content":{"rendered":"<p style=\"text-align: left;\"><img decoding=\"async\" loading=\"lazy\" class=\" wp-image-767 alignleft\" alt=\"Sweety1\" src=\"http:\/\/www.wspassau.de\/sonstiges\/100jahre\/wp-content\/uploads\/2013\/04\/Sweety1.jpg\" width=\"100\" height=\"65\" srcset=\"https:\/\/www.wspassau.de\/sonstiges\/100jahre\/wp-content\/uploads\/2013\/04\/Sweety1.jpg 473w, https:\/\/www.wspassau.de\/sonstiges\/100jahre\/wp-content\/uploads\/2013\/04\/Sweety1-300x195.jpg 300w\" sizes=\"(max-width: 100px) 100vw, 100px\" \/>Eine Wirtschaftsschule ist, ihrem Schultyp gem\u00e4\u00df, wirtschaftlich orientiert. Das zeigt sich an der Stundentafel. \u00dcberschrieb man diese F\u00e4cher in den ersten Jahren \u201eKaufm\u00e4nnisches Rechnen\u201c, \u201eBuchf\u00fchrung\u201c, \u201eKaufm\u00e4nnischen Schriftverkehr\u201c und \u201eHandelskunde\u201c, so benennt man die Inhalte heute \u201eRechnungswesen\u201c, \u201eBetriebswirtschaft\u201c, \u201eVolkswirtschaft\u201c und im Zuge der Neugestaltung der Wirtschaftsschule wird daraus das Fach \u201eBetriebswirtschaftliche Steuerung und Kontrolle\u201c.<\/p>\n<p>Im Fach Betriebswirtschaft erwerben die Sch\u00fcler eine betriebswirtschaftliche Grundausbildung, die vom konkreten Erfahrungshorizont ihres wirtschaftlichen Umfelds ausgeht und die sie dazu bef\u00e4higen soll, die erworbenen Kenntnisse und F\u00e4higkeiten in ihrer sp\u00e4teren beruflichen T\u00e4tigkeit zu vertiefen und der rasch fortschreitenden Wissensentwicklung anzupassen. Sie lernen wirtschaftliche, rechtliche, soziale und \u00f6kologische Zusammenh\u00e4nge kennen und zu beurteilen. Hierbei sind wichtig der zielgerichtete Einsatz moderner Informations- und Kommunikationsmittel bei jeder sich bietenden Gelegenheit sowie die Betonung umweltgerechten Handelns.<a href=\"http:\/\/www.wspassau.de\/sonstiges\/100jahre\/fachschaften\/wirtschaft\/boerse_1993_94\/\" rel=\"attachment wp-att-765\"><img decoding=\"async\" loading=\"lazy\" class=\"size-full wp-image-765 aligncenter\" alt=\"Boerse_1993_94\" src=\"http:\/\/www.wspassau.de\/sonstiges\/100jahre\/wp-content\/uploads\/2013\/04\/Boerse_1993_94.jpg\" width=\"85\" height=\"126\" srcset=\"https:\/\/www.wspassau.de\/sonstiges\/100jahre\/wp-content\/uploads\/2013\/04\/Boerse_1993_94.jpg 535w, https:\/\/www.wspassau.de\/sonstiges\/100jahre\/wp-content\/uploads\/2013\/04\/Boerse_1993_94-202x300.jpg 202w\" sizes=\"(max-width: 85px) 100vw, 85px\" \/><\/a><\/p>\n<p>Dass die Wirtschaftsschule mit ihren Lerninhalten nicht auf dem Stand von vor 100 Jahren stehen geblieben ist, sondern sich an den wirtschaftlichen Entwicklungen und Neuerungen orientierte, zeigt sich daran, dass regelm\u00e4\u00dfig neue Lehrpl\u00e4ne erarbeitet wurden und in Kraft traten. Handlungsorientiert arbeiten ist oberste Pr\u00e4misse. Die Bearbeitung von Fallbeispielen tritt an die Stelle von Theoriewissen.<a href=\"http:\/\/www.wspassau.de\/sonstiges\/100jahre\/fachschaften\/wirtschaft\/uefa_1990_91\/\" rel=\"attachment wp-att-769\"><img decoding=\"async\" loading=\"lazy\" class=\"size-full wp-image-769 aligncenter\" alt=\"uefa_1990_91\" src=\"http:\/\/www.wspassau.de\/sonstiges\/100jahre\/wp-content\/uploads\/2013\/04\/uefa_1990_91.jpg\" width=\"167\" height=\"99\" srcset=\"https:\/\/www.wspassau.de\/sonstiges\/100jahre\/wp-content\/uploads\/2013\/04\/uefa_1990_91.jpg 536w, https:\/\/www.wspassau.de\/sonstiges\/100jahre\/wp-content\/uploads\/2013\/04\/uefa_1990_91-300x177.jpg 300w\" sizes=\"(max-width: 167px) 100vw, 167px\" \/><\/a><\/p>\n<p>Wurde zum Beispiel bis zum Jahr 2000 der Wechsel noch sehr intensiv behandelt, so kommt er im derzeitig g\u00fcltigen Lehrplan Betriebswirtschaft aus dem Jahr 2000 \u00fcberhaupt nicht mehr vor (die n\u00e4chste Lehrplangeneration steht uns wohl zum Schuljahr 2014\/2015 ins Schulhaus), moderne Zahlungsarten bzw. \u2013mittel wie Kreditkarte, EC, ELV und Homebanking hielten Einzug in den neuen Lehrplan.<a href=\"http:\/\/www.wspassau.de\/sonstiges\/100jahre\/fachschaften\/wirtschaft\/uefa_2001_02\/\" rel=\"attachment wp-att-772\"><img decoding=\"async\" loading=\"lazy\" class=\"size-full wp-image-772 aligncenter\" alt=\"uefa_2001_02\" src=\"http:\/\/www.wspassau.de\/sonstiges\/100jahre\/wp-content\/uploads\/2013\/04\/uefa_2001_02.jpg\" width=\"135\" height=\"100\" srcset=\"https:\/\/www.wspassau.de\/sonstiges\/100jahre\/wp-content\/uploads\/2013\/04\/uefa_2001_02.jpg 753w, https:\/\/www.wspassau.de\/sonstiges\/100jahre\/wp-content\/uploads\/2013\/04\/uefa_2001_02-300x225.jpg 300w\" sizes=\"(max-width: 135px) 100vw, 135px\" \/><\/a><\/p>\n<p>Einen bedeutenden Einschnitt stellt die Aufnahme des Faches \u00dcbungsfirmenarbeit in den F\u00e4cherkanon der Wirtschaftsschule dar. Neben der PAWI GmbH, die 1986 gegr\u00fcndet wurde, kamen im Laufe der Zeit die \u00dcbungsfirmen Sweety und Hometec hinzu. In diesem Fach haben die Sch\u00fcler die M\u00f6glichkeit als Sachbearbeiter in einem Gro\u00dfhandelsbetrieb all das in der Praxis anzuwenden, was sie in vielen anderen F\u00e4chern \u201etheoretisch\u201c gelernt haben \u2013 sie sind jetzt auch nicht \u201enur\u201c Sch\u00fcler, sondern auch \u201eMitarbeiter\u201c in einem modern ausgestatteten Unternehmen. \u00dcbungsfirmenarbeit ist ein Alleinstellungsmerkmal der Wirtschaftsschulen gegen\u00fcber allen anderen Schularten und soll in Zukunft noch intensiviert werden, bis hin zum Abschlusspr\u00fcfungsfach.<\/p>\n<p>[wowslider id=&#8220;46&#8243;]<\/p>\n","protected":false},"excerpt":{"rendered":"<p>Eine Wirtschaftsschule ist, ihrem Schultyp gem\u00e4\u00df, wirtschaftlich orientiert. Das zeigt sich an der Stundentafel. \u00dcberschrieb man diese F\u00e4cher in den ersten Jahren \u201eKaufm\u00e4nnisches Rechnen\u201c, \u201eBuchf\u00fchrung\u201c, \u201eKaufm\u00e4nnischen Schriftverkehr\u201c und \u201eHandelskunde\u201c, so benennt man die Inhalte heute \u201eRechnungswesen\u201c, \u201eBetriebswirtschaft\u201c, \u201eVolkswirtschaft\u201c und im Zuge der Neugestaltung der Wirtschaftsschule wird daraus das Fach \u201eBetriebswirtschaftliche Steuerung und Kontrolle\u201c. Im Fach [&hellip;]<\/p>\n","protected":false},"author":2,"featured_media":0,"parent":188,"menu_order":2,"comment_status":"open","ping_status":"open","template":"","meta":{"footnotes":""},"_links":{"self":[{"href":"https:\/\/www.wspassau.de\/sonstiges\/100jahre\/wp-json\/wp\/v2\/pages\/198"}],"collection":[{"href":"https:\/\/www.wspassau.de\/sonstiges\/100jahre\/wp-json\/wp\/v2\/pages"}],"about":[{"href":"https:\/\/www.wspassau.de\/sonstiges\/100jahre\/wp-json\/wp\/v2\/types\/page"}],"author":[{"embeddable":true,"href":"https:\/\/www.wspassau.de\/sonstiges\/100jahre\/wp-json\/wp\/v2\/users\/2"}],"replies":[{"embeddable":true,"href":"https:\/\/www.wspassau.de\/sonstiges\/100jahre\/wp-json\/wp\/v2\/comments?post=198"}],"version-history":[{"count":41,"href":"https:\/\/www.wspassau.de\/sonstiges\/100jahre\/wp-json\/wp\/v2\/pages\/198\/revisions"}],"predecessor-version":[{"id":200,"href":"https:\/\/www.wspassau.de\/sonstiges\/100jahre\/wp-json\/wp\/v2\/pages\/198\/revisions\/200"}],"up":[{"embeddable":true,"href":"https:\/\/www.wspassau.de\/sonstiges\/100jahre\/wp-json\/wp\/v2\/pages\/188"}],"wp:attachment":[{"href":"https:\/\/www.wspassau.de\/sonstiges\/100jahre\/wp-json\/wp\/v2\/media?parent=198"}],"curies":[{"name":"wp","href":"https:\/\/api.w.org\/{rel}","templated":true}]}}