{"id":203,"date":"2013-04-03T14:56:57","date_gmt":"2013-04-03T12:56:57","guid":{"rendered":"http:\/\/www.wspassau.de\/sonstiges\/100jahre\/?page_id=203"},"modified":"2013-10-04T13:16:49","modified_gmt":"2013-10-04T11:16:49","slug":"rechnungswesen","status":"publish","type":"page","link":"https:\/\/www.wspassau.de\/sonstiges\/100jahre\/fachschaften\/rechnungswesen\/","title":{"rendered":"Rechnungswesen"},"content":{"rendered":"<p><img decoding=\"async\" loading=\"lazy\" class=\" wp-image-499 alignleft\" alt=\"Rechner\" src=\"http:\/\/www.wspassau.de\/sonstiges\/100jahre\/wp-content\/uploads\/2013\/04\/Rechner.jpg\" width=\"80\" height=\"55\" \/><\/p>\n<p style=\"text-align: left;\">Im Fach Rechnungswesen erwerben die Sch\u00fcler Kenntnisse und F\u00e4higkeiten, wirtschaftliche Vorg\u00e4nge in einem Betrieb zahlenm\u00e4\u00dfig zu erfassen, systematisch aufzubereiten und auszuwerten. Die sorgf\u00e4ltige Erfassung dieser Daten stellt wiederum die Grundlage dar f\u00fcr betriebsinterne Planung, Steuerung und Kontrolle und damit auch f\u00fcr unternehmerische Entscheidungen.<\/p>\n<p style=\"text-align: center;\"><a href=\"http:\/\/www.wspassau.de\/sonstiges\/100jahre\/fachschaften\/rechnungswesen\/fibu5\/\" rel=\"attachment wp-att-747\"><img decoding=\"async\" loading=\"lazy\" class=\"alignnone size-full wp-image-747\" alt=\"Fibu5\" src=\"http:\/\/www.wspassau.de\/sonstiges\/100jahre\/wp-content\/uploads\/2013\/04\/Fibu5.jpg\" width=\"116\" height=\"95\" srcset=\"https:\/\/www.wspassau.de\/sonstiges\/100jahre\/wp-content\/uploads\/2013\/04\/Fibu5.jpg 475w, https:\/\/www.wspassau.de\/sonstiges\/100jahre\/wp-content\/uploads\/2013\/04\/Fibu5-300x242.jpg 300w\" sizes=\"(max-width: 116px) 100vw, 116px\" \/><\/a><a href=\"http:\/\/www.wspassau.de\/sonstiges\/100jahre\/fachschaften\/rechnungswesen\/fibu4\/\" rel=\"attachment wp-att-743\"><img decoding=\"async\" loading=\"lazy\" class=\"alignnone size-full wp-image-743\" alt=\"Fibu4\" src=\"http:\/\/www.wspassau.de\/sonstiges\/100jahre\/wp-content\/uploads\/2013\/04\/Fibu4.jpg\" width=\"124\" height=\"95\" \/><\/a><\/p>\n<p style=\"text-align: left;\">Wurden oben genannte T\u00e4tigkeiten fr\u00fcher noch gr\u00f6\u00dftenteils per Hand in Formulare eingegeben, so hielt im Laufe der Zeit nat\u00fcrlich auch in Rechnungswesen die Technik ihren Einzug. Gleichzeitig wurde die Wirtschaftsmathematik ausgegliedert und gilt seit dem als eigenst\u00e4ndiges Fach.<\/p>\n<p style=\"text-align: left;\">Mit dem Schuljahr 2001\/02 wurde die Abschlusspr\u00fcfung in Rechnungswesen um einen praktischen Teil (Finanzbuchhaltung) am Computer erweitert. Dieses Programm nennt sich WINLine und verlangt von den Sch\u00fclern Kenntnisse \u00fcber eine zeitgem\u00e4\u00dfe Kontenf\u00fchrung.<\/p>\n<p style=\"text-align: left;\">Der in Ausarbeitung befindliche neue Lehrplan, der 2014\/15 in Kraft treten wird, sieht vor, Rechnungswesen mit Betriebswirtschaft zum Fach Betriebswirtschaftliche\u00a0 Steuerung und Kontrolle (BSK) zu verschmelzen. Das bedeutet, es wird Wert gelegt auf integrativen und kompetenzorientierten Unterricht. FiBu wird dann ein Bestandteil des Faches \u00dcbungsunternehmen sein.<\/p>\n<p style=\"text-align: center;\">\u00a0<strong><code>[wowslider id=\"47\"]<\/code><\/strong><\/p>\n<p>&nbsp;<\/p>\n<p style=\"text-align: center;\">\n","protected":false},"excerpt":{"rendered":"<p>Im Fach Rechnungswesen erwerben die Sch\u00fcler Kenntnisse und F\u00e4higkeiten, wirtschaftliche Vorg\u00e4nge in einem Betrieb zahlenm\u00e4\u00dfig zu erfassen, systematisch aufzubereiten und auszuwerten. Die sorgf\u00e4ltige Erfassung dieser Daten stellt wiederum die Grundlage dar f\u00fcr betriebsinterne Planung, Steuerung und Kontrolle und damit auch f\u00fcr unternehmerische Entscheidungen. Wurden oben genannte T\u00e4tigkeiten fr\u00fcher noch gr\u00f6\u00dftenteils per Hand in Formulare eingegeben, [&hellip;]<\/p>\n","protected":false},"author":2,"featured_media":0,"parent":188,"menu_order":3,"comment_status":"open","ping_status":"open","template":"","meta":{"footnotes":""},"_links":{"self":[{"href":"https:\/\/www.wspassau.de\/sonstiges\/100jahre\/wp-json\/wp\/v2\/pages\/203"}],"collection":[{"href":"https:\/\/www.wspassau.de\/sonstiges\/100jahre\/wp-json\/wp\/v2\/pages"}],"about":[{"href":"https:\/\/www.wspassau.de\/sonstiges\/100jahre\/wp-json\/wp\/v2\/types\/page"}],"author":[{"embeddable":true,"href":"https:\/\/www.wspassau.de\/sonstiges\/100jahre\/wp-json\/wp\/v2\/users\/2"}],"replies":[{"embeddable":true,"href":"https:\/\/www.wspassau.de\/sonstiges\/100jahre\/wp-json\/wp\/v2\/comments?post=203"}],"version-history":[{"count":47,"href":"https:\/\/www.wspassau.de\/sonstiges\/100jahre\/wp-json\/wp\/v2\/pages\/203\/revisions"}],"predecessor-version":[{"id":205,"href":"https:\/\/www.wspassau.de\/sonstiges\/100jahre\/wp-json\/wp\/v2\/pages\/203\/revisions\/205"}],"up":[{"embeddable":true,"href":"https:\/\/www.wspassau.de\/sonstiges\/100jahre\/wp-json\/wp\/v2\/pages\/188"}],"wp:attachment":[{"href":"https:\/\/www.wspassau.de\/sonstiges\/100jahre\/wp-json\/wp\/v2\/media?parent=203"}],"curies":[{"name":"wp","href":"https:\/\/api.w.org\/{rel}","templated":true}]}}