{"id":210,"date":"2013-04-03T14:58:24","date_gmt":"2013-04-03T12:58:24","guid":{"rendered":"http:\/\/www.wspassau.de\/sonstiges\/100jahre\/?page_id=210"},"modified":"2013-08-27T11:43:17","modified_gmt":"2013-08-27T09:43:17","slug":"textverarbeitung","status":"publish","type":"page","link":"https:\/\/www.wspassau.de\/sonstiges\/100jahre\/fachschaften\/textverarbeitung\/","title":{"rendered":"Textverarbeitung"},"content":{"rendered":"<h4><a href=\"http:\/\/www.wspassau.de\/sonstiges\/100jahre\/fachschaften\/textverarbeitung\/underwood_case\/\" target=\"_blank\" rel=\"attachment wp-att-509\"><img decoding=\"async\" loading=\"lazy\" class=\"wp-image-509 alignleft\" alt=\"Underwood_Case\" src=\"http:\/\/www.wspassau.de\/sonstiges\/100jahre\/wp-content\/uploads\/2013\/04\/Underwood_Case.jpg\" width=\"85\" height=\"75\" \/><\/a>Kurzschrift und Maschinenschreiben \u2013 Fertigkeiten im Wandel<\/h4>\n<p>In keinem Bereich des F\u00e4cherkanons der Wirtschaftsschule zeigt sich der Wandel so sehr wie im Bereich Kurzschrift und Maschinenschreiben. In den Anf\u00e4ngen der Wirtschaftsschule Passau wurden die beiden F\u00e4cher nicht in der jetzigen Form bzw. unter der heutigen Bezeichnung unterrichtet. Die Sch\u00fcler mussten sich in den F\u00e4chern Stenographie und Maschinenschreiben beweisen. Dies erfolgte \u2013 aus heutiger Sicht gesehen \u2013 mit sehr altert\u00fcmlich anmutenden Schreibmaschinen.<\/p>\n<h3><a href=\"http:\/\/www.wspassau.de\/sonstiges\/100jahre\/fachschaften\/textverarbeitung\/digital-camera-3\/\" rel=\"attachment wp-att-514\"><img decoding=\"async\" loading=\"lazy\" class=\"wp-image-514 aligncenter\" alt=\"DIGITAL CAMERA\" src=\"http:\/\/www.wspassau.de\/sonstiges\/100jahre\/wp-content\/uploads\/2013\/04\/TV_Triumph-300x225.jpg\" width=\"95\" height=\"70\" srcset=\"https:\/\/www.wspassau.de\/sonstiges\/100jahre\/wp-content\/uploads\/2013\/04\/TV_Triumph-300x225.jpg 300w, https:\/\/www.wspassau.de\/sonstiges\/100jahre\/wp-content\/uploads\/2013\/04\/TV_Triumph.jpg 1024w\" sizes=\"(max-width: 95px) 100vw, 95px\" \/><\/a><\/h3>\n<p>Den manuellen Schreibmaschinen folgten die elektrischen. Die Entwicklung ging weiter und 1986\/87 kam der Computer, wobei hier Alfred Weidinger als Pionier zu nennen ist. Zum Schuljahr 2000\/2001 wurde dann das Fach Stenographie aus dem F\u00e4cherspiegel genommen, ab 2001 nicht mehr unterrichtet.<\/p>\n<p style=\"text-align: left;\">Maschinenschreiben wurde in Textverarbeitung umbenannt und aufgewertet. Das Fach hat ein anspruchsvolles Profil. Was hat sich ge\u00e4ndert? Im Unterricht im Fach Textverarbeitung erlernen die Sch\u00fcler nach wie vor das 10-Finger-Tast-Schreiben, aber auch das selbstst\u00e4ndige Arbeiten mit den Textsystemen. Es gen\u00fcgt nicht, sich mit den Schreibregeln zu besch\u00e4ftigen. So sind auch die manuellen Fertigkeiten (Zahl der Anschl\u00e4ge) nicht mehr vorrangig.<a href=\"http:\/\/www.wspassau.de\/sonstiges\/100jahre\/fachschaften\/textverarbeitung\/digital-camera\/\" rel=\"attachment wp-att-512\"><img decoding=\"async\" loading=\"lazy\" class=\"wp-image-512 aligncenter\" alt=\"DIGITAL CAMERA\" src=\"http:\/\/www.wspassau.de\/sonstiges\/100jahre\/wp-content\/uploads\/2013\/04\/TV_Brother-300x240.jpg\" width=\"90\" height=\"75\" \/><\/a><\/p>\n<p>Vielmehr steht das Erlernen der Nutzung der zur Verf\u00fcgung stehenden Mittel, die die einzelnen Programme bieten, im Vordergrund. Es gilt moderne Informations- und Kommunikationstechniken bei der Textgestaltung sinnvoll einzusetzen. Wie man Zeit und Energie spart im Rahmen schriftlicher Kommunikation, das ist in der modernen Berufswelt von Bedeutung. Nicht zuletzt spielen kreative F\u00e4higkeiten mehr und mehr eine Rolle. Es gilt zu erw\u00e4hnen, dass Textverarbeitung eine f\u00e4cher\u00fcbergreifende Bedeutung hat. Das betrifft das Fach Deutsch, da beim Brief Rechtschrift, Stil und Sprachgef\u00fchl eine Rolle spielen. Querverbindungen gibt es auch zum Fach Datenverarbeitung.<a href=\"http:\/\/www.wspassau.de\/sonstiges\/100jahre\/fachschaften\/textverarbeitung\/digital-camera-2\/\" rel=\"attachment wp-att-513\"><img decoding=\"async\" loading=\"lazy\" class=\" wp-image-513 aligncenter\" alt=\"DIGITAL CAMERA\" src=\"http:\/\/www.wspassau.de\/sonstiges\/100jahre\/wp-content\/uploads\/2013\/04\/TV_PC-300x225.jpg\" width=\"95\" height=\"70\" srcset=\"https:\/\/www.wspassau.de\/sonstiges\/100jahre\/wp-content\/uploads\/2013\/04\/TV_PC-300x225.jpg 300w, https:\/\/www.wspassau.de\/sonstiges\/100jahre\/wp-content\/uploads\/2013\/04\/TV_PC.jpg 1024w\" sizes=\"(max-width: 95px) 100vw, 95px\" \/><\/a><\/p>\n<p>Die Erfolge in diesen F\u00e4chern sollten nicht unber\u00fccksichtigt bleiben. Der beste Stenograf der Drei-Fl\u00fcsse-Stadt ist nach wie vor Richard W\u00f6lfl mit 300 Silben\/Minute. Die erst 17-j\u00e4hrige Wirtschaftssch\u00fclerin Tanja Riedl konnte im Rahmen des Sch\u00fclerleistungsschreibens 1992 im 10-Minuten-Geschwindigkeitsschreiben mit 372 Anschl\u00e4gen pro Minute den ersten Platz erreichen. Sie wurde daf\u00fcr bei einem Empfang der Landessieger im Bayerischen Kultusministerium mit der silbernen Ehrennadel ausgezeichnet. Herausragend auch Michael Peter, der mit 409 Anschl\u00e4gen in der Minute Bundessieger wurde. Schlie\u00dflich kann Textverarbeitung auch Spa\u00df machen, wie die Maschinengrafiken von Karin W\u00f6hrl und Annemarie Biereder im Slider am Ende dieser Seite zeigen.<\/p>\n<p style=\"text-align: center;\"><strong><code>[wowslider id=\"49\"]<\/code><\/strong><\/p>\n","protected":false},"excerpt":{"rendered":"<p>Kurzschrift und Maschinenschreiben \u2013 Fertigkeiten im Wandel In keinem Bereich des F\u00e4cherkanons der Wirtschaftsschule zeigt sich der Wandel so sehr wie im Bereich Kurzschrift und Maschinenschreiben. In den Anf\u00e4ngen der Wirtschaftsschule Passau wurden die beiden F\u00e4cher nicht in der jetzigen Form bzw. unter der heutigen Bezeichnung unterrichtet. Die Sch\u00fcler mussten sich in den F\u00e4chern Stenographie [&hellip;]<\/p>\n","protected":false},"author":2,"featured_media":0,"parent":188,"menu_order":4,"comment_status":"open","ping_status":"open","template":"","meta":{"footnotes":""},"_links":{"self":[{"href":"https:\/\/www.wspassau.de\/sonstiges\/100jahre\/wp-json\/wp\/v2\/pages\/210"}],"collection":[{"href":"https:\/\/www.wspassau.de\/sonstiges\/100jahre\/wp-json\/wp\/v2\/pages"}],"about":[{"href":"https:\/\/www.wspassau.de\/sonstiges\/100jahre\/wp-json\/wp\/v2\/types\/page"}],"author":[{"embeddable":true,"href":"https:\/\/www.wspassau.de\/sonstiges\/100jahre\/wp-json\/wp\/v2\/users\/2"}],"replies":[{"embeddable":true,"href":"https:\/\/www.wspassau.de\/sonstiges\/100jahre\/wp-json\/wp\/v2\/comments?post=210"}],"version-history":[{"count":27,"href":"https:\/\/www.wspassau.de\/sonstiges\/100jahre\/wp-json\/wp\/v2\/pages\/210\/revisions"}],"predecessor-version":[{"id":212,"href":"https:\/\/www.wspassau.de\/sonstiges\/100jahre\/wp-json\/wp\/v2\/pages\/210\/revisions\/212"}],"up":[{"embeddable":true,"href":"https:\/\/www.wspassau.de\/sonstiges\/100jahre\/wp-json\/wp\/v2\/pages\/188"}],"wp:attachment":[{"href":"https:\/\/www.wspassau.de\/sonstiges\/100jahre\/wp-json\/wp\/v2\/media?parent=210"}],"curies":[{"name":"wp","href":"https:\/\/api.w.org\/{rel}","templated":true}]}}