{"id":213,"date":"2013-04-03T14:58:44","date_gmt":"2013-04-03T12:58:44","guid":{"rendered":"http:\/\/www.wspassau.de\/sonstiges\/100jahre\/?page_id=213"},"modified":"2013-07-29T10:00:43","modified_gmt":"2013-07-29T08:00:43","slug":"sport","status":"publish","type":"page","link":"https:\/\/www.wspassau.de\/sonstiges\/100jahre\/fachschaften\/sport\/","title":{"rendered":"Sport"},"content":{"rendered":"<p><img decoding=\"async\" loading=\"lazy\" class=\" wp-image-1012 alignleft\" alt=\"Sport_Logo\" src=\"http:\/\/www.wspassau.de\/sonstiges\/100jahre\/wp-content\/uploads\/2013\/05\/Sport_Logo.jpg\" width=\"80\" height=\"90\" \/>Es hei\u00dft: \u201e<strong>Mens sana in corpore sano<\/strong>\u201c, d.h. ein gesunder Geist in einem gesunden K\u00f6rper. Man k\u00f6nnte diese Weisheit auch auf unsere Schule \u00fcbertragen. Wenn Sportunterricht etwas \u00fcber den Geist einer Schule aussagt, so zeigt sich die Wirtschaftsschule in einem guten Licht. Sport hatte und hat immer einen gro\u00dfen Stellenwert.<\/p>\n<p>Die Spannweite der Erfolge reicht dabei von regional bis weltweit. Fangen wir bei den herausragenden Gr\u00f6\u00dfen an! So haftet sogar ein Hauch von Olympia unserer Schule an. G\u00fcnther Zahn, ein ehemaliger Wirtschaftssch\u00fcler, durfte 1972 das olympische Feuer in M\u00fcnchen entz\u00fcnden. Er war mehrfacher deutscher Jugendmeister im 1500-Meter-Lauf.<\/p>\n<p style=\"text-align: center;\"><a href=\"http:\/\/www.wspassau.de\/sonstiges\/100jahre\/fachschaften\/sport\/zahn\/\" rel=\"attachment wp-att-1015\"><img decoding=\"async\" loading=\"lazy\" class=\"alignnone size-full wp-image-1015\" alt=\"Zahn\" src=\"http:\/\/www.wspassau.de\/sonstiges\/100jahre\/wp-content\/uploads\/2013\/05\/Zahn.jpg\" width=\"103\" height=\"90\" srcset=\"https:\/\/www.wspassau.de\/sonstiges\/100jahre\/wp-content\/uploads\/2013\/05\/Zahn.jpg 1102w, https:\/\/www.wspassau.de\/sonstiges\/100jahre\/wp-content\/uploads\/2013\/05\/Zahn-300x260.jpg 300w, https:\/\/www.wspassau.de\/sonstiges\/100jahre\/wp-content\/uploads\/2013\/05\/Zahn-1024x890.jpg 1024w\" sizes=\"(max-width: 103px) 100vw, 103px\" \/><\/a><\/p>\n<p>Mit Stolz erf\u00fcllt uns auch die Tatsache, dass in der deutschen Fu\u00dfballnationalmannschaft ehemalige Wirtschaftssch\u00fcler spielten und zu Ruhm kamen, wie z. B. Herbert Waas. Mathias Wittmann und Michael Pillmeier spielten bei Wacker Burghausen in der 2. Fu\u00dfball-Bundesliga. G\u00fcnter Karl, sp\u00e4ter Sportlehrer bei den Maristen in F\u00fcrstenzell, kam bei der Europameisterschaft im Rudern auf den 3. Platz. Alfred Thral und Ernst Englberger wurden mit der Volleyballmannschaft des VC Passau deutscher Pokalsieger.<\/p>\n<p><a href=\"http:\/\/www.wspassau.de\/sonstiges\/100jahre\/fachschaften\/sport\/waas_h\/\" rel=\"attachment wp-att-1362\"><img decoding=\"async\" loading=\"lazy\" class=\"wp-image-1362 aligncenter\" alt=\"Waas_H\" src=\"http:\/\/www.wspassau.de\/sonstiges\/100jahre\/wp-content\/uploads\/2013\/07\/Waas_H.jpg\" width=\"65\" height=\"90\" srcset=\"https:\/\/www.wspassau.de\/sonstiges\/100jahre\/wp-content\/uploads\/2013\/07\/Waas_H.jpg 800w, https:\/\/www.wspassau.de\/sonstiges\/100jahre\/wp-content\/uploads\/2013\/07\/Waas_H-728x1024.jpg 728w\" sizes=\"(max-width: 65px) 100vw, 65px\" \/><\/a><\/p>\n<p>Im Dreisprung wurde Daniel Steinleitner s\u00fcddeutscher Meister und im Hochsprung (2,15 m) mehrfach bayerischer Meister. Als \u201eRadasse\u201c erwiesen sich Martin und Gerhard Peter, die im Radsport in der h\u00f6chsten Amateur-A-Klasse fuhren und viele Preise in Bayern und \u00d6sterreich errangen. Vor allem bei den Etappenrennen Passau-Budweis waren sie erfolgreich. Klaus Antholzner war Regional-Tennismeister in Niederbayern und leitet eine Tennisschule in Vilshofen. Karl Simonis wechselte auf Anraten von Sportlehrer Klaus Frankenberger von seiner urspr\u00fcnglich favorisierten Disziplin Volleyball auf Gewichtheben und wurde s\u00fcddeutscher Meister in dieser Sportart (Leichtgewicht).<\/p>\n<p><a href=\"http:\/\/www.wspassau.de\/sonstiges\/100jahre\/fachschaften\/sport\/steinleitner_d\/\" rel=\"attachment wp-att-1366\"><img decoding=\"async\" loading=\"lazy\" class=\"wp-image-1366 aligncenter\" alt=\"Steinleitner_D\" src=\"http:\/\/www.wspassau.de\/sonstiges\/100jahre\/wp-content\/uploads\/2013\/07\/Steinleitner_D.jpg\" width=\"80\" height=\"90\" \/><\/a><\/p>\n<p>Nicht vergessen darf man die vielen regionalen und \u00fcberregionalen Meisterschaften im Bereich Fu\u00dfball und Volleyball, bei denen die Schulmannschaften der Wirtschaftsschule gut vorbereitet und engagiert antraten und Erfolge erringen konnten. Eine Vitrine voller Pokale im Eingangsbereich der Schule gibt Zeugnis davon. Sch\u00fcler und Sportlehrer haben dem sportlichen Bereich der Schule und damit der Schule selbst einen sehr guten Ruf verliehen. Zu guter Letzt sei erw\u00e4hnt, dass der neue 2. Mann an der Wirtschaftsschule, Oswald Peter, 2007 mit seiner Mannschaft, dem TV Freyung, Deutscher Pokalsieger auf Bezirksebene im Tischtennis wurde.<\/p>\n<p><a href=\"http:\/\/www.wspassau.de\/sonstiges\/100jahre\/fachschaften\/sport\/tischtennis_2000\/\" rel=\"attachment wp-att-1029\"><img decoding=\"async\" loading=\"lazy\" class=\"wp-image-1029 aligncenter\" alt=\"Tischtennis_2000\" src=\"http:\/\/www.wspassau.de\/sonstiges\/100jahre\/wp-content\/uploads\/2013\/05\/Tischtennis_2000.jpg\" width=\"104\" height=\"90\" \/><\/a><\/p>\n<p>Weniger spektakul\u00e4r, aber immer ein fester Bestandteil des schulischen Programms, sind die Sportfeste am Ende des Schuljahres. Sie geben einen Eindruck von den Leistungen im Bereich Leichtathletik. Viele Sch\u00fcler gehen mit Begeisterung an den Lauf, zum Weitsprung usw. Die Bilder von den letzten Sportfesten beweisen es.<\/p>\n<p><a href=\"http:\/\/www.wspassau.de\/sonstiges\/100jahre\/fachschaften\/sport\/sportfest_2005\/\" rel=\"attachment wp-att-1022\"><img decoding=\"async\" loading=\"lazy\" class=\"wp-image-1022 aligncenter\" alt=\"Sportfest_2005\" src=\"http:\/\/www.wspassau.de\/sonstiges\/100jahre\/wp-content\/uploads\/2013\/05\/Sportfest_2005.jpg\" width=\"125\" height=\"90\" \/><\/a><\/p>\n<p>In Erinnerung bleiben die Sportlehrer: Hans Held, Egon Harms (Bobby), Klaus Frankenberger (Franky). Christine Jungwirth war die erste Sportlehrerin f\u00fcr die vom Josefsheim dazugekommenen M\u00e4dchen. Erika Wilhelm, Rosemarie Holler, Margot Just und Antraud K\u00fcblbeck versuchten die M\u00e4dchen f\u00fcr die sportliche Disziplin zu begeistern.<\/p>\n<p style=\"text-align: center;\"><strong><code>[wowslider id=\"50\"]<\/code><\/strong><\/p>\n","protected":false},"excerpt":{"rendered":"<p>Es hei\u00dft: \u201eMens sana in corpore sano\u201c, d.h. ein gesunder Geist in einem gesunden K\u00f6rper. Man k\u00f6nnte diese Weisheit auch auf unsere Schule \u00fcbertragen. Wenn Sportunterricht etwas \u00fcber den Geist einer Schule aussagt, so zeigt sich die Wirtschaftsschule in einem guten Licht. Sport hatte und hat immer einen gro\u00dfen Stellenwert. Die Spannweite der Erfolge reicht [&hellip;]<\/p>\n","protected":false},"author":2,"featured_media":0,"parent":188,"menu_order":5,"comment_status":"open","ping_status":"open","template":"","meta":{"footnotes":""},"_links":{"self":[{"href":"https:\/\/www.wspassau.de\/sonstiges\/100jahre\/wp-json\/wp\/v2\/pages\/213"}],"collection":[{"href":"https:\/\/www.wspassau.de\/sonstiges\/100jahre\/wp-json\/wp\/v2\/pages"}],"about":[{"href":"https:\/\/www.wspassau.de\/sonstiges\/100jahre\/wp-json\/wp\/v2\/types\/page"}],"author":[{"embeddable":true,"href":"https:\/\/www.wspassau.de\/sonstiges\/100jahre\/wp-json\/wp\/v2\/users\/2"}],"replies":[{"embeddable":true,"href":"https:\/\/www.wspassau.de\/sonstiges\/100jahre\/wp-json\/wp\/v2\/comments?post=213"}],"version-history":[{"count":29,"href":"https:\/\/www.wspassau.de\/sonstiges\/100jahre\/wp-json\/wp\/v2\/pages\/213\/revisions"}],"predecessor-version":[{"id":215,"href":"https:\/\/www.wspassau.de\/sonstiges\/100jahre\/wp-json\/wp\/v2\/pages\/213\/revisions\/215"}],"up":[{"embeddable":true,"href":"https:\/\/www.wspassau.de\/sonstiges\/100jahre\/wp-json\/wp\/v2\/pages\/188"}],"wp:attachment":[{"href":"https:\/\/www.wspassau.de\/sonstiges\/100jahre\/wp-json\/wp\/v2\/media?parent=213"}],"curies":[{"name":"wp","href":"https:\/\/api.w.org\/{rel}","templated":true}]}}