{"id":216,"date":"2013-04-03T14:59:42","date_gmt":"2013-04-03T12:59:42","guid":{"rendered":"http:\/\/www.wspassau.de\/sonstiges\/100jahre\/?page_id=216"},"modified":"2013-04-08T13:31:44","modified_gmt":"2013-04-08T11:31:44","slug":"schule-aktuell","status":"publish","type":"page","link":"https:\/\/www.wspassau.de\/sonstiges\/100jahre\/schule-mehr\/schule-aktuell\/","title":{"rendered":"Schule aktuell"},"content":{"rendered":"<h3><a href=\"http:\/\/www.wspassau.de\/sonstiges\/100jahre\/schule-mehr\/schule-aktuell\/farbe\/\" rel=\"attachment wp-att-543\"><img decoding=\"async\" loading=\"lazy\" class=\" wp-image-543 alignleft\" alt=\"Farbe\" src=\"http:\/\/www.wspassau.de\/sonstiges\/100jahre\/wp-content\/uploads\/2013\/04\/Farbe.jpg\" width=\"80\" height=\"50\" \/><\/a>Eine Schule bekennt Farbe<\/h3>\n<p>Wer das Schulhaus betritt, bemerkt den kr\u00e4ftigen Farbton des Treppenhauses, der unsere Schule bunt erscheinen l\u00e4sst. Dies dient nicht nur einer Versch\u00f6nerung des Schulgeb\u00e4udes, sondern wirkt belebend und impulsgebend. So gesehen ist der Farbanstrich auch inhaltlich Programm.<\/p>\n<p>Unsere Schule bekennt in mehrfacher Hinsicht Farbe. Zun\u00e4chst bem\u00fchte sich unser derzeitiger Schulleiter OStD Dieter Sch\u00f6nbuchner um den Titel \u201e<a title=\"Schule ohne Rassismus\" href=\"http:\/\/www.wspassau.de\/sonstiges\/100jahre\/schule-mehr\/schule-aktuell\/schule-ohne-rassismus\/\">Schule ohne Rassismus \u2013 Schule mit Courage<\/a>\u201c. Als Pate konnte MdB Max Stadler gewonnen werden. Diese Auszeichnung ist mit einer Verpflichtung verbunden, jegliche Ans\u00e4tze von Diskriminierung in irgendeiner Form zu unterbinden bzw. sofort dagegen anzu-k\u00e4mpfen.<\/p>\n<p>Unsere Schule bekennt auch insofern Farbe, als sie ihrem wirtschaftlichen Tenor klar herausstellt. Die Erziehung der Sch\u00fcler in Sachen &#8222;<a title=\"\u00d6konomische Verbraucherbildung\" href=\"http:\/\/www.wspassau.de\/sonstiges\/100jahre\/schule-mehr\/schule-aktuell\/okonomische-verbraucherbildung\/\">\u00d6konomische Verbraucherbildung<\/a>&#8220;\u00a0 ist ein weiteres Pr\u00e4dikat.<\/p>\n<p>Seit kurzer Zeit ist sie auch &#8222;<a title=\"Referenzschule f\u00fcr Medienbildung\" href=\"http:\/\/www.wspassau.de\/sonstiges\/100jahre\/schule-mehr\/schule-aktuell\/referenzschule-fur-medienbildung\/\">Referenzschule f\u00fcr Medienbildung<\/a>&#8220; und soll Multiplikator sein f\u00fcr andere Wirtschaftsschulen.<\/p>\n<p>Was gut ist, kann noch besser werden. Dieser Grundsatz ist Leitmotiv f\u00fcr unser Schulentwicklungsteam, das sich unter dem Stichwort \u201e<a title=\"QmbS\" href=\"http:\/\/www.wspassau.de\/sonstiges\/100jahre\/schule-mehr\/schule-aktuell\/qmbs\/\">QmbS<\/a>\u201c, d.h. Qualit\u00e4tsmanagement an beruflichen Schulen, um Optimierung schulischer Abl\u00e4ufe bem\u00fcht. Auch dieses Emblem stellt einen Pr\u00e4dikatsstempel f\u00fcr unsere Einrichtung dar.<\/p>\n","protected":false},"excerpt":{"rendered":"<p>Eine Schule bekennt Farbe Wer das Schulhaus betritt, bemerkt den kr\u00e4ftigen Farbton des Treppenhauses, der unsere Schule bunt erscheinen l\u00e4sst. Dies dient nicht nur einer Versch\u00f6nerung des Schulgeb\u00e4udes, sondern wirkt belebend und impulsgebend. So gesehen ist der Farbanstrich auch inhaltlich Programm. Unsere Schule bekennt in mehrfacher Hinsicht Farbe. Zun\u00e4chst bem\u00fchte sich unser derzeitiger Schulleiter OStD [&hellip;]<\/p>\n","protected":false},"author":2,"featured_media":0,"parent":233,"menu_order":1,"comment_status":"open","ping_status":"open","template":"","meta":{"footnotes":""},"_links":{"self":[{"href":"https:\/\/www.wspassau.de\/sonstiges\/100jahre\/wp-json\/wp\/v2\/pages\/216"}],"collection":[{"href":"https:\/\/www.wspassau.de\/sonstiges\/100jahre\/wp-json\/wp\/v2\/pages"}],"about":[{"href":"https:\/\/www.wspassau.de\/sonstiges\/100jahre\/wp-json\/wp\/v2\/types\/page"}],"author":[{"embeddable":true,"href":"https:\/\/www.wspassau.de\/sonstiges\/100jahre\/wp-json\/wp\/v2\/users\/2"}],"replies":[{"embeddable":true,"href":"https:\/\/www.wspassau.de\/sonstiges\/100jahre\/wp-json\/wp\/v2\/comments?post=216"}],"version-history":[{"count":12,"href":"https:\/\/www.wspassau.de\/sonstiges\/100jahre\/wp-json\/wp\/v2\/pages\/216\/revisions"}],"predecessor-version":[{"id":218,"href":"https:\/\/www.wspassau.de\/sonstiges\/100jahre\/wp-json\/wp\/v2\/pages\/216\/revisions\/218"}],"up":[{"embeddable":true,"href":"https:\/\/www.wspassau.de\/sonstiges\/100jahre\/wp-json\/wp\/v2\/pages\/233"}],"wp:attachment":[{"href":"https:\/\/www.wspassau.de\/sonstiges\/100jahre\/wp-json\/wp\/v2\/media?parent=216"}],"curies":[{"name":"wp","href":"https:\/\/api.w.org\/{rel}","templated":true}]}}