{"id":222,"date":"2013-04-03T15:01:05","date_gmt":"2013-04-03T13:01:05","guid":{"rendered":"http:\/\/www.wspassau.de\/sonstiges\/100jahre\/?page_id=222"},"modified":"2013-10-04T13:36:29","modified_gmt":"2013-10-04T11:36:29","slug":"skilager","status":"publish","type":"page","link":"https:\/\/www.wspassau.de\/sonstiges\/100jahre\/schule-mehr\/highlights\/skilager\/","title":{"rendered":"Skilager"},"content":{"rendered":"<p><a href=\"http:\/\/www.wspassau.de\/sonstiges\/100jahre\/schule-mehr\/highlights\/skilager\/skiwoche_logo\/\" rel=\"attachment wp-att-1602\"><img decoding=\"async\" loading=\"lazy\" class=\"size-full wp-image-1602 alignleft\" alt=\"Skiwoche_Logo\" src=\"http:\/\/www.wspassau.de\/sonstiges\/100jahre\/wp-content\/uploads\/2013\/09\/Skiwoche_Logo.jpg\" width=\"150\" height=\"100\" \/><\/a>Es sind die Highlights, die aus dem schulischen Alltag herausleuchten und an die man sich auch noch nach Jahrzehnten erinnert. Da w\u00e4ren zun\u00e4chst einmal die Skilager der 7. Klassen zu nennen, die nicht nur die sportliche Bet\u00e4tigung in den Vordergrund stellen, sondern auch Gemeinschaftsgeist und jede Menge Spa\u00df bewirken sollen.<\/p>\n<p>Sie bereichern das Schulleben in mehrfacher Hinsicht und sind nicht zuletzt Abwechslung im schulischen Alltag. Hier ein kurzer \u00dcberblick \u00fcber die verschiedenen Standorte der letzten 40 Jahre: Mitterfirmiansreuth \u2013 Klaffer (Hochficht) &#8211; Walchsee &#8211; K\u00f6ssen &#8211; Gerlosplatte &#8211; Thurmersbach &#8211; Zell am See &#8211; Hard &#8211; Hochf\u00fcgen &#8211; Mayrhofen &#8211; Alpachtal. Seit 20 Jahren ist Niederfritz in der Flachau Anlaufstelle f\u00fcr unsere Skifahrer.<\/p>\n<p>Viele Geschichten k\u00f6nnte man erz\u00e4hlen. \u201eDie, die dabei waren\u201c, so meint Sportlehrer Klaus Frankenberger, \u201ebewahren Stillschweigen \u00fcber die Vorkommnisse, das ist Ehrensache. Nur so viel sei gesagt: Es gab immer viel Spa\u00df!!!&#8220; Und er muss es ja wissen, denn er begleitet die Sch\u00fcler schon seit Jahrzehnten \u2013 und dies immer noch mit Begeisterung.<\/p>\n<p>Und hier noch einige Impressionen der vergangenen Jahre:<\/p>\n<p class=\"aligncenter\" style=\"text-align: center;\">[nggallery id=3]<\/p>\n<p>&nbsp;<\/p>\n<p>&nbsp;<\/p>\n<p>&nbsp;<\/p>\n","protected":false},"excerpt":{"rendered":"<p>Es sind die Highlights, die aus dem schulischen Alltag herausleuchten und an die man sich auch noch nach Jahrzehnten erinnert. Da w\u00e4ren zun\u00e4chst einmal die Skilager der 7. Klassen zu nennen, die nicht nur die sportliche Bet\u00e4tigung in den Vordergrund stellen, sondern auch Gemeinschaftsgeist und jede Menge Spa\u00df bewirken sollen. Sie bereichern das Schulleben in [&hellip;]<\/p>\n","protected":false},"author":2,"featured_media":0,"parent":219,"menu_order":0,"comment_status":"open","ping_status":"open","template":"","meta":{"footnotes":""},"_links":{"self":[{"href":"https:\/\/www.wspassau.de\/sonstiges\/100jahre\/wp-json\/wp\/v2\/pages\/222"}],"collection":[{"href":"https:\/\/www.wspassau.de\/sonstiges\/100jahre\/wp-json\/wp\/v2\/pages"}],"about":[{"href":"https:\/\/www.wspassau.de\/sonstiges\/100jahre\/wp-json\/wp\/v2\/types\/page"}],"author":[{"embeddable":true,"href":"https:\/\/www.wspassau.de\/sonstiges\/100jahre\/wp-json\/wp\/v2\/users\/2"}],"replies":[{"embeddable":true,"href":"https:\/\/www.wspassau.de\/sonstiges\/100jahre\/wp-json\/wp\/v2\/comments?post=222"}],"version-history":[{"count":23,"href":"https:\/\/www.wspassau.de\/sonstiges\/100jahre\/wp-json\/wp\/v2\/pages\/222\/revisions"}],"predecessor-version":[{"id":224,"href":"https:\/\/www.wspassau.de\/sonstiges\/100jahre\/wp-json\/wp\/v2\/pages\/222\/revisions\/224"}],"up":[{"embeddable":true,"href":"https:\/\/www.wspassau.de\/sonstiges\/100jahre\/wp-json\/wp\/v2\/pages\/219"}],"wp:attachment":[{"href":"https:\/\/www.wspassau.de\/sonstiges\/100jahre\/wp-json\/wp\/v2\/media?parent=222"}],"curies":[{"name":"wp","href":"https:\/\/api.w.org\/{rel}","templated":true}]}}