{"id":225,"date":"2013-04-03T15:01:38","date_gmt":"2013-04-03T13:01:38","guid":{"rendered":"http:\/\/www.wspassau.de\/sonstiges\/100jahre\/?page_id=225"},"modified":"2013-10-04T13:39:56","modified_gmt":"2013-10-04T11:39:56","slug":"abschlussfahrten","status":"publish","type":"page","link":"https:\/\/www.wspassau.de\/sonstiges\/100jahre\/schule-mehr\/highlights\/abschlussfahrten\/","title":{"rendered":"Abschlussfahrten"},"content":{"rendered":"<p>Steht das Skilager im ersten Jahr der Sch\u00fcler an der WS f\u00fcr Gemeinschaftserlebnisse, so beendet die Abschlussfahrt die Schulzeit. Sie wird zudem als Belohnung f\u00fcr langj\u00e4hriges Bem\u00fchen von den Sch\u00fclern erbeten. Wohlwollende Lehrer unterziehen sich diesem H\u00e4rtetest, indem sie den Lehrcharakter der Fahrten in Sachen Kultur herausstreichen. Gleichwohl wird den P\u00e4dagogen viel Durchhalteverm\u00f6gen abverlangt, denn der Tag endet nicht mit Museumsbesuchen. Aber man lernt ja nicht nur f\u00fcr die Schule, sondern auch f\u00fcr das Leben.<\/p>\n<p>Dabei wurden im Laufe der Jahre unterschiedliche Ziele angesteuert:<\/p>\n<div style=\"width: 640px;\" class=\"wp-video\"><!--[if lt IE 9]><script>document.createElement('video');<\/script><![endif]-->\n<video class=\"wp-video-shortcode\" id=\"video-225-1\" width=\"640\" height=\"360\" autoplay=\"1\" preload=\"false\" controls=\"controls\"><source type=\"video\/mp4\" src=\"http:\/\/www.wspassau.de\/sonstiges\/100jahre\/wp-content\/uploads\/2013\/07\/Abschlussfahrt.mp4?_=1\" \/><a href=\"http:\/\/www.wspassau.de\/sonstiges\/100jahre\/wp-content\/uploads\/2013\/07\/Abschlussfahrt.mp4\">http:\/\/www.wspassau.de\/sonstiges\/100jahre\/wp-content\/uploads\/2013\/07\/Abschlussfahrt.mp4<\/a><\/video><\/div>\n<p>erstellt von Lisa-Marie Schuster (AK 2013)<\/p>\n<p>Der Bogen spannt sich dabei von Hamburg im Norden bis nach Wien, S\u00fcdtirol, an den Gardasee oder den Lago Maggiore. Rom oder die Toscana sind ebenso begehrt wie Stra\u00dfburg oder Paris. Seit der \u00d6ffnung des Eisernen Vorhangs ist auch Prag ein angestrebtes Ziel. Unsere Partnerst\u00e4dte Cagnes-sur-Mer im S\u00fcden Frankreichs mit dem herrlichen Hinterland oder Montecchio Maggiore im Veneto werden ebenso besucht. Mehr und mehr tritt auch Berlin in den Interessenbereich der Abschlusssch\u00fcler. Keiner m\u00f6chte diese Tage seiner Schulzeit missen und gerade bei Klassentreffen erinnert man sich immer wieder gerne: Wisst ihr noch &#8230;?<\/p>\n<p style=\"text-align: center;\">[nggallery id=4]<\/p>\n<p>&nbsp;<\/p>\n","protected":false},"excerpt":{"rendered":"<p>Steht das Skilager im ersten Jahr der Sch\u00fcler an der WS f\u00fcr Gemeinschaftserlebnisse, so beendet die Abschlussfahrt die Schulzeit. Sie wird zudem als Belohnung f\u00fcr langj\u00e4hriges Bem\u00fchen von den Sch\u00fclern erbeten. Wohlwollende Lehrer unterziehen sich diesem H\u00e4rtetest, indem sie den Lehrcharakter der Fahrten in Sachen Kultur herausstreichen. Gleichwohl wird den P\u00e4dagogen viel Durchhalteverm\u00f6gen abverlangt, denn [&hellip;]<\/p>\n","protected":false},"author":2,"featured_media":0,"parent":219,"menu_order":1,"comment_status":"open","ping_status":"open","template":"","meta":{"footnotes":""},"_links":{"self":[{"href":"https:\/\/www.wspassau.de\/sonstiges\/100jahre\/wp-json\/wp\/v2\/pages\/225"}],"collection":[{"href":"https:\/\/www.wspassau.de\/sonstiges\/100jahre\/wp-json\/wp\/v2\/pages"}],"about":[{"href":"https:\/\/www.wspassau.de\/sonstiges\/100jahre\/wp-json\/wp\/v2\/types\/page"}],"author":[{"embeddable":true,"href":"https:\/\/www.wspassau.de\/sonstiges\/100jahre\/wp-json\/wp\/v2\/users\/2"}],"replies":[{"embeddable":true,"href":"https:\/\/www.wspassau.de\/sonstiges\/100jahre\/wp-json\/wp\/v2\/comments?post=225"}],"version-history":[{"count":23,"href":"https:\/\/www.wspassau.de\/sonstiges\/100jahre\/wp-json\/wp\/v2\/pages\/225\/revisions"}],"predecessor-version":[{"id":227,"href":"https:\/\/www.wspassau.de\/sonstiges\/100jahre\/wp-json\/wp\/v2\/pages\/225\/revisions\/227"}],"up":[{"embeddable":true,"href":"https:\/\/www.wspassau.de\/sonstiges\/100jahre\/wp-json\/wp\/v2\/pages\/219"}],"wp:attachment":[{"href":"https:\/\/www.wspassau.de\/sonstiges\/100jahre\/wp-json\/wp\/v2\/media?parent=225"}],"curies":[{"name":"wp","href":"https:\/\/api.w.org\/{rel}","templated":true}]}}