{"id":228,"date":"2013-04-03T15:02:07","date_gmt":"2013-04-03T13:02:07","guid":{"rendered":"http:\/\/www.wspassau.de\/sonstiges\/100jahre\/?page_id=228"},"modified":"2013-09-22T11:15:49","modified_gmt":"2013-09-22T09:15:49","slug":"schuleraustausch","status":"publish","type":"page","link":"https:\/\/www.wspassau.de\/sonstiges\/100jahre\/schule-mehr\/highlights\/schuleraustausch\/","title":{"rendered":"Sch\u00fcleraustausch"},"content":{"rendered":"<h3 style=\"text-align: left;\"><a href=\"http:\/\/www.wspassau.de\/sonstiges\/100jahre\/schule-mehr\/highlights\/schuleraustausch\/logo_austausch\/\" target=\"_blank\" rel=\"attachment wp-att-590\"><img decoding=\"async\" loading=\"lazy\" class=\" wp-image-590 alignleft\" alt=\"Logo_Austausch\" src=\"http:\/\/www.wspassau.de\/sonstiges\/100jahre\/wp-content\/uploads\/2013\/04\/Logo_Austausch.jpg\" width=\"130\" height=\"85\" \/><\/a><\/h3>\n<h4 style=\"text-align: left;\">&#8230;una bella idea und ein Erfolgsmodell<\/h4>\n<p>In der Reihe der Vorzeigeprojekte unserer Schule gibt es ein besonderes Glanzst\u00fcck, das herausragt und interkulturelle Kompetenz unter Beweis stellt. Seit 1990 wird mit gro\u00dfem und nachhaltigem Erfolg ein Sch\u00fcleraustausch mit dem Istituto S. Ceccato in Montecchio Maggiore gepflegt. Im Fr\u00fchjahr kommen die jungen Italiener nach Passau, um hier Land und Leute kennenzulernen.<\/p>\n<p>Neben der Besichtigung unserer Dreifl\u00fcssestadt gilt vor allem die Fahrt nach M\u00fcnchen als absolutes Highlight. Auch die Sch\u00f6nheit des Bayerischen Waldes m\u00f6chte man den G\u00e4sten durch Ausfl\u00fcge nahebringen. Interesse zeigen die Austauschsch\u00fcler sowohl bei den hiesigen Brauereien als auch bei der Pralinenherstellung im Caf\u00e9 Simon, wo sie sich selbst einen Passauer T\u00f6lpel aus Marzipan basteln d\u00fcrfen. Barocke Lebensfreude erleben sie auf der Maidult, ein unbedingtes Muss f\u00fcr die musik- und tanzbegeisterten Ragazzi.<\/p>\n<p>Dass die Stadt Passau Wert legt auf diese Art der Begegnungen, \u00e4u\u00dfert sich beim Empfang im Rathaus. Den Ausklang der gemeinsamen Woche bildet ein wohl vorbereiteter Abschlussabend, zu dem sich Sch\u00fcler und Eltern in einem Gasthaus treffen und die Erlebnisse Revue passieren lassen. Der meist tr\u00e4nenreiche Abschied zeigt, dass sich die jungen Menschen n\u00e4her gekommen sind. Und alle Beteiligten freuen sich auf den Herbst, wenn der Gegenbesuch stattfindet. Dann hei\u00dft es f\u00fcr die Sch\u00fcler der Wirtschaftsschule gen S\u00fcden zu reisen und ihre Erfahrungen mit dem Nachbarland zu machen.<\/p>\n<p>Auch hier steht nicht nur die Schule im Mittelpunkt, sondern man erkundet das nahe Vicenza oder \u2013 ganz oben auf der Wunschliste der deutschen Sch\u00fcler \u2013 das einmalige Venedig. Ist f\u00fcr Bayern das Bier typisch, so ist es in Italien der Wein, der Besuch einer Cantina folglich obligatorisch. Auch in Montecchio l\u00e4dt der B\u00fcrgermeister die jungen Deutschen ins Rathaus. Die von Palladio erbaute Villa, das Vorzeigeobjekt der Stadt, liefert den Rahmen f\u00fcr manch feierlichen Konzertabend. Nicht alle Programmpunkte lassen sich hier erfassen. Was jedoch keinesfalls unerw\u00e4hnt bleiben sollte, ist die herzliche Aufnahme in den Familien, die die jungen Menschen auf beiden Seiten erleben d\u00fcrfen. \u00dcberhaupt geht es um mehr als um das Besichtigen von Sehensw\u00fcrdigkeiten, vielmehr wurden und werden Beziehungen gekn\u00fcpft, die die Jugend Europas einander n\u00e4herbringen, indem man Vorurteile abbaut und Freundschaften schlie\u00dft. Nur auf dieser Basis kann das Haus Europa f\u00fcr die Zukunft Bestand haben.<\/p>\n<p>Mit Stolz verweist die Staatliche Wirtschaftsschule darauf, dass die sp\u00e4ter entstandene St\u00e4dtepartnerschaft zwischen Passau und Montecchio Maggiore aus der Schulpartnerschaft erwachsen ist. Der besondere Dank hierf\u00fcr gilt StDin Frau Marianne Behrer und Dr. Gian-Carlo Gianni, die das Projekt begr\u00fcndeten. In Italien wurde es 20 Jahre lange geleitet von Frau Anna-Maria Cerchiaro, gefolgt von Frau Rosanna Frizzo. Viele Kollegen unserer Schule haben sich engagiert, dass die Begegnungen \u00fcber die Jahre weitergetragen wurden, so Frau Meyer, Frau Krieger-Senn und Frau Siebert. In die Zukunft wird sich Frau Jakob dieser verantwortungsvollen Aufgabe widmen. Erfreulicher Weise wird das Austauschprogramm auch von der Schulleitung beider Schulen wohlwollend und tatkr\u00e4ftig unterst\u00fctzt. Die derzeitigen Direktoren, Frau Antonella Sperotto und Herr OStD Dieter Sch\u00f6nbuchner, tun alles, um die Partnerschaft lebendig zu erhalten.<\/p>\n<p>Cosi belle immagini!<\/p>\n<p>[nggallery id=5]<\/p>\n","protected":false},"excerpt":{"rendered":"<p>&#8230;una bella idea und ein Erfolgsmodell In der Reihe der Vorzeigeprojekte unserer Schule gibt es ein besonderes Glanzst\u00fcck, das herausragt und interkulturelle Kompetenz unter Beweis stellt. Seit 1990 wird mit gro\u00dfem und nachhaltigem Erfolg ein Sch\u00fcleraustausch mit dem Istituto S. Ceccato in Montecchio Maggiore gepflegt. Im Fr\u00fchjahr kommen die jungen Italiener nach Passau, um hier [&hellip;]<\/p>\n","protected":false},"author":2,"featured_media":0,"parent":219,"menu_order":2,"comment_status":"open","ping_status":"open","template":"","meta":{"footnotes":""},"_links":{"self":[{"href":"https:\/\/www.wspassau.de\/sonstiges\/100jahre\/wp-json\/wp\/v2\/pages\/228"}],"collection":[{"href":"https:\/\/www.wspassau.de\/sonstiges\/100jahre\/wp-json\/wp\/v2\/pages"}],"about":[{"href":"https:\/\/www.wspassau.de\/sonstiges\/100jahre\/wp-json\/wp\/v2\/types\/page"}],"author":[{"embeddable":true,"href":"https:\/\/www.wspassau.de\/sonstiges\/100jahre\/wp-json\/wp\/v2\/users\/2"}],"replies":[{"embeddable":true,"href":"https:\/\/www.wspassau.de\/sonstiges\/100jahre\/wp-json\/wp\/v2\/comments?post=228"}],"version-history":[{"count":58,"href":"https:\/\/www.wspassau.de\/sonstiges\/100jahre\/wp-json\/wp\/v2\/pages\/228\/revisions"}],"predecessor-version":[{"id":591,"href":"https:\/\/www.wspassau.de\/sonstiges\/100jahre\/wp-json\/wp\/v2\/pages\/228\/revisions\/591"}],"up":[{"embeddable":true,"href":"https:\/\/www.wspassau.de\/sonstiges\/100jahre\/wp-json\/wp\/v2\/pages\/219"}],"wp:attachment":[{"href":"https:\/\/www.wspassau.de\/sonstiges\/100jahre\/wp-json\/wp\/v2\/media?parent=228"}],"curies":[{"name":"wp","href":"https:\/\/api.w.org\/{rel}","templated":true}]}}