{"id":230,"date":"2013-04-03T15:02:35","date_gmt":"2013-04-03T13:02:35","guid":{"rendered":"http:\/\/www.wspassau.de\/sonstiges\/100jahre\/?page_id=230"},"modified":"2013-09-05T10:54:31","modified_gmt":"2013-09-05T08:54:31","slug":"weihnachtsbasar","status":"publish","type":"page","link":"https:\/\/www.wspassau.de\/sonstiges\/100jahre\/schule-mehr\/highlights\/weihnachtsbasar\/","title":{"rendered":"Weihnachtsbasar"},"content":{"rendered":"<p><a href=\"http:\/\/www.wspassau.de\/sonstiges\/100jahre\/schule-mehr\/highlights\/weihnachtsbasar\/basar_logo\/\" rel=\"attachment wp-att-1595\"><img decoding=\"async\" loading=\"lazy\" class=\"size-full wp-image-1595 alignleft\" alt=\"Basar_Logo\" src=\"http:\/\/www.wspassau.de\/sonstiges\/100jahre\/wp-content\/uploads\/2013\/09\/Basar_Logo.jpg\" width=\"150\" height=\"100\" \/><\/a>Die Staatliche Wirtschaftsschule gen\u00fcgt nicht nur sich selbst, sondern f\u00fchlt sich auch sozialen Aufgaben verpflichtet. Aus der Reihe der Aktivit\u00e4ten ist der j\u00e4hrliche Weihnachtsbasar hervorzuheben. Hierbei hat jede Klasse ein eigenes Konzept, sich an diesem Tag einzubringen. So verkaufen einige Klassen ihre Bastelarbeiten, andere bieten selbst gebackene Weihnachtspl\u00e4tzchen an.<\/p>\n<p>Es gibt ein Weihnachtscaf\u00e9, Essst\u00e4nde von der Wei\u00dfwurststube bis zur Pizzeria, Theater, Kino, Wurfbuden, Losst\u00e4nde. B\u00fchnenwirksame Leistungen wie \u201eWS sucht den Superstar\u201c, \u201eHerzblatt\u201c oder eine Misswahl, die Liste der Ideen ist noch lange nicht ersch\u00f6pft und setzt weiterer Kreativit\u00e4t keine Grenzen.<\/p>\n<p>Gleichzeitig wird mit dem Weihnachtsbasar auch Sinnvolles erreicht. Der Erl\u00f6s kommt Schwester Teresa zugute, die in Simbabwe in einer Missionsstation Projekte unterschiedlichster Art in Angriff nimmt, um die Not der Menschen dort zu lindern. Mit Stolz kann unsere Schule darauf verweisen, dass schon \u00fcber 210 000,00 Euro im Laufe der letzten 30 Jahre \u00fcberwiesen werden konnten.<\/p>\n<p>Uns so geht&#8217;s auf dem Weihnachtsbasar zu:<\/p>\n<p>[nggallery id=6]<\/p>\n","protected":false},"excerpt":{"rendered":"<p>Die Staatliche Wirtschaftsschule gen\u00fcgt nicht nur sich selbst, sondern f\u00fchlt sich auch sozialen Aufgaben verpflichtet. Aus der Reihe der Aktivit\u00e4ten ist der j\u00e4hrliche Weihnachtsbasar hervorzuheben. Hierbei hat jede Klasse ein eigenes Konzept, sich an diesem Tag einzubringen. So verkaufen einige Klassen ihre Bastelarbeiten, andere bieten selbst gebackene Weihnachtspl\u00e4tzchen an. Es gibt ein Weihnachtscaf\u00e9, Essst\u00e4nde von [&hellip;]<\/p>\n","protected":false},"author":2,"featured_media":0,"parent":219,"menu_order":3,"comment_status":"open","ping_status":"open","template":"","meta":{"footnotes":""},"_links":{"self":[{"href":"https:\/\/www.wspassau.de\/sonstiges\/100jahre\/wp-json\/wp\/v2\/pages\/230"}],"collection":[{"href":"https:\/\/www.wspassau.de\/sonstiges\/100jahre\/wp-json\/wp\/v2\/pages"}],"about":[{"href":"https:\/\/www.wspassau.de\/sonstiges\/100jahre\/wp-json\/wp\/v2\/types\/page"}],"author":[{"embeddable":true,"href":"https:\/\/www.wspassau.de\/sonstiges\/100jahre\/wp-json\/wp\/v2\/users\/2"}],"replies":[{"embeddable":true,"href":"https:\/\/www.wspassau.de\/sonstiges\/100jahre\/wp-json\/wp\/v2\/comments?post=230"}],"version-history":[{"count":19,"href":"https:\/\/www.wspassau.de\/sonstiges\/100jahre\/wp-json\/wp\/v2\/pages\/230\/revisions"}],"predecessor-version":[{"id":232,"href":"https:\/\/www.wspassau.de\/sonstiges\/100jahre\/wp-json\/wp\/v2\/pages\/230\/revisions\/232"}],"up":[{"embeddable":true,"href":"https:\/\/www.wspassau.de\/sonstiges\/100jahre\/wp-json\/wp\/v2\/pages\/219"}],"wp:attachment":[{"href":"https:\/\/www.wspassau.de\/sonstiges\/100jahre\/wp-json\/wp\/v2\/media?parent=230"}],"curies":[{"name":"wp","href":"https:\/\/api.w.org\/{rel}","templated":true}]}}