{"id":236,"date":"2013-04-03T15:03:42","date_gmt":"2013-04-03T13:03:42","guid":{"rendered":"http:\/\/www.wspassau.de\/sonstiges\/100jahre\/?page_id=236"},"modified":"2013-10-04T13:21:12","modified_gmt":"2013-10-04T11:21:12","slug":"erinnerungen","status":"publish","type":"page","link":"https:\/\/www.wspassau.de\/sonstiges\/100jahre\/erinnerungen\/","title":{"rendered":"Erinnerungen"},"content":{"rendered":"<p>Immer <a href=\"http:\/\/www.wspassau.de\/sonstiges\/100jahre\/erinnerungen\/bognitschar\/\" rel=\"attachment wp-att-857\"><img decoding=\"async\" loading=\"lazy\" class=\" wp-image-857 alignleft\" alt=\"Bognitschar\" src=\"http:\/\/www.wspassau.de\/sonstiges\/100jahre\/wp-content\/uploads\/2013\/05\/Bognitschar.jpg\" width=\"75\" height=\"110\" \/><\/a>wieder wird von den Ehemaligen betont, dass unsere Schule Wohlf\u00fchlcharakter hat, dass ein gutes Schulklima herrscht. Das Wort Schulfamilie passt hier durchaus. Man kann aber diesen Begriff auch noch anders interpretieren, wenn man wei\u00df, dass unsere Wirtschaftsschule in manchen Familien \u00fcber Generationen hinweg Akzeptanz erf\u00e4hrt. Ehemalige Sch\u00fcler schicken ihre Kinder mit der festen \u00dcberzeugung in diese Institution, dass sie dort wichtige Grundlagen f\u00fcr ihr sp\u00e4teres Leben mitbekommen und dar\u00fcber hinaus gut aufgehoben sind. In manchen Familien besuchte sogar jedes Kind unsere Schule. Paradebeispiel ist einmal die Familie Bognitschar, deren vier Kinder einen guten Abschluss bei uns schafften.<\/p>\n<p>&nbsp;<\/p>\n<p><a href=\"http:\/\/www.wspassau.de\/sonstiges\/100jahre\/erinnerungen\/turku\/\" rel=\"attachment wp-att-859\"><img decoding=\"async\" loading=\"lazy\" class=\" wp-image-859 alignright\" alt=\"Turku\" src=\"http:\/\/www.wspassau.de\/sonstiges\/100jahre\/wp-content\/uploads\/2013\/05\/Turku.jpg\" width=\"175\" height=\"75\" \/><\/a>Bei Familie Turku waren es sechs ihrer Kinder, die zum Teil hervorragende Leistungen erbrachten. Dieses Vertrauen ehrt uns, es stellt zudem ein Qualit\u00e4tssiegel f\u00fcr jede Schule dar. Auch die Familien Ruhhammer und Simonis sollten in diesem Zusammenhang erw\u00e4hnt werden.<\/p>\n<p>&nbsp;<\/p>\n<p><strong>Hier noch eine kleine Anekdote:<\/strong><\/p>\n<p style=\"padding-left: 30px;\">Der ehemalige Betriebsleiter einer Passau Auto-Firma hatte 1967 ein Schl\u00fcsselerlebnis mit dem ber\u00fchmt-ber\u00fcchtigen Lehrer Franz Scheigele, genannt &#8222;Scheix&#8220;:<\/p>\n<p style=\"padding-left: 30px;\">\u201eEs war in der vorletzten Klasse, als ich von der Schule die Schnauze voll hatte und endlich Geld verdienen wollte. Eines Tages erkl\u00e4rte ich Herrn Scheigele im Unterricht, dass ich keine Lust mehr auf Schule h\u00e4tte und aufh\u00f6ren wolle, um Geld zu verdienen. Er \u00fcbergab mir einen Brief mit dem Auftrag, diesen sofort Herrn Leebmann vom selbigen Autohaus zu \u00fcberbringen. Eigentlich wollte ich ja Mechaniker werden. Der Gesch\u00e4ftsf\u00fchrer meinte jedoch, mit diesen Referenzen wirst du ein Kaufmann. &#8230; Ich wurde Kaufmann, auf Empfehlung des gef\u00fcrchteten Lehrers Franz Scheigele. Seit diesem Erlebnis war f\u00fcr mich klar, \u201eda Scheix hatte zwar eine harte Schale, aber einen weichen Kern.\u201c Ihm hatte ich einen Superstart ins Berufsleben zu verdanken.<\/p>\n<p>&nbsp;<\/p>\n<p>&nbsp;<\/p>\n","protected":false},"excerpt":{"rendered":"<p>Immer wieder wird von den Ehemaligen betont, dass unsere Schule Wohlf\u00fchlcharakter hat, dass ein gutes Schulklima herrscht. Das Wort Schulfamilie passt hier durchaus. Man kann aber diesen Begriff auch noch anders interpretieren, wenn man wei\u00df, dass unsere Wirtschaftsschule in manchen Familien \u00fcber Generationen hinweg Akzeptanz erf\u00e4hrt. Ehemalige Sch\u00fcler schicken ihre Kinder mit der festen \u00dcberzeugung [&hellip;]<\/p>\n","protected":false},"author":2,"featured_media":0,"parent":0,"menu_order":6,"comment_status":"open","ping_status":"open","template":"","meta":{"footnotes":""},"_links":{"self":[{"href":"https:\/\/www.wspassau.de\/sonstiges\/100jahre\/wp-json\/wp\/v2\/pages\/236"}],"collection":[{"href":"https:\/\/www.wspassau.de\/sonstiges\/100jahre\/wp-json\/wp\/v2\/pages"}],"about":[{"href":"https:\/\/www.wspassau.de\/sonstiges\/100jahre\/wp-json\/wp\/v2\/types\/page"}],"author":[{"embeddable":true,"href":"https:\/\/www.wspassau.de\/sonstiges\/100jahre\/wp-json\/wp\/v2\/users\/2"}],"replies":[{"embeddable":true,"href":"https:\/\/www.wspassau.de\/sonstiges\/100jahre\/wp-json\/wp\/v2\/comments?post=236"}],"version-history":[{"count":26,"href":"https:\/\/www.wspassau.de\/sonstiges\/100jahre\/wp-json\/wp\/v2\/pages\/236\/revisions"}],"predecessor-version":[{"id":242,"href":"https:\/\/www.wspassau.de\/sonstiges\/100jahre\/wp-json\/wp\/v2\/pages\/236\/revisions\/242"}],"wp:attachment":[{"href":"https:\/\/www.wspassau.de\/sonstiges\/100jahre\/wp-json\/wp\/v2\/media?parent=236"}],"curies":[{"name":"wp","href":"https:\/\/api.w.org\/{rel}","templated":true}]}}