{"id":534,"date":"2013-04-06T15:28:11","date_gmt":"2013-04-06T13:28:11","guid":{"rendered":"http:\/\/www.wspassau.de\/sonstiges\/100jahre\/?page_id=534"},"modified":"2013-09-05T09:38:39","modified_gmt":"2013-09-05T07:38:39","slug":"okonomische-verbraucherbildung","status":"publish","type":"page","link":"https:\/\/www.wspassau.de\/sonstiges\/100jahre\/schule-mehr\/schule-aktuell\/okonomische-verbraucherbildung\/","title":{"rendered":"\u00d6konomische Verbraucherbildung"},"content":{"rendered":"<p><a href=\"http:\/\/www.wspassau.de\/sonstiges\/100jahre\/schule-mehr\/schule-aktuell\/okonomische-verbraucherbildung\/ovb\/\" target=\"_blank\" rel=\"attachment wp-att-525\"><img decoding=\"async\" loading=\"lazy\" class=\" wp-image-525 alignleft\" alt=\"OVB\" src=\"http:\/\/www.wspassau.de\/sonstiges\/100jahre\/wp-content\/uploads\/2013\/04\/OVB.jpg\" width=\"125\" height=\"65\" \/><\/a>Die Erziehung zu einem kritischen Konsum und einem bewussten Umgang mit Geld und Informationen ist wichtig, damit Kinder und Jugendliche zu m\u00fcndigen B\u00fcrgern und Verbrauchern werden. Erziehungsma\u00dfnahmen hierzu sollten deshalb so fr\u00fch wie m\u00f6glich beginnen.<\/p>\n<p>Wer von klein auf lernt, sich mit seinen W\u00fcnschen und Bed\u00fcrfnissen auseinanderzusetzen, kann sp\u00e4ter eigenverantwortlich und selbstbewusst Verbraucherentscheidungen treffen. Die St\u00e4rkung der Verbraucherbildung in allen Schularten und Jahrgangsstufen ist daher ein au\u00dferordentlich wichtiges Anliegen.<\/p>\n<p>Zur St\u00e4rkung der Finanz-, Markt-, Informations- und Datenkompetenz wurde im Schuljahr 2010\/2011 ein zweij\u00e4hriger Schulversuch gestartet, an dem insgesamt 18 bayerische Schulen aller Schularten teilnahmen \u2013 von der Grundschule bis zum Gymnasium.<\/p>\n<p>Die Staatliche Wirtschaftsschule Passau wurde ausgew\u00e4hlt, als \u201cProjektschule \u00d6konomische Verbraucherbildung\u201c diesen deutschlandweit einzigartigen Schulversuch mit durchzuf\u00fchren. Als Schulkoordinatoren der WSP entwickelten Frau Anna Maria Siegert und Herr Johann Tillinger Unterrichtsmaterialien, die dazu beitragen sollen, die nachhaltige Implementierung der werteorientierten \u00f6konomischen Verbraucherbildung an allen bayerischen Schulen zu gew\u00e4hrleisten.<\/p>\n<p>[nggallery id=8]<\/p>\n<p>&nbsp;<\/p>\n","protected":false},"excerpt":{"rendered":"<p>Die Erziehung zu einem kritischen Konsum und einem bewussten Umgang mit Geld und Informationen ist wichtig, damit Kinder und Jugendliche zu m\u00fcndigen B\u00fcrgern und Verbrauchern werden. Erziehungsma\u00dfnahmen hierzu sollten deshalb so fr\u00fch wie m\u00f6glich beginnen. Wer von klein auf lernt, sich mit seinen W\u00fcnschen und Bed\u00fcrfnissen auseinanderzusetzen, kann sp\u00e4ter eigenverantwortlich und selbstbewusst Verbraucherentscheidungen treffen. Die [&hellip;]<\/p>\n","protected":false},"author":2,"featured_media":0,"parent":216,"menu_order":0,"comment_status":"open","ping_status":"open","template":"","meta":{"footnotes":""},"_links":{"self":[{"href":"https:\/\/www.wspassau.de\/sonstiges\/100jahre\/wp-json\/wp\/v2\/pages\/534"}],"collection":[{"href":"https:\/\/www.wspassau.de\/sonstiges\/100jahre\/wp-json\/wp\/v2\/pages"}],"about":[{"href":"https:\/\/www.wspassau.de\/sonstiges\/100jahre\/wp-json\/wp\/v2\/types\/page"}],"author":[{"embeddable":true,"href":"https:\/\/www.wspassau.de\/sonstiges\/100jahre\/wp-json\/wp\/v2\/users\/2"}],"replies":[{"embeddable":true,"href":"https:\/\/www.wspassau.de\/sonstiges\/100jahre\/wp-json\/wp\/v2\/comments?post=534"}],"version-history":[{"count":11,"href":"https:\/\/www.wspassau.de\/sonstiges\/100jahre\/wp-json\/wp\/v2\/pages\/534\/revisions"}],"predecessor-version":[{"id":560,"href":"https:\/\/www.wspassau.de\/sonstiges\/100jahre\/wp-json\/wp\/v2\/pages\/534\/revisions\/560"}],"up":[{"embeddable":true,"href":"https:\/\/www.wspassau.de\/sonstiges\/100jahre\/wp-json\/wp\/v2\/pages\/216"}],"wp:attachment":[{"href":"https:\/\/www.wspassau.de\/sonstiges\/100jahre\/wp-json\/wp\/v2\/media?parent=534"}],"curies":[{"name":"wp","href":"https:\/\/api.w.org\/{rel}","templated":true}]}}