{"id":536,"date":"2013-04-06T15:28:36","date_gmt":"2013-04-06T13:28:36","guid":{"rendered":"http:\/\/www.wspassau.de\/sonstiges\/100jahre\/?page_id=536"},"modified":"2013-09-30T14:52:32","modified_gmt":"2013-09-30T12:52:32","slug":"schule-ohne-rassismus","status":"publish","type":"page","link":"https:\/\/www.wspassau.de\/sonstiges\/100jahre\/schule-mehr\/schule-aktuell\/schule-ohne-rassismus\/","title":{"rendered":"Schule ohne Rassismus"},"content":{"rendered":"<h2><a href=\"h\" target=\"_blank\" rel=\"attachment wp-att-528\"><img decoding=\"async\" loading=\"lazy\" class=\" wp-image-528 alignleft\" alt=\"SoR\" src=\"http:\/\/www.wspassau.de\/sonstiges\/100jahre\/wp-content\/uploads\/2013\/04\/SoR.gif\" width=\"150\" height=\"45\" \/><\/a><\/h2>\n<h2><strong>Was ist \u201eSchule ohne Rassismus \u2013 Schule mit Courage\u201c?<\/strong><\/h2>\n<p>\u201eSchule ohne Rassismus \u2013 Schule mit Courage\u201c (SoR-SmC) ist ein Projekt von und f\u00fcr Sch\u00fclerInnen. Ziel ist es, das Schulklima so zu gestalten, dass jede Form von Diskriminierung, Mobbing und Gewalt pr\u00e4ventiv verhindert wird. Momentan stellt SoR-SmC mit \u00fcber 1.000 teilnehmenden Schulen, die von mehr als 750.000 Sch\u00fclerInnen besucht werden, das gr\u00f6\u00dfte Schulnetzwerk Deutschlands dar.<\/p>\n<p>Voraussetzung f\u00fcr den Titel \u201eSchule ohne Rassismus \u2013 Schule mit Courage\u201c ist, dass sich mindestens 70 Prozent aller Sch\u00fclerInnen, LehrerInnen und des Personals per Unterschrift verpflichten, sich k\u00fcnftig gegen jede Form von Diskriminierung an ihrer Schule einzusetzen, bei Konflikten einzugreifen und regelm\u00e4\u00dfig Projekttage zum Thema durchzuf\u00fchren.<\/p>\n<p>Wer sich zu den Zielen einer \u201eSchule ohne Rassismus- Schule mit Courage\u201c bekennt, unterschreibt folgende Selbstverpflichtung:<a href=\"http:\/\/www.wspassau.de\/sonstiges\/100jahre\/schule-mehr\/schule-aktuell\/schule-ohne-rassismus\/sor2\/\" rel=\"attachment wp-att-566\"><img decoding=\"async\" loading=\"lazy\" class=\"wp-image-566 alignright\" alt=\"SOR2\" src=\"http:\/\/www.wspassau.de\/sonstiges\/100jahre\/wp-content\/uploads\/2013\/04\/SOR2.jpg\" width=\"208\" height=\"143\" \/><\/a><\/p>\n<p>\u2022 Ich werde mich einsetzen, dass es zu einer zentralen Aufgabe meiner Schule wird, langfristige Projekte,<br \/>\nAktivit\u00e4ten, Initiativen zu entwickeln, um Diskriminierungen, insbesondere Rassismus, zu \u00fcberwinden.<\/p>\n<p>\u2022 Wenn an meiner Schule Gewalt, diskriminierende \u00c4u\u00dferungen oder Handlungen ausge\u00fcbt werden,<br \/>\nwende ich mich dagegen und setze mich daf\u00fcr ein, dass wir in einer offenen Auseinandersetzung mit<br \/>\ndiesem Problem gemeinsam Wege finden, uns zuk\u00fcnftig einander zu achten.<\/p>\n<p>\u2022 Ich setze mich daf\u00fcr ein, dass an meiner Schule einmal pro Jahr ein Projekt zum Thema<br \/>\nDiskriminierungen durchgef\u00fchrt wird, um langfristig gegen jegliche Form von Diskriminierung vorzugehen.<\/p>\n<p>&nbsp;<\/p>\n<p><strong>Warum ist die Wirtschaftsschule Passau eine \u201eSchule ohne Rassismus \u2013 Schule mit Courage\u201c?<\/strong><\/p>\n<p><a href=\"http:\/\/www.wspassau.de\/sonstiges\/100jahre\/schule-mehr\/schule-aktuell\/schule-ohne-rassismus\/sor_paed_tag\/\" rel=\"attachment wp-att-1144\"><img decoding=\"async\" loading=\"lazy\" class=\" wp-image-1144 alignleft\" alt=\"SOR_Paed_Tag\" src=\"http:\/\/www.wspassau.de\/sonstiges\/100jahre\/wp-content\/uploads\/2013\/06\/SOR_Paed_Tag.jpg\" width=\"195\" height=\"115\" \/><\/a>\u201eDas Land, das die Fremden nicht besch\u00fctzt, geht bald unter.\u201c Mit diesem Goethe-Zitat begr\u00fcndet der Schulleiter Dieter Sch\u00f6nbuchner die Notwendigkeit des Projektes an der Wirtschaftsschule Passau. Unsere Sch\u00fclerInnen sollen zu aufrechten, selbstbewussten B\u00fcrgern erzogen werden, die, anstatt der weit verbreiteten Angst vor \u201e\u00dcberfremdung\u201c nachzugeben, aktiv f\u00fcr eine interkulturelle, vielf\u00e4ltige und demokratische Gesellschaft eintreten.<\/p>\n<p>Nicht zuletzt im Berufsleben werden diese interkulturellen Kompetenzen, insbesondere vor dem Hintergrund der Globalisierung, f\u00fcr unsere Sch\u00fclerInnen von entscheidender Bedeutung sein.<\/p>\n<p><strong>Was unternimmt die Wirtschaftsschule Passau konkret im Rahmen von \u201eSchule ohne Rassismus \u2013 Schule mit Courage\u201c?<\/strong><\/p>\n<p>Der Eckpfeiler von SoR-SmC an der Wirtschaftsschule Passau ist die allj\u00e4hrliche Teilnahme von Sch\u00fclerInnen an der Gedenkveranstaltung f\u00fcr die Opfer des Nationalsozialismus in Passau. Unsere Sch\u00fclerInnen beteiligen sich mit verschiedenen Aktivit\u00e4ten, wie dem Vortragen von Gedichten oder Kranzniederlegungen. Dar\u00fcber hinaus wurden aber auch schon \u2013 u. a. gemeinsam mit anderen Passauer Schulen \u2013 Konzerte gegen Rechts organisiert.<\/p>\n<p>Damit m\u00f6chten wir einen mehrfachen Erziehungsauftrag erf\u00fcllen. Zum einen m\u00f6chten wir ein friedliches Miteinander in unserer Schule und unserer Gesellschaft erwirken, zum anderen erhalten die Sch\u00fclerInnen die M\u00f6glichkeit, das Klima an unserer Schule aktiv mitzugestalten.<\/p>\n","protected":false},"excerpt":{"rendered":"<p>Was ist \u201eSchule ohne Rassismus \u2013 Schule mit Courage\u201c? \u201eSchule ohne Rassismus \u2013 Schule mit Courage\u201c (SoR-SmC) ist ein Projekt von und f\u00fcr Sch\u00fclerInnen. Ziel ist es, das Schulklima so zu gestalten, dass jede Form von Diskriminierung, Mobbing und Gewalt pr\u00e4ventiv verhindert wird. Momentan stellt SoR-SmC mit \u00fcber 1.000 teilnehmenden Schulen, die von mehr als [&hellip;]<\/p>\n","protected":false},"author":2,"featured_media":0,"parent":216,"menu_order":1,"comment_status":"open","ping_status":"open","template":"","meta":{"footnotes":""},"_links":{"self":[{"href":"https:\/\/www.wspassau.de\/sonstiges\/100jahre\/wp-json\/wp\/v2\/pages\/536"}],"collection":[{"href":"https:\/\/www.wspassau.de\/sonstiges\/100jahre\/wp-json\/wp\/v2\/pages"}],"about":[{"href":"https:\/\/www.wspassau.de\/sonstiges\/100jahre\/wp-json\/wp\/v2\/types\/page"}],"author":[{"embeddable":true,"href":"https:\/\/www.wspassau.de\/sonstiges\/100jahre\/wp-json\/wp\/v2\/users\/2"}],"replies":[{"embeddable":true,"href":"https:\/\/www.wspassau.de\/sonstiges\/100jahre\/wp-json\/wp\/v2\/comments?post=536"}],"version-history":[{"count":24,"href":"https:\/\/www.wspassau.de\/sonstiges\/100jahre\/wp-json\/wp\/v2\/pages\/536\/revisions"}],"predecessor-version":[{"id":568,"href":"https:\/\/www.wspassau.de\/sonstiges\/100jahre\/wp-json\/wp\/v2\/pages\/536\/revisions\/568"}],"up":[{"embeddable":true,"href":"https:\/\/www.wspassau.de\/sonstiges\/100jahre\/wp-json\/wp\/v2\/pages\/216"}],"wp:attachment":[{"href":"https:\/\/www.wspassau.de\/sonstiges\/100jahre\/wp-json\/wp\/v2\/media?parent=536"}],"curies":[{"name":"wp","href":"https:\/\/api.w.org\/{rel}","templated":true}]}}