{"id":538,"date":"2013-04-06T15:28:56","date_gmt":"2013-04-06T13:28:56","guid":{"rendered":"http:\/\/www.wspassau.de\/sonstiges\/100jahre\/?page_id=538"},"modified":"2013-10-04T13:48:52","modified_gmt":"2013-10-04T11:48:52","slug":"qmbs","status":"publish","type":"page","link":"https:\/\/www.wspassau.de\/sonstiges\/100jahre\/schule-mehr\/schule-aktuell\/qmbs\/","title":{"rendered":"QmbS"},"content":{"rendered":"<p><img decoding=\"async\" loading=\"lazy\" class=\" wp-image-526 alignleft\" alt=\"QmbS\" src=\"http:\/\/www.wspassau.de\/sonstiges\/100jahre\/wp-content\/uploads\/2013\/04\/QmbS.jpg\" width=\"80\" height=\"80\" \/><\/p>\n<h3>Was ist QmbS?<\/h3>\n<p>Das Qualit\u00e4tsmanagement an beruflichen Schulen (QmbS) geht von der These aus, dass ein kontinuierlich, systematisch und transparent gestaltetes Qualit\u00e4tsmanagement<\/p>\n<p>&nbsp;<\/p>\n<blockquote>\n<ul>\n<li>das p\u00e4dagogische und organisatorische Profil einer Schule st\u00e4rkt,<\/li>\n<li>den Erfolg und die Nachhaltigkeit der Arbeit von Kollegium und Schulleitung optimiert,<\/li>\n<li>mittelfristig Freir\u00e4ume f\u00fcr eine schul- und unterrichtsbezogene Weiterentwicklung von Schule und Arbeitsumgebung schafft und damit<\/li>\n<li>die Zufriedenheit von Sch\u00fclerinnen und Sch\u00fclern, Lehrerinnen und Lehrern erh\u00f6ht.<\/li>\n<\/ul>\n<\/blockquote>\n<p>&nbsp;<\/p>\n<h3>Was bringt QmbS?<\/h3>\n<blockquote>\n<ul>\n<li>Sicherung der Unterrichtsqualit\u00e4t<\/li>\n<li>Aktive Einbindung aller am Prozess beteiligten Zielgruppen<\/li>\n<li>Schulische Entwicklung an selbstformulierten Zielen<\/li>\n<li>Effizienter Umgang mit wertvollen Ressourcen (Arbeitszeit, finanzielle Mittel etc.)<\/li>\n<li>Optimierung von Kommunikation und Information<\/li>\n<li>Transparenz in die Prozessstruktur<\/li>\n<li>Synergieeffekte durch Integration von bestehenden Projekten und Vermeidung von Redundanzen<\/li>\n<\/ul>\n<\/blockquote>\n<p>[nggallery id=9]<\/p>\n<p>&nbsp;<\/p>\n","protected":false},"excerpt":{"rendered":"<p>Was ist QmbS? Das Qualit\u00e4tsmanagement an beruflichen Schulen (QmbS) geht von der These aus, dass ein kontinuierlich, systematisch und transparent gestaltetes Qualit\u00e4tsmanagement &nbsp; das p\u00e4dagogische und organisatorische Profil einer Schule st\u00e4rkt, den Erfolg und die Nachhaltigkeit der Arbeit von Kollegium und Schulleitung optimiert, mittelfristig Freir\u00e4ume f\u00fcr eine schul- und unterrichtsbezogene Weiterentwicklung von Schule und Arbeitsumgebung [&hellip;]<\/p>\n","protected":false},"author":2,"featured_media":0,"parent":216,"menu_order":2,"comment_status":"open","ping_status":"open","template":"","meta":{"footnotes":""},"_links":{"self":[{"href":"https:\/\/www.wspassau.de\/sonstiges\/100jahre\/wp-json\/wp\/v2\/pages\/538"}],"collection":[{"href":"https:\/\/www.wspassau.de\/sonstiges\/100jahre\/wp-json\/wp\/v2\/pages"}],"about":[{"href":"https:\/\/www.wspassau.de\/sonstiges\/100jahre\/wp-json\/wp\/v2\/types\/page"}],"author":[{"embeddable":true,"href":"https:\/\/www.wspassau.de\/sonstiges\/100jahre\/wp-json\/wp\/v2\/users\/2"}],"replies":[{"embeddable":true,"href":"https:\/\/www.wspassau.de\/sonstiges\/100jahre\/wp-json\/wp\/v2\/comments?post=538"}],"version-history":[{"count":26,"href":"https:\/\/www.wspassau.de\/sonstiges\/100jahre\/wp-json\/wp\/v2\/pages\/538\/revisions"}],"predecessor-version":[{"id":547,"href":"https:\/\/www.wspassau.de\/sonstiges\/100jahre\/wp-json\/wp\/v2\/pages\/538\/revisions\/547"}],"up":[{"embeddable":true,"href":"https:\/\/www.wspassau.de\/sonstiges\/100jahre\/wp-json\/wp\/v2\/pages\/216"}],"wp:attachment":[{"href":"https:\/\/www.wspassau.de\/sonstiges\/100jahre\/wp-json\/wp\/v2\/media?parent=538"}],"curies":[{"name":"wp","href":"https:\/\/api.w.org\/{rel}","templated":true}]}}