{"id":540,"date":"2013-04-06T15:29:47","date_gmt":"2013-04-06T13:29:47","guid":{"rendered":"http:\/\/www.wspassau.de\/sonstiges\/100jahre\/?page_id=540"},"modified":"2013-09-05T11:24:46","modified_gmt":"2013-09-05T09:24:46","slug":"referenzschule-fur-medienbildung","status":"publish","type":"page","link":"https:\/\/www.wspassau.de\/sonstiges\/100jahre\/schule-mehr\/schule-aktuell\/referenzschule-fur-medienbildung\/","title":{"rendered":"Referenzschule f\u00fcr Medienbildung"},"content":{"rendered":"<p><a href=\"http:\/\/www.wspassau.de\/sonstiges\/100jahre\/schule-mehr\/schule-aktuell\/referenzschule-fur-medienbildung\/rfm\/\" target=\"_blank\" rel=\"attachment wp-att-527\"><img decoding=\"async\" loading=\"lazy\" class=\" wp-image-527 alignleft\" alt=\"RfM\" src=\"http:\/\/www.wspassau.de\/sonstiges\/100jahre\/wp-content\/uploads\/2013\/04\/RfM.jpg\" width=\"150\" height=\"40\" \/><\/a><\/p>\n<p>Die Staatliche Wirtschaftsschule Passau geh\u00f6rt zusammen mit weiteren Schulen aller Schularten zu den &#8222;<strong>Referenzschulen f\u00fcr Medienbildung<\/strong>&#8220; in Bayern.<\/p>\n<p>&nbsp;<\/p>\n<h4>Welches Ziel verfolgen wir?<\/h4>\n<blockquote>\n<ul>\n<li>Unser Ziel besteht darin, die Medienkompetenz unserer Sch\u00fclerinnen und Sch\u00fcler zu f\u00f6rdern. Insbesondere soll der verantwortungsbewusste Umgang mit Medien erlernt werden.<\/li>\n<\/ul>\n<\/blockquote>\n<p>&nbsp;<\/p>\n<h4>Welche Aufgaben haben wir als Referenzschule?<\/h4>\n<blockquote>\n<ul>\n<li>St\u00e4rkung der Medienkompetenz unserer Sch\u00fclerinnen und Sch\u00fcler<\/li>\n<li>Verbesserung der Unterrichtsqualit\u00e4t<\/li>\n<li>Multiplikator f\u00fcr andere Schulen unserer Region<\/li>\n<\/ul>\n<\/blockquote>\n<p>&nbsp;<\/p>\n<h4>\u00a0Welche Ma\u00dfnahmen f\u00fchren wir durch?<\/h4>\n<blockquote>\n<ul>\n<li>Erstellung eines passgenauen, f\u00e4cher\u00fcbergreifenden Medienentwicklungsplans f\u00fcr all Jahrgangsstufen<\/li>\n<li>Entwicklung und Durchf\u00fchrung eines schulinternen Fortbildungskonzepts f\u00fcr unsere Lehrkr\u00e4fte<\/li>\n<li>Selbstevaluation zur Ermittlung des Zielerreichungsgrads<\/li>\n<\/ul>\n<\/blockquote>\n<p>&nbsp;<\/p>\n<p>All diese Ma\u00dfnahmen f\u00fchren zu einer Sch\u00e4rfung unseres Schulprofils als moderne Schule mit hundertj\u00e4hriger Erfahrung.<\/p>\n","protected":false},"excerpt":{"rendered":"<p>Die Staatliche Wirtschaftsschule Passau geh\u00f6rt zusammen mit weiteren Schulen aller Schularten zu den &#8222;Referenzschulen f\u00fcr Medienbildung&#8220; in Bayern. &nbsp; Welches Ziel verfolgen wir? Unser Ziel besteht darin, die Medienkompetenz unserer Sch\u00fclerinnen und Sch\u00fcler zu f\u00f6rdern. Insbesondere soll der verantwortungsbewusste Umgang mit Medien erlernt werden. &nbsp; Welche Aufgaben haben wir als Referenzschule? St\u00e4rkung der Medienkompetenz unserer [&hellip;]<\/p>\n","protected":false},"author":2,"featured_media":0,"parent":216,"menu_order":3,"comment_status":"open","ping_status":"open","template":"","meta":{"footnotes":""},"_links":{"self":[{"href":"https:\/\/www.wspassau.de\/sonstiges\/100jahre\/wp-json\/wp\/v2\/pages\/540"}],"collection":[{"href":"https:\/\/www.wspassau.de\/sonstiges\/100jahre\/wp-json\/wp\/v2\/pages"}],"about":[{"href":"https:\/\/www.wspassau.de\/sonstiges\/100jahre\/wp-json\/wp\/v2\/types\/page"}],"author":[{"embeddable":true,"href":"https:\/\/www.wspassau.de\/sonstiges\/100jahre\/wp-json\/wp\/v2\/users\/2"}],"replies":[{"embeddable":true,"href":"https:\/\/www.wspassau.de\/sonstiges\/100jahre\/wp-json\/wp\/v2\/comments?post=540"}],"version-history":[{"count":34,"href":"https:\/\/www.wspassau.de\/sonstiges\/100jahre\/wp-json\/wp\/v2\/pages\/540\/revisions"}],"predecessor-version":[{"id":542,"href":"https:\/\/www.wspassau.de\/sonstiges\/100jahre\/wp-json\/wp\/v2\/pages\/540\/revisions\/542"}],"up":[{"embeddable":true,"href":"https:\/\/www.wspassau.de\/sonstiges\/100jahre\/wp-json\/wp\/v2\/pages\/216"}],"wp:attachment":[{"href":"https:\/\/www.wspassau.de\/sonstiges\/100jahre\/wp-json\/wp\/v2\/media?parent=540"}],"curies":[{"name":"wp","href":"https:\/\/api.w.org\/{rel}","templated":true}]}}