{"id":70,"date":"2013-04-01T16:25:52","date_gmt":"2013-04-01T14:25:52","guid":{"rendered":"http:\/\/www.wspassau.de\/sonstiges\/100jahre\/?page_id=70"},"modified":"2013-09-22T11:23:37","modified_gmt":"2013-09-22T09:23:37","slug":"elternbeirat","status":"publish","type":"page","link":"https:\/\/www.wspassau.de\/sonstiges\/100jahre\/grusworte\/elternbeirat\/","title":{"rendered":"Elternbeirat"},"content":{"rendered":"<h2 style=\"text-align: center;\"><img decoding=\"async\" loading=\"lazy\" class=\" wp-image-796 alignleft\" alt=\"Vargas_Marion\" src=\"http:\/\/www.wspassau.de\/sonstiges\/100jahre\/wp-content\/uploads\/2013\/05\/Vargas_Marion.jpg\" width=\"105\" height=\"120\" \/><br \/>\nGru\u00dfwort der Elternbeiratsvorsitzenden<\/h2>\n<h2 style=\"text-align: center;\">Marion Vargas<\/h2>\n<p>&nbsp;<\/p>\n<p>Als Vorsitzende des Elternbeirats m\u00f6chte ich der Staatlichen Wirtschaftsschule zum Anlass ihres 100. Geburtstags recht herzlich gratulieren.<\/p>\n<p>Welches Qualit\u00e4tssiegel kann man dieser Schule geben? Wie ich selbst erfahren durfte, herrscht hier ein gutes Klima, gepr\u00e4gt von einer vertrauensvollen Zusammenarbeit zwischen Sch\u00fclern, Lehrern, Direktoren und Elternhaus. Das ist es nicht allein, was diese Schule auszeichnet. Sie macht es zu ihrem Anliegen die ihr anvertrauten jungen Menschen bestens f\u00fcr die Zukunft auszubilden, sei es f\u00fcr die Weiterbildung an der FOS oder f\u00fcr eine Lehre. Das Hauptaugenmerk liegt dabei auf der F\u00f6rderung des einzelnen Sch\u00fclers und seiner individuellen Betreuung.<\/p>\n<p>Das erfordert zwar manchmal notwendige Strenge, schafft jedoch insgesamt eine entspannte Atmosph\u00e4re. Auf diese Weise erwerben die Sch\u00fcler nicht nur fachliche, sondern auch soziale Kompetenzen. Auch der Elternbeirat beteiligt sich aktiv an Schulfesten, Weihnachtsbasaren und Konferenzen. So wurde vieles erreicht, was den Sch\u00fclern zugutekommt und f\u00fcr die Zukunft f\u00f6rderlich ist. Vorgebrachte Anliegen wurden mit Unterst\u00fctzung des Elternbeirats, so weit m\u00f6glich, umgesetzt.<\/p>\n<p>Zum Jubil\u00e4um m\u00f6chte ich auf diesem Weg f\u00fcr die offene und konstruktive Zusammenarbeit danken. Unserer Schule w\u00fcnsche ich f\u00fcr die Zukunft viel Erfolg, Gl\u00fcck und Gottes Segen.<\/p>\n<p>Marion Vargas<\/p>\n","protected":false},"excerpt":{"rendered":"<p>Gru\u00dfwort der Elternbeiratsvorsitzenden Marion Vargas &nbsp; Als Vorsitzende des Elternbeirats m\u00f6chte ich der Staatlichen Wirtschaftsschule zum Anlass ihres 100. Geburtstags recht herzlich gratulieren. Welches Qualit\u00e4tssiegel kann man dieser Schule geben? Wie ich selbst erfahren durfte, herrscht hier ein gutes Klima, gepr\u00e4gt von einer vertrauensvollen Zusammenarbeit zwischen Sch\u00fclern, Lehrern, Direktoren und Elternhaus. Das ist es nicht [&hellip;]<\/p>\n","protected":false},"author":2,"featured_media":0,"parent":63,"menu_order":5,"comment_status":"open","ping_status":"open","template":"","meta":{"footnotes":""},"_links":{"self":[{"href":"https:\/\/www.wspassau.de\/sonstiges\/100jahre\/wp-json\/wp\/v2\/pages\/70"}],"collection":[{"href":"https:\/\/www.wspassau.de\/sonstiges\/100jahre\/wp-json\/wp\/v2\/pages"}],"about":[{"href":"https:\/\/www.wspassau.de\/sonstiges\/100jahre\/wp-json\/wp\/v2\/types\/page"}],"author":[{"embeddable":true,"href":"https:\/\/www.wspassau.de\/sonstiges\/100jahre\/wp-json\/wp\/v2\/users\/2"}],"replies":[{"embeddable":true,"href":"https:\/\/www.wspassau.de\/sonstiges\/100jahre\/wp-json\/wp\/v2\/comments?post=70"}],"version-history":[{"count":21,"href":"https:\/\/www.wspassau.de\/sonstiges\/100jahre\/wp-json\/wp\/v2\/pages\/70\/revisions"}],"predecessor-version":[{"id":797,"href":"https:\/\/www.wspassau.de\/sonstiges\/100jahre\/wp-json\/wp\/v2\/pages\/70\/revisions\/797"}],"up":[{"embeddable":true,"href":"https:\/\/www.wspassau.de\/sonstiges\/100jahre\/wp-json\/wp\/v2\/pages\/63"}],"wp:attachment":[{"href":"https:\/\/www.wspassau.de\/sonstiges\/100jahre\/wp-json\/wp\/v2\/media?parent=70"}],"curies":[{"name":"wp","href":"https:\/\/api.w.org\/{rel}","templated":true}]}}