{"id":75,"date":"2013-04-01T16:27:29","date_gmt":"2013-04-01T14:27:29","guid":{"rendered":"http:\/\/www.wspassau.de\/sonstiges\/100jahre\/?page_id=75"},"modified":"2013-09-22T11:24:09","modified_gmt":"2013-09-22T09:24:09","slug":"regierung-v-niederbayern","status":"publish","type":"page","link":"https:\/\/www.wspassau.de\/sonstiges\/100jahre\/grusworte\/regierung-v-niederbayern\/","title":{"rendered":"Regierung v. Niederbayern"},"content":{"rendered":"<h2 style=\"text-align: center;\"><img decoding=\"async\" loading=\"lazy\" class=\"wp-image-800 alignleft\" alt=\"Heinz Grunwald 2010\" src=\"http:\/\/www.wspassau.de\/sonstiges\/100jahre\/wp-content\/uploads\/2013\/05\/Heinz-Grunwald-2010.jpg\" width=\"105\" height=\"120\" \/><br \/>\nGru\u00dfwort des Regierungspr\u00e4sidenten von Niederbayern<\/h2>\n<h2 style=\"text-align: center;\">Heinz Grunwald<\/h2>\n<p>&nbsp;<\/p>\n<p style=\"text-align: left;\">Das muss man Ihnen lassen, das Alter merkt man Ihrer Schule nicht an! Dabei ist sie eine der \u00e4ltesten Schulen ihrer Art in Bayern. Der \u201eZahn der Zeit\u201c nagt nicht an Ihnen, im Gegenteil: Sie sind immer am Puls der Zeit und schrecken vor Herausforderungen nicht zur\u00fcck. Genau deswegen sind Sie auch ein erfolgreicher und vor allem gefragter \u201eLieferant\u201c f\u00fcr Unternehmen und Verwaltungen, wenn es darum geht qualifizierten Nachwuchs zu finden. Die Stadtv\u00e4ter von vor 100 Jahren haben also einen weitsichtigen Beschluss gefasst, eine Handelsschule in Passau zu gr\u00fcnden, um immer f\u00fcr ausreichend Nachwuchs bei den Kaufleuten zu sorgen.<\/p>\n<p style=\"text-align: left;\">Da sieht man mal wieder, wie wichtig es ist, seine Entscheidungen zukunftsorientiert zu treffen. Doch Sie tun das sowieso. Sie scheuen keine M\u00fche, Ihre Sch\u00fclerinnen und Sch\u00fcler bestens auf das Berufsleben vorzubereiten und schauen dabei auch weit \u201e\u00fcber den Tellerrand\u201c hinaus. Sie unterrichten Ihre Sch\u00fcler und Sch\u00fclerinnen nicht nur in klassischen F\u00e4chern, sondern lehren sie auch, wie sie sich in einer durch Medien und Konsum gepr\u00e4gten Welt zurechtfinden. Das spricht sich herum \u2013 Ihre Sch\u00fcler kommen oft von weit her, bis aus dem Bayerischen Wald und dem Rottal.<\/p>\n<p style=\"text-align: left;\">Der Freistaat Bayern hat diese Schule nicht ohne Grund als eine der ersten 1966 \u00fcbernommen \u2013 die Stadt Passau erh\u00e4lt ihr bildungspolitisches Engagement aber als Sachaufwandstr\u00e4ger weiter aufrecht.<\/p>\n<p style=\"text-align: left;\">Die IHK prognostiziert ab 2020 einen Fachkr\u00e4ftemangel nicht nur in technischen Berufen, sondern auch bei den Kaufleuten. Ihre Absolventinnen und Absolventen werden also dringender gebraucht denn je.<\/p>\n<p>In diesem Sinne gratuliere ich Ihnen zu Ihrem hundertj\u00e4hrigen Jubil\u00e4um ganz herzlich und w\u00fcnsche Ihnen auch f\u00fcr die kommenden hundert Jahre Mut, neue Wege zu beschreiten.<\/p>\n<p>Heinz Grunwald<\/p>\n<p>Regierungspr\u00e4sident<\/p>\n","protected":false},"excerpt":{"rendered":"<p>Gru\u00dfwort des Regierungspr\u00e4sidenten von Niederbayern Heinz Grunwald &nbsp; Das muss man Ihnen lassen, das Alter merkt man Ihrer Schule nicht an! Dabei ist sie eine der \u00e4ltesten Schulen ihrer Art in Bayern. Der \u201eZahn der Zeit\u201c nagt nicht an Ihnen, im Gegenteil: Sie sind immer am Puls der Zeit und schrecken vor Herausforderungen nicht zur\u00fcck. [&hellip;]<\/p>\n","protected":false},"author":2,"featured_media":0,"parent":63,"menu_order":2,"comment_status":"open","ping_status":"open","template":"","meta":{"footnotes":""},"_links":{"self":[{"href":"https:\/\/www.wspassau.de\/sonstiges\/100jahre\/wp-json\/wp\/v2\/pages\/75"}],"collection":[{"href":"https:\/\/www.wspassau.de\/sonstiges\/100jahre\/wp-json\/wp\/v2\/pages"}],"about":[{"href":"https:\/\/www.wspassau.de\/sonstiges\/100jahre\/wp-json\/wp\/v2\/types\/page"}],"author":[{"embeddable":true,"href":"https:\/\/www.wspassau.de\/sonstiges\/100jahre\/wp-json\/wp\/v2\/users\/2"}],"replies":[{"embeddable":true,"href":"https:\/\/www.wspassau.de\/sonstiges\/100jahre\/wp-json\/wp\/v2\/comments?post=75"}],"version-history":[{"count":30,"href":"https:\/\/www.wspassau.de\/sonstiges\/100jahre\/wp-json\/wp\/v2\/pages\/75\/revisions"}],"predecessor-version":[{"id":801,"href":"https:\/\/www.wspassau.de\/sonstiges\/100jahre\/wp-json\/wp\/v2\/pages\/75\/revisions\/801"}],"up":[{"embeddable":true,"href":"https:\/\/www.wspassau.de\/sonstiges\/100jahre\/wp-json\/wp\/v2\/pages\/63"}],"wp:attachment":[{"href":"https:\/\/www.wspassau.de\/sonstiges\/100jahre\/wp-json\/wp\/v2\/media?parent=75"}],"curies":[{"name":"wp","href":"https:\/\/api.w.org\/{rel}","templated":true}]}}