{"id":81,"date":"2013-04-01T16:28:16","date_gmt":"2013-04-01T14:28:16","guid":{"rendered":"http:\/\/www.wspassau.de\/sonstiges\/100jahre\/?page_id=81"},"modified":"2013-09-22T11:23:16","modified_gmt":"2013-09-22T09:23:16","slug":"oberburgermeister","status":"publish","type":"page","link":"https:\/\/www.wspassau.de\/sonstiges\/100jahre\/grusworte\/oberburgermeister\/","title":{"rendered":"Oberb\u00fcrgermeister"},"content":{"rendered":"<h2 style=\"text-align: center;\"><a href=\"http:\/\/www.wspassau.de\/sonstiges\/100jahre\/grusworte\/oberburgermeister\/ob\/\" rel=\"attachment wp-att-1227\"><img decoding=\"async\" loading=\"lazy\" class=\" wp-image-1227 alignleft\" alt=\"OB\" src=\"http:\/\/www.wspassau.de\/sonstiges\/100jahre\/wp-content\/uploads\/2013\/06\/OB.jpg\" width=\"90\" height=\"140\" \/><\/a><br \/>\nGru\u00dfwort des Oberb\u00fcrgermeisters der Stadt Passau<\/h2>\n<h2 style=\"text-align: center;\">J\u00fcrgen Dupper<\/h2>\n<p>&nbsp;<\/p>\n<p>&nbsp;<\/p>\n<p>Liebe Schulfamilie,<\/p>\n<p>ich freue mich, Ihnen zum 100-j\u00e4hrigen Bestehen der Staatlichen Wirtschaftsschule Passau gratulieren zu k\u00f6nnen. Begr\u00fcndet in den 100 Jahren ist diese Schule ein fester Bestandteil unserer Schullandschaft geworden. Generationen von jungen Menschen haben sie besucht und sind hier auf ihr weiteres Leben vorbereitet worden. Eltern haben ihre Kinder auf die Wirtschaftsschule geschickt, die sie einst selber durchlaufen haben und Lehrerinnen und Lehrer sind mit \u201eihrer\u201c Schule ein ganzes Berufsleben lang verbunden geblieben.<\/p>\n<p>100-j\u00e4hriges Schuljubil\u00e4um \u2013 \u201eNa und\u201c k\u00f6nnte man sagen und sich auf den Standpunkt stellen, dass Schulen eben \u00e4lter werden, solange es Kinder gibt, die sie zu besuchen haben. Blickt man aber zur\u00fcck, ist die Kunst, eine bestimmte Schulform ein ganzes Jahrhundert durch den Wandel der Zeit best\u00e4ndig weiter zu f\u00fchren, bestimmt nicht so simpel, wie es anf\u00e4nglich scheint.<\/p>\n<p>Am Anfang des 20. Jahrhunderts forderte zwar die vermehrte Industrialisierung eine Schulart, die kaufm\u00e4nnisch und betriebswirtschaftlich geschulte Kr\u00e4fte f\u00fcr alle Bereiche des Wirtschaftslebens ausbildet, aber seit der Gr\u00fcndung, damals als einj\u00e4hrige Handelsvorschule im Jahre 1913, musste die Schule immer wieder um ihr Bestehen k\u00e4mpfen. Schon die fatalen Auswirkungen beider Weltkriege gingen auch an dieser Schule nicht unbeschadet vor\u00fcber. Von der kriegsbedingten Einstellung des Schulbetriebes bis hin zur immer wiederkehrenden Problematik geeigneter Schulr\u00e4umlichkeiten, von durchgef\u00fchrten Umstrukturierungen einst als einj\u00e4hrige Handelsvorschule \u00fcber eine zwei- und dreij\u00e4hrige St\u00e4dtische Handelsschule bis hin zur vierj\u00e4hrigen Wirtschaftsaufbauschule und heutigen Staatlichen Wirtschaftsschule, wurde die ehemals gegr\u00fcndete \u201eKnabenschule\u201c zur modernen Referenzschule mit Anschluss an die Kaufm\u00e4nnische Berufsschule.<\/p>\n<p>Und noch eins macht die Schulgeschichte klar: Schule ist kein x-beliebiger Arbeitsplatz. Hier treffen Menschen aufeinander, Menschen mit ihren Fragen und Problemen, hier geht es um etwas so Komplexes wie Denken, Lehren und Verstehen, hier geht es vor allem um die Zukunft unserer jungen Menschen.<\/p>\n<p>Fit f\u00fcr die Zukunft zu machen war und ist die Aufgabe der Schule, das stand in allen Bildungsdebatten und Bildungskontroversen immer au\u00dfer Frage. Strittig ist hier nur das \u201eWie\u201c, bzw. welche Inhalte vermittelt werden m\u00fcssen. In unserem vielschichtigen Schulsystem vermittelt die Staatliche Wirtschaftsschule mit ihren zwei verschiedenen Ausbildungsrichtungen allgemeine Bildung zusammen mit einer beruflichen Grundbildung im Berufsfeld Wirtschaft und Verwaltung und nimmt dadurch heute eine enorm wichtige Stellung im staatlichen Schulgebilde ein.<\/p>\n<p>Deshalb bin ich sicher, dass trotz \u2013 oder gerade &#8211; aufgrund Ihrer 100-j\u00e4hrigen Erfahrung die Staatliche Wirtschaftsschule Passau in eine gute Zukunft gehen kann. Dazu w\u00fcnsche ich allen, Lehrk\u00f6rper, Eltern- und Sch\u00fclerschaft, alles Gute.<\/p>\n<p>J\u00fcrgen Dupper<br \/>\nOberb\u00fcrgermeister<br \/>\nder Stadt Passau<\/p>\n","protected":false},"excerpt":{"rendered":"<p>Gru\u00dfwort des Oberb\u00fcrgermeisters der Stadt Passau J\u00fcrgen Dupper &nbsp; &nbsp; Liebe Schulfamilie, ich freue mich, Ihnen zum 100-j\u00e4hrigen Bestehen der Staatlichen Wirtschaftsschule Passau gratulieren zu k\u00f6nnen. Begr\u00fcndet in den 100 Jahren ist diese Schule ein fester Bestandteil unserer Schullandschaft geworden. Generationen von jungen Menschen haben sie besucht und sind hier auf ihr weiteres Leben vorbereitet [&hellip;]<\/p>\n","protected":false},"author":2,"featured_media":0,"parent":63,"menu_order":3,"comment_status":"open","ping_status":"open","template":"","meta":{"footnotes":""},"_links":{"self":[{"href":"https:\/\/www.wspassau.de\/sonstiges\/100jahre\/wp-json\/wp\/v2\/pages\/81"}],"collection":[{"href":"https:\/\/www.wspassau.de\/sonstiges\/100jahre\/wp-json\/wp\/v2\/pages"}],"about":[{"href":"https:\/\/www.wspassau.de\/sonstiges\/100jahre\/wp-json\/wp\/v2\/types\/page"}],"author":[{"embeddable":true,"href":"https:\/\/www.wspassau.de\/sonstiges\/100jahre\/wp-json\/wp\/v2\/users\/2"}],"replies":[{"embeddable":true,"href":"https:\/\/www.wspassau.de\/sonstiges\/100jahre\/wp-json\/wp\/v2\/comments?post=81"}],"version-history":[{"count":21,"href":"https:\/\/www.wspassau.de\/sonstiges\/100jahre\/wp-json\/wp\/v2\/pages\/81\/revisions"}],"predecessor-version":[{"id":1226,"href":"https:\/\/www.wspassau.de\/sonstiges\/100jahre\/wp-json\/wp\/v2\/pages\/81\/revisions\/1226"}],"up":[{"embeddable":true,"href":"https:\/\/www.wspassau.de\/sonstiges\/100jahre\/wp-json\/wp\/v2\/pages\/63"}],"wp:attachment":[{"href":"https:\/\/www.wspassau.de\/sonstiges\/100jahre\/wp-json\/wp\/v2\/media?parent=81"}],"curies":[{"name":"wp","href":"https:\/\/api.w.org\/{rel}","templated":true}]}}