{"id":813,"date":"2013-05-22T12:12:29","date_gmt":"2013-05-22T10:12:29","guid":{"rendered":"http:\/\/www.wspassau.de\/sonstiges\/100jahre\/?page_id=813"},"modified":"2013-09-22T11:23:49","modified_gmt":"2013-09-22T09:23:49","slug":"partnerschule-montecchio-maggiore","status":"publish","type":"page","link":"https:\/\/www.wspassau.de\/sonstiges\/100jahre\/grusworte\/partnerschule-montecchio-maggiore\/","title":{"rendered":"Partnerschule Montecchio Maggiore"},"content":{"rendered":"<h2 style=\"text-align: center;\"><img decoding=\"async\" loading=\"lazy\" class=\" wp-image-820 alignleft\" alt=\"Sperotto_Antonella\" src=\"http:\/\/www.wspassau.de\/sonstiges\/100jahre\/wp-content\/uploads\/2013\/05\/Sperotto_Antonella.jpg\" width=\"150\" height=\"120\" \/><br \/>\nGru\u00dfwort der Direktorin unserer Partnerschule<\/h2>\n<h2 style=\"text-align: center;\">&#8222;Silvio Ceccato&#8220; in Montecchio Maggiore<\/h2>\n<p>&nbsp;<\/p>\n<p>Sono profondamente onorata di condividere con il Dirigente Dieter Schonbuchner, i docenti e gli studenti della Staatliche Wirtschaftsschule la gioia di un traguardo assai significativo: i 100 anni di Vita della Scuola. Di questi, gli ultimi 23 sono particolarmente importanti per noi dell\u2019Istituto \u201cSilvio Ceccato\u201dperch\u00e9 corrispondono al Gemellaggio nato tra di noi. Si tratta di un percorso costruito passo dopo passo, un Ponte di Amicizia la cui prima pietra \u00e8 stata posata nel 1990 quando ,accogliendo lo stimolo offerto dal dr. Gian Carlo Giani, grande appassionato della Cultura tedesca, veniva siglato ufficialmente lo Scambio tra i i due Istituti Superiori<\/p>\n<p>Allora il nostro Istituto, ora intitolato a Silvio Ceccato, contemplava gi\u00e0 l\u2019indirizzo Commercio con l\u2019Estero e riconosceva nel Gemellaggio una splendida occasione per dare vita ad uno scambio linguistico e culturale ed offrire agli studenti l\u2019opportunit\u00e0 di conoscere la cultura, la lingua ed il sistema scolastico del Paese ospitante. Queste motivazioni non sono venute meno con il trascorrere degli anni, al contrario, sono maturate nel nuovo scenario di un\u2019Europa Unita e prepotentemente allargata, nell\u2019 impegno delle politiche formative europee che delineano un traguardo comune : sviluppare la Cultura e la pratica dell\u2019Inclusione, della Legalit\u00e0 e della Pace, considerando l\u2019Europa come comune terreno di Democrazia nel riconoscimento e nel rispetto delle singole identit\u00e0 nazionali.<\/p>\n<p>L\u2019Istituto \u201cSilvio Ceccato\u201d e la Staatliche Wirtschaftsschule si riconosono in questi principi che sono i capisaldi di ogni partenariato scolastico ben riuscito come il nostro, a maggior ragione da quando le municipalit\u00e0 di Passau e Montecchio hanno convenuto di riconoscere nel sodalizio tra i due Istituti un valido presupposto per ufficializzare nel 2003 il Gemellaggio tra le due Citt\u00e0.<\/p>\n<p>Nutro una profonda convinzione, ovvero che tra l\u2019Istituto \u201cSilvio Ceccato\u201d e la Staatliche Wirtschaftsschule sia stato fin dall\u2019origine delineato uno stile di collaborazione che coinvolge tutte le componenti: Scuola, Famiglia, Istituzioni in una progettazione corale che ha, come prima finalit\u00e0, In ci\u00f2 sta il Valore aggiunto che ha reso forte e duraturo il nostro legame.<\/p>\n<p>In 100 anni di Storia la Wirtschaftsschule ha saputo diventare un importante Polo Formativo per i giovani bavaresi e per la qualificazione delle figure professionali che operano nel Territorio contribuendo a diventare, anche per noi italiani, un significativo modello di riferimento per la nostra progettazione partecipata nella prospettiva di un lungo cammino insieme.<\/p>\n<p>A nome di tutte le componenti dell\u2019Istituto \u201cSilvio Ceccato\u201d esprimole mie pi\u00f9 sincere felicitazioni!<\/p>\n<p>&nbsp;<\/p>\n<p>Antonella Sperotto<\/p>\n<p>Dirigente Istituto \u201cSilvio Ceccato\u201d<\/p>\n<p>Montecchio Maggiore<\/p>\n<p><strong>Und hier die deutsche \u00dcbersetzung:<\/strong><\/p>\n<p>Ich f\u00fchle mich zutiefst geehrt, die Freude am Erreichen eines sehr bedeutenden Ziels, n\u00e4mlich dem 100. Jahrestag der Staatlichen Wirtschaftsschule Passau, mit dem Direktor, Herrn Dieter Sch\u00f6nbuchner, den Sch\u00fclern und den Lehrern teilen zu d\u00fcrfen.<\/p>\n<p>Von diesen 100 Jahren haben wir, das italienische Istituto Silvio Ceccato, die Wirtschaftsschule im Rahmen unserer Schulpartnerschaft 23 Jahre lang begleitet. Der erste Stein zu dieser Freundschaftsbr\u00fccke wurde 1990 gelegt, als wir der Anregung von Dr. Gian Carlo Giani &#8211; einem gro\u00dfen Freund der deutschen Kultur &#8211; Folge leistend, den offiziellen Sch\u00fcleraustausch zwischen unseren beiden Schulen vereinbarten.<\/p>\n<p>Damals wurde unsere Schule nach dem Namen des Industriellen Silvio Ceccato benannt. Sie richtete sich auf den Au\u00dfenhandel aus und sah in der Partnerschaft unserer Schulen die Gelegenheit, einen sprachlichen und kulturellen Austausch zu bewerkstelligen und den Sch\u00fclern die Gelegenheit zu bieten, die Kultur des gastgebenden Landes und seine schulische Organisation kennenzulernen.<\/p>\n<p>Das Vergehen der Jahre lie\u00df diese Ziele keinesfalls in den Hintergrund treten, sondern sie wurden im Rahmen eines vereinigten und starken Europas konsolidiert. Dies erfolgte nicht zuletzt dank des gemeinschaftlichen europ\u00e4ischen Gedankens, die Landeskulturen, das Recht und den Frieden durch interkulturelle Bildung und durch die Partnerschaft von Schulen zu f\u00f6rdern. In diesem Sinne soll Europa als ein Leitstern einer Demokratie, in welcher die einzelnen nationalen Identit\u00e4ten respektiert werden, voranschreiten.<\/p>\n<p>Diese Grunds\u00e4tze wurden sowohl vom Istituto Silvio Ceccato als auch von der Staatlichen Wirtschaftsschule stets anerkannt und bilden die Grundpfeiler unserer ideal gelungenen Partnerschaft. Diese enge Verbindung unserer Schulen bildete auch das Fundament f\u00fcr die Partnerschaft zwischen den St\u00e4dten Montecchio und Passau, welche im Jahre 2003 offiziell anerkannt wurde.<\/p>\n<p>Ich bin der festen \u00dcberzeugung, dass zwischen unseren Schulen von Anfang an eine fruchtbare und umfassende Zusammenarbeit bestanden hat, die nicht nur die Schule, sondern auch Familien und Institutionen umschloss. Dies trug dazu bei, unsere Verbindung stark und dauerhaft zu machen.<\/p>\n<p>Seit hundert Jahren ist die Staatliche Wirtschaftsschule Passau ein wichtiger Pol f\u00fcr die Entwicklung junger Niederbayern und f\u00fcr ihr berufliches Reifwerden. Auch f\u00fcr uns Italiener ist dies eine bedeutende Orientierung f\u00fcr unseren gemeinsamen Weg in die Zukunft.<\/p>\n<p>Im Namen aller Mitglieder des Istituto Silvio Ceccato in Montecchio Maggiore \u00fcberbringe ich hiermit die besten Gl\u00fcckw\u00fcnsche.<\/p>\n<p>&nbsp;<\/p>\n<p>Antonella Sperotto<\/p>\n<p>Direktorin<\/p>\n","protected":false},"excerpt":{"rendered":"<p>Gru\u00dfwort der Direktorin unserer Partnerschule &#8222;Silvio Ceccato&#8220; in Montecchio Maggiore &nbsp; Sono profondamente onorata di condividere con il Dirigente Dieter Schonbuchner, i docenti e gli studenti della Staatliche Wirtschaftsschule la gioia di un traguardo assai significativo: i 100 anni di Vita della Scuola. Di questi, gli ultimi 23 sono particolarmente importanti per noi dell\u2019Istituto \u201cSilvio [&hellip;]<\/p>\n","protected":false},"author":2,"featured_media":0,"parent":63,"menu_order":4,"comment_status":"open","ping_status":"open","template":"","meta":{"footnotes":""},"_links":{"self":[{"href":"https:\/\/www.wspassau.de\/sonstiges\/100jahre\/wp-json\/wp\/v2\/pages\/813"}],"collection":[{"href":"https:\/\/www.wspassau.de\/sonstiges\/100jahre\/wp-json\/wp\/v2\/pages"}],"about":[{"href":"https:\/\/www.wspassau.de\/sonstiges\/100jahre\/wp-json\/wp\/v2\/types\/page"}],"author":[{"embeddable":true,"href":"https:\/\/www.wspassau.de\/sonstiges\/100jahre\/wp-json\/wp\/v2\/users\/2"}],"replies":[{"embeddable":true,"href":"https:\/\/www.wspassau.de\/sonstiges\/100jahre\/wp-json\/wp\/v2\/comments?post=813"}],"version-history":[{"count":16,"href":"https:\/\/www.wspassau.de\/sonstiges\/100jahre\/wp-json\/wp\/v2\/pages\/813\/revisions"}],"predecessor-version":[{"id":1669,"href":"https:\/\/www.wspassau.de\/sonstiges\/100jahre\/wp-json\/wp\/v2\/pages\/813\/revisions\/1669"}],"up":[{"embeddable":true,"href":"https:\/\/www.wspassau.de\/sonstiges\/100jahre\/wp-json\/wp\/v2\/pages\/63"}],"wp:attachment":[{"href":"https:\/\/www.wspassau.de\/sonstiges\/100jahre\/wp-json\/wp\/v2\/media?parent=813"}],"curies":[{"name":"wp","href":"https:\/\/api.w.org\/{rel}","templated":true}]}}