{"id":836,"date":"2013-05-22T12:47:41","date_gmt":"2013-05-22T10:47:41","guid":{"rendered":"http:\/\/www.wspassau.de\/sonstiges\/100jahre\/?page_id=836"},"modified":"2013-10-04T12:47:15","modified_gmt":"2013-10-04T10:47:15","slug":"chronik","status":"publish","type":"page","link":"https:\/\/www.wspassau.de\/sonstiges\/100jahre\/geschichte\/chronik\/","title":{"rendered":"Chronik"},"content":{"rendered":"<p><a href=\"http:\/\/www.wspassau.de\/sonstiges\/100jahre\/geschichte\/uhr\/\" rel=\"attachment wp-att-268\"><img decoding=\"async\" loading=\"lazy\" class=\"size-full wp-image-268 alignleft\" alt=\"Uhr\" src=\"http:\/\/www.wspassau.de\/sonstiges\/100jahre\/wp-content\/uploads\/2013\/04\/Uhr.jpg\" width=\"110\" height=\"110\" srcset=\"https:\/\/www.wspassau.de\/sonstiges\/100jahre\/wp-content\/uploads\/2013\/04\/Uhr.jpg 354w, https:\/\/www.wspassau.de\/sonstiges\/100jahre\/wp-content\/uploads\/2013\/04\/Uhr-150x150.jpg 150w, https:\/\/www.wspassau.de\/sonstiges\/100jahre\/wp-content\/uploads\/2013\/04\/Uhr-300x300.jpg 300w\" sizes=\"(max-width: 110px) 100vw, 110px\" \/><\/a><br \/>\nUnsere Schule war immer schon eine Bildungsst\u00e4tte f\u00fcr Wirtschaft und Verwaltung, die sich jeweils den ver\u00e4nderten Anforderungen der Arbeitswelt anzupassen verstand. Die nachfolgende Tabelle gibt einen kurzen Abriss der Geschichte der Staatlichen Wirtschaftsschule Passau wieder.<\/p>\n<p>&nbsp;<\/p>\n<p>&nbsp;<\/p>\n<p>1913\u00a0\u00a0\u00a0\u00a0\u00a0\u00a0\u00a0\u00a0\u00a0\u00a0\u00a0\u00a0\u00a0\u00a0 Er\u00f6ffnung einer einj\u00e4hrigen Handelsvorschule<\/p>\n<p>1914\u00a0\u00a0\u00a0\u00a0\u00a0\u00a0\u00a0\u00a0\u00a0\u00a0\u00a0\u00a0\u00a0\u00a0 Zweij\u00e4hrige St\u00e4dtische Handelsschule<\/p>\n<p>1923\u00a0\u00a0\u00a0\u00a0\u00a0\u00a0\u00a0\u00a0\u00a0\u00a0\u00a0\u00a0\u00a0\u00a0 Dreij\u00e4hrige St\u00e4dtische Handelsschule<\/p>\n<p>1931\u00a0\u00a0\u00a0\u00a0\u00a0\u00a0\u00a0\u00a0\u00a0\u00a0\u00a0\u00a0\u00a0\u00a0 Berechtigung zur Vermittlung der mittleren Reife<\/p>\n<p>1940\u00a0\u00a0\u00a0\u00a0\u00a0\u00a0\u00a0\u00a0\u00a0\u00a0\u00a0\u00a0\u00a0\u00a0 Dreij\u00e4hrige St\u00e4dtische Wirtschaftsaufbauschule<\/p>\n<p>1945\u00a0\u00a0\u00a0\u00a0\u00a0\u00a0\u00a0\u00a0\u00a0\u00a0\u00a0\u00a0\u00a0\u00a0 Kriegsbedingte Einstellung des Unterrichts<\/p>\n<p>1947\u00a0\u00a0\u00a0\u00a0\u00a0\u00a0\u00a0\u00a0\u00a0\u00a0\u00a0\u00a0\u00a0\u00a0 Wiederer\u00f6ffnung der dreij\u00e4hrigen St\u00e4dtischen Wirtschaftsaufbauschule<\/p>\n<p>1957-1961\u00a0\u00a0\u00a0\u00a0\u00a0 \u00dcbergang zur vierj\u00e4hrigen St\u00e4dtischen Wirtschaftsaufbauschule<\/p>\n<p>1966\u00a0\u00a0\u00a0\u00a0\u00a0\u00a0\u00a0\u00a0\u00a0\u00a0\u00a0\u00a0\u00a0\u00a0 \u00dcbernahme der Schultr\u00e4gerschaft durch den Freistaat Bayern; vierj\u00e4hrige Staatliche Handels- und Wirtschaftsschule<\/p>\n<p>1971\u00a0\u00a0\u00a0\u00a0\u00a0\u00a0\u00a0\u00a0\u00a0\u00a0\u00a0\u00a0\u00a0\u00a0 Aufnahme von M\u00e4dchen an die Schule<\/p>\n<p>1972\u00a0\u00a0\u00a0\u00a0\u00a0\u00a0\u00a0\u00a0\u00a0\u00a0\u00a0\u00a0\u00a0\u00a0 Vierj\u00e4hrige Staatliche Wirtschaftsschule<\/p>\n<p>1974\u00a0\u00a0\u00a0\u00a0\u00a0\u00a0\u00a0\u00a0\u00a0\u00a0\u00a0\u00a0\u00a0\u00a0 Errichtung einer Staatlichen Berufsoberschule &#8211; Ausbildungsrichtung Wirtschaft<\/p>\n<p>1974\u00a0\u00a0\u00a0\u00a0\u00a0\u00a0\u00a0\u00a0\u00a0\u00a0\u00a0\u00a0\u00a0\u00a0 Einf\u00fchrung &#8222;besonderer Klassen&#8220; f\u00fcr Hauptsch\u00fcler mit qualifizierendem Hauptschulabschluss<\/p>\n<p>1996\u00a0\u00a0\u00a0\u00a0\u00a0\u00a0\u00a0\u00a0\u00a0\u00a0\u00a0\u00a0\u00a0\u00a0 Schulversuch zur Erprobung der zweij\u00e4hrigen Berufsfachschule f\u00fcr Wirtschaft<\/p>\n<p>1998\u00a0\u00a0\u00a0\u00a0\u00a0\u00a0\u00a0\u00a0\u00a0\u00a0\u00a0\u00a0\u00a0\u00a0 Erl\u00f6schen der Staatlichen Berufsoberschule am bisherigen Standort<\/p>\n<p>2000\u00a0\u00a0\u00a0\u00a0\u00a0\u00a0\u00a0\u00a0\u00a0\u00a0\u00a0\u00a0\u00a0\u00a0 Einrichtung der zweij\u00e4hrigen Berufsfachschule f\u00fcr Wirtschaft<\/p>\n<p>2002\u00a0\u00a0\u00a0\u00a0\u00a0\u00a0\u00a0\u00a0\u00a0\u00a0\u00a0\u00a0\u00a0\u00a0 Wirtschaftsschule und Staatliche Berufsschule 2 erhalten einen gemeinsamen Schulleiter<\/p>\n","protected":false},"excerpt":{"rendered":"<p>Unsere Schule war immer schon eine Bildungsst\u00e4tte f\u00fcr Wirtschaft und Verwaltung, die sich jeweils den ver\u00e4nderten Anforderungen der Arbeitswelt anzupassen verstand. Die nachfolgende Tabelle gibt einen kurzen Abriss der Geschichte der Staatlichen Wirtschaftsschule Passau wieder. &nbsp; &nbsp; 1913\u00a0\u00a0\u00a0\u00a0\u00a0\u00a0\u00a0\u00a0\u00a0\u00a0\u00a0\u00a0\u00a0\u00a0 Er\u00f6ffnung einer einj\u00e4hrigen Handelsvorschule 1914\u00a0\u00a0\u00a0\u00a0\u00a0\u00a0\u00a0\u00a0\u00a0\u00a0\u00a0\u00a0\u00a0\u00a0 Zweij\u00e4hrige St\u00e4dtische Handelsschule 1923\u00a0\u00a0\u00a0\u00a0\u00a0\u00a0\u00a0\u00a0\u00a0\u00a0\u00a0\u00a0\u00a0\u00a0 Dreij\u00e4hrige St\u00e4dtische Handelsschule 1931\u00a0\u00a0\u00a0\u00a0\u00a0\u00a0\u00a0\u00a0\u00a0\u00a0\u00a0\u00a0\u00a0\u00a0 Berechtigung zur Vermittlung der [&hellip;]<\/p>\n","protected":false},"author":2,"featured_media":0,"parent":91,"menu_order":0,"comment_status":"open","ping_status":"open","template":"","meta":{"footnotes":""},"_links":{"self":[{"href":"https:\/\/www.wspassau.de\/sonstiges\/100jahre\/wp-json\/wp\/v2\/pages\/836"}],"collection":[{"href":"https:\/\/www.wspassau.de\/sonstiges\/100jahre\/wp-json\/wp\/v2\/pages"}],"about":[{"href":"https:\/\/www.wspassau.de\/sonstiges\/100jahre\/wp-json\/wp\/v2\/types\/page"}],"author":[{"embeddable":true,"href":"https:\/\/www.wspassau.de\/sonstiges\/100jahre\/wp-json\/wp\/v2\/users\/2"}],"replies":[{"embeddable":true,"href":"https:\/\/www.wspassau.de\/sonstiges\/100jahre\/wp-json\/wp\/v2\/comments?post=836"}],"version-history":[{"count":31,"href":"https:\/\/www.wspassau.de\/sonstiges\/100jahre\/wp-json\/wp\/v2\/pages\/836\/revisions"}],"predecessor-version":[{"id":838,"href":"https:\/\/www.wspassau.de\/sonstiges\/100jahre\/wp-json\/wp\/v2\/pages\/836\/revisions\/838"}],"up":[{"embeddable":true,"href":"https:\/\/www.wspassau.de\/sonstiges\/100jahre\/wp-json\/wp\/v2\/pages\/91"}],"wp:attachment":[{"href":"https:\/\/www.wspassau.de\/sonstiges\/100jahre\/wp-json\/wp\/v2\/media?parent=836"}],"curies":[{"name":"wp","href":"https:\/\/api.w.org\/{rel}","templated":true}]}}