{"id":924,"date":"2013-05-30T10:15:22","date_gmt":"2013-05-30T08:15:22","guid":{"rendered":"http:\/\/www.wspassau.de\/sonstiges\/100jahre\/?page_id=924"},"modified":"2013-08-27T11:48:38","modified_gmt":"2013-08-27T09:48:38","slug":"gerd-sonnleitner","status":"publish","type":"page","link":"https:\/\/www.wspassau.de\/sonstiges\/100jahre\/erinnerungen\/gerd-sonnleitner\/","title":{"rendered":"Gerd Sonnleitner"},"content":{"rendered":"<p><a href=\"http:\/\/www.wspassau.de\/sonstiges\/100jahre\/erinnerungen\/gerd-sonnleitner\/sonnleitner_gerd\/\" rel=\"attachment wp-att-928\"><img decoding=\"async\" loading=\"lazy\" class=\"wp-image-928 alignright\" alt=\"Sonnleitner_Gerd\" src=\"http:\/\/www.wspassau.de\/sonstiges\/100jahre\/wp-content\/uploads\/2013\/05\/Sonnleitner_Gerd.jpg\" width=\"140\" height=\"190\" \/><\/a><strong>Vita<\/strong><\/p>\n<p>1948 in Passau geboren<\/p>\n<p>Volksschule in Ruhstorf a. d. Rott<\/p>\n<p>1960 \u2013 1964 Wirtschaftsaufbauschule in Passau<\/p>\n<p>&nbsp;<\/p>\n<p>Anschlie\u00dfend Ausbildung zum Landwirt mit Abschluss H\u00f6here Landbauschule.<\/p>\n<p>W\u00e4hrend der Ausbildung Auslandspraktika in Finnland und den USA.<\/p>\n<p>&nbsp;<\/p>\n<p>1972 Einstieg in die Kommunalpolitik<\/p>\n<p>Im Laufe der Zeit immer st\u00e4rkere Konzentration auf Agrarpolitik im Bauernverband.<\/p>\n<p>&nbsp;<\/p>\n<p>1991 \u2013 2012 Pr\u00e4sident des Bayerischen Bauernverbandes<\/p>\n<p>1997 \u2013 2012 Pr\u00e4sident des Deutschen Bauernverbandes<\/p>\n<p>&nbsp;<\/p>\n<p>W\u00e4hrend dieser Zeit zweimal f\u00fcr 2 Jahre Pr\u00e4sident des Europ\u00e4ischen Bauernverbandes, derzeit noch im Amt.<\/p>\n<p>Neben der politischen Arbeit Weiterentwicklung der Dienstleistungsunternehmungen des Verbandes auf 2.500 Mitarbeiter.<\/p>\n<p>&nbsp;<\/p>\n<p><strong>Erinnerungen an die WAS (Wirtschaftsaufbauschule)<\/strong><\/p>\n<p>&nbsp;<\/p>\n<p>Die WAS (wie sie damals genannt wurde) hat von uns Sch\u00fclern viel gefordert.<\/p>\n<p>Dies hat mir bei vielf\u00e4ltigen Herausforderungen und Aufgaben sehr geholfen auch unter Druck den \u00dcberblick zu bewahren<br \/>\nund gute Ergebnisse zu erreichen. Die WAS hat uns beste Grundlagen f\u00fcr Wirtschaft und Beruf vermittelt.<\/p>\n<p>Ohne WAS h\u00e4tte ich niemals das erreicht, was ich erreicht habe.<\/p>\n<p>Daf\u00fcr bin ich heute noch dankbar!<\/p>\n<p>&nbsp;<\/p>\n","protected":false},"excerpt":{"rendered":"<p>Vita 1948 in Passau geboren Volksschule in Ruhstorf a. d. Rott 1960 \u2013 1964 Wirtschaftsaufbauschule in Passau &nbsp; Anschlie\u00dfend Ausbildung zum Landwirt mit Abschluss H\u00f6here Landbauschule. W\u00e4hrend der Ausbildung Auslandspraktika in Finnland und den USA. &nbsp; 1972 Einstieg in die Kommunalpolitik Im Laufe der Zeit immer st\u00e4rkere Konzentration auf Agrarpolitik im Bauernverband. &nbsp; 1991 \u2013 [&hellip;]<\/p>\n","protected":false},"author":2,"featured_media":0,"parent":236,"menu_order":0,"comment_status":"open","ping_status":"open","template":"","meta":{"footnotes":""},"_links":{"self":[{"href":"https:\/\/www.wspassau.de\/sonstiges\/100jahre\/wp-json\/wp\/v2\/pages\/924"}],"collection":[{"href":"https:\/\/www.wspassau.de\/sonstiges\/100jahre\/wp-json\/wp\/v2\/pages"}],"about":[{"href":"https:\/\/www.wspassau.de\/sonstiges\/100jahre\/wp-json\/wp\/v2\/types\/page"}],"author":[{"embeddable":true,"href":"https:\/\/www.wspassau.de\/sonstiges\/100jahre\/wp-json\/wp\/v2\/users\/2"}],"replies":[{"embeddable":true,"href":"https:\/\/www.wspassau.de\/sonstiges\/100jahre\/wp-json\/wp\/v2\/comments?post=924"}],"version-history":[{"count":11,"href":"https:\/\/www.wspassau.de\/sonstiges\/100jahre\/wp-json\/wp\/v2\/pages\/924\/revisions"}],"predecessor-version":[{"id":926,"href":"https:\/\/www.wspassau.de\/sonstiges\/100jahre\/wp-json\/wp\/v2\/pages\/924\/revisions\/926"}],"up":[{"embeddable":true,"href":"https:\/\/www.wspassau.de\/sonstiges\/100jahre\/wp-json\/wp\/v2\/pages\/236"}],"wp:attachment":[{"href":"https:\/\/www.wspassau.de\/sonstiges\/100jahre\/wp-json\/wp\/v2\/media?parent=924"}],"curies":[{"name":"wp","href":"https:\/\/api.w.org\/{rel}","templated":true}]}}