{"id":934,"date":"2013-05-30T10:22:03","date_gmt":"2013-05-30T08:22:03","guid":{"rendered":"http:\/\/www.wspassau.de\/sonstiges\/100jahre\/?page_id=934"},"modified":"2013-07-29T10:53:22","modified_gmt":"2013-07-29T08:53:22","slug":"konrad-kobler-mdl","status":"publish","type":"page","link":"https:\/\/www.wspassau.de\/sonstiges\/100jahre\/erinnerungen\/konrad-kobler-mdl\/","title":{"rendered":"Konrad Kobler"},"content":{"rendered":"<p>Ende der <a href=\"http:\/\/www.wspassau.de\/sonstiges\/100jahre\/erinnerungen\/konrad-kobler-mdl\/kobler_konrad\/\" rel=\"attachment wp-att-936\"><img decoding=\"async\" loading=\"lazy\" class=\"wp-image-936 alignright\" alt=\"Kobler_Konrad\" src=\"http:\/\/www.wspassau.de\/sonstiges\/100jahre\/wp-content\/uploads\/2013\/05\/Kobler_Konrad.jpg\" width=\"140\" height=\"190\" \/><\/a>50er und Anfang der 60er Jahre war es f\u00fcr einen Landsch\u00fcler noch etwas Besonderes eine<br \/>\nweiterf\u00fchrende Schule besuchen zu k\u00f6nnen. Es zeichnete sich damals schon ab, dass dieser Schultyp<br \/>\neine sehr breite und auch praxisbezogene Ausbildung erm\u00f6glichte. Die sehr starke Praxisbezogenheit<br \/>\nwar aufgrund des damaligen Mangels an Ausbildungspl\u00e4tzen besonders wichtig. Mit dem damaligen<br \/>\nProfil der Schule war man trotz der damals allgemein problematischen Arbeitsmarktchancen auf der<br \/>\nsicheren Seite, einen Ausbildungsplatz zu bekommen.<\/p>\n<p>Die damalige Wirtschaftsaufbauschule hat sich trotz der im Laufe der Jahre entstehenden \u201eKonkurrenz\u201c<br \/>\nan Schultypen gut weiterentwickelt und stellt r\u00fcckblickend eine richtige Erfolgsstory dar. F\u00fcr mich war<br \/>\nes konkret der Einstieg in den Beruf der Finanzverwaltung mit einer sich anschlie\u00dfenden Stufe der<br \/>\nAusbildung zum Fachlehrer. Nach einigen Jahren an der \u201ebildungspolitischen Front\u201c kam dann der<br \/>\nUmstieg in die berufsm\u00e4\u00dfige Politik, indem ich mich f\u00fcr das Mandat als Abgeordneter zur Wahl stellte \u2026<\/p>\n<p>Als berufliche Schulart reagiert die Wirtschaftsschule rasch auf Ver\u00e4nderungen des Wirtschaftslebens<br \/>\nund des Arbeitsmarktes, indem sie innovative Unterrichtsmethoden erprobt und integriert<br \/>\n(z. B. die Projektarbeit, der Ausbau der \u00dcbungsfirmenarbeit). Das ist das Erfolgsrezept, warum insbesondere<br \/>\nauch in arbeitsplatz- und ausbildungsplatzm\u00e4\u00dfig schwierigen Zeiten Absolventen der Wirtschaftsschule<br \/>\noptimalere Anstellungsm\u00f6glichkeiten hatten. Sie waren eben st\u00e4rker praxisorientiert\u2026.<\/p>\n","protected":false},"excerpt":{"rendered":"<p>Ende der 50er und Anfang der 60er Jahre war es f\u00fcr einen Landsch\u00fcler noch etwas Besonderes eine weiterf\u00fchrende Schule besuchen zu k\u00f6nnen. Es zeichnete sich damals schon ab, dass dieser Schultyp eine sehr breite und auch praxisbezogene Ausbildung erm\u00f6glichte. Die sehr starke Praxisbezogenheit war aufgrund des damaligen Mangels an Ausbildungspl\u00e4tzen besonders wichtig. Mit dem damaligen [&hellip;]<\/p>\n","protected":false},"author":2,"featured_media":0,"parent":236,"menu_order":1,"comment_status":"open","ping_status":"open","template":"","meta":{"footnotes":""},"_links":{"self":[{"href":"https:\/\/www.wspassau.de\/sonstiges\/100jahre\/wp-json\/wp\/v2\/pages\/934"}],"collection":[{"href":"https:\/\/www.wspassau.de\/sonstiges\/100jahre\/wp-json\/wp\/v2\/pages"}],"about":[{"href":"https:\/\/www.wspassau.de\/sonstiges\/100jahre\/wp-json\/wp\/v2\/types\/page"}],"author":[{"embeddable":true,"href":"https:\/\/www.wspassau.de\/sonstiges\/100jahre\/wp-json\/wp\/v2\/users\/2"}],"replies":[{"embeddable":true,"href":"https:\/\/www.wspassau.de\/sonstiges\/100jahre\/wp-json\/wp\/v2\/comments?post=934"}],"version-history":[{"count":9,"href":"https:\/\/www.wspassau.de\/sonstiges\/100jahre\/wp-json\/wp\/v2\/pages\/934\/revisions"}],"predecessor-version":[{"id":937,"href":"https:\/\/www.wspassau.de\/sonstiges\/100jahre\/wp-json\/wp\/v2\/pages\/934\/revisions\/937"}],"up":[{"embeddable":true,"href":"https:\/\/www.wspassau.de\/sonstiges\/100jahre\/wp-json\/wp\/v2\/pages\/236"}],"wp:attachment":[{"href":"https:\/\/www.wspassau.de\/sonstiges\/100jahre\/wp-json\/wp\/v2\/media?parent=934"}],"curies":[{"name":"wp","href":"https:\/\/api.w.org\/{rel}","templated":true}]}}