{"id":94,"date":"2013-04-01T16:31:41","date_gmt":"2013-04-01T14:31:41","guid":{"rendered":"http:\/\/www.wspassau.de\/sonstiges\/100jahre\/?page_id=94"},"modified":"2013-07-29T09:35:21","modified_gmt":"2013-07-29T07:35:21","slug":"grundung","status":"publish","type":"page","link":"https:\/\/www.wspassau.de\/sonstiges\/100jahre\/geschichte\/grundung\/","title":{"rendered":"Gr\u00fcndung"},"content":{"rendered":"<p style=\"text-align: center;\"><a href=\"http:\/\/www.wspassau.de\/sonstiges\/100jahre\/geschichte\/grundung\/bekanntmachung\/\" rel=\"attachment wp-att-149\"><img decoding=\"async\" loading=\"lazy\" class=\"size-full wp-image-149 aligncenter\" alt=\"Bekanntmachung\" src=\"http:\/\/www.wspassau.de\/sonstiges\/100jahre\/wp-content\/uploads\/2013\/04\/Bekanntmachung.jpg\" width=\"67\" height=\"108\" srcset=\"https:\/\/www.wspassau.de\/sonstiges\/100jahre\/wp-content\/uploads\/2013\/04\/Bekanntmachung.jpg 1164w, https:\/\/www.wspassau.de\/sonstiges\/100jahre\/wp-content\/uploads\/2013\/04\/Bekanntmachung-184x300.jpg 184w, https:\/\/www.wspassau.de\/sonstiges\/100jahre\/wp-content\/uploads\/2013\/04\/Bekanntmachung-628x1024.jpg 628w\" sizes=\"(max-width: 67px) 100vw, 67px\" \/><\/a><\/p>\n<p>Die Gr\u00fcndung der Wirtschaftsschule kam nicht von ungef\u00e4hr. Die fortschreitende Technik Ende des 19. Jahrhunderts verlangte nach Menschen, die Maschinen und technische Anlagen beherrschten. Zugleich aber brauchte man kaufm\u00e4nnisch und betriebswirtschaftlich geschulte Kr\u00e4fte in fast allen Zweigen der Wirtschaft und des \u00f6ffentlichen Lebens. Denn die Industrialisierung l\u00f6ste mit der Massenfertigung einen scharfen Konkurrenzkampf aus, der \u00fcber Kosten, Gewinn und Verlust eine genaue und fortlaufende \u00dcbersicht als Grundlage f\u00fcr die Kalkulation erforderte.<a href=\"http:\/\/www.wspassau.de\/sonstiges\/100jahre\/geschichte\/grundung\/gruendungsurkunde\/\" rel=\"attachment wp-att-150\"><img decoding=\"async\" loading=\"lazy\" class=\"size-full wp-image-150 aligncenter\" alt=\"Gruendungsurkunde\" src=\"http:\/\/www.wspassau.de\/sonstiges\/100jahre\/wp-content\/uploads\/2013\/04\/Gruendungsurkunde.jpg\" width=\"64\" height=\"100\" srcset=\"https:\/\/www.wspassau.de\/sonstiges\/100jahre\/wp-content\/uploads\/2013\/04\/Gruendungsurkunde.jpg 633w, https:\/\/www.wspassau.de\/sonstiges\/100jahre\/wp-content\/uploads\/2013\/04\/Gruendungsurkunde-190x300.jpg 190w\" sizes=\"(max-width: 64px) 100vw, 64px\" \/><\/a><\/p>\n<p style=\"text-align: left;\">Der Konjunkturaufschwung der Gr\u00fcnderzeit brachte auch in unserer Stadt ein Aufbl\u00fchen im Bereich Handel und Gewerbe. Das hatte zur Folge, dass viele Betriebe mehr Personal mit besserer Qualifikation ben\u00f6tigten. Die Verbesserung der Buchf\u00fchrung schuf neue Arbeitspl\u00e4tze in Banken und B\u00fcros. Die damalige Volksschulbildung konnte diesen Anspr\u00fcchen nicht gen\u00fcgen. Das Gymnasium verfolgte eine andere Zielsetzung. Daher forderten die Handwerkskammern eine Handelsschule, die den speziellen Bed\u00fcrfnissen der damaligen Wirtschaft gerecht werden sollte.<\/p>\n<p style=\"text-align: center;\"><a href=\"http:\/\/www.wspassau.de\/sonstiges\/100jahre\/geschichte\/grundung\/zweck\/\" rel=\"attachment wp-att-151\"><img decoding=\"async\" loading=\"lazy\" class=\"size-full wp-image-151 aligncenter\" alt=\"Zweck\" src=\"http:\/\/www.wspassau.de\/sonstiges\/100jahre\/wp-content\/uploads\/2013\/04\/Zweck.jpg\" width=\"135\" height=\"78\" srcset=\"https:\/\/www.wspassau.de\/sonstiges\/100jahre\/wp-content\/uploads\/2013\/04\/Zweck.jpg 500w, https:\/\/www.wspassau.de\/sonstiges\/100jahre\/wp-content\/uploads\/2013\/04\/Zweck-300x173.jpg 300w\" sizes=\"(max-width: 135px) 100vw, 135px\" \/><\/a><\/p>\n<p>Initiator war der B\u00fcrgermeister und sp\u00e4tere <a href=\"http:\/\/www.wspassau.de\/sonstiges\/100jahre\/wp-content\/uploads\/2013\/04\/Muggenthaler.jpg\" target=\"_blank\">Kgl. Hofrat Josef Muggenthaler<\/a>, der schon l\u00e4nger Vorst\u00f6\u00dfe in dieser Richtung unternommen hatte. In einem Stadtratsbeschluss stellte er die Weichen f\u00fcr die Gr\u00fcndung einer <a href=\"http:\/\/www.wspassau.de\/sonstiges\/100jahre\/wp-content\/uploads\/2013\/04\/Gruendungsurkunde.jpg\" target=\"_blank\">St\u00e4dtischen Handelsvorschule<\/a>, die Leitung legte er in die H\u00e4nde des Oberlehrers Wilhelm Leidl.<a href=\"http:\/\/www.wspassau.de\/sonstiges\/100jahre\/geschichte\/grundung\/muggenthaler\/\" rel=\"attachment wp-att-246\"><img decoding=\"async\" loading=\"lazy\" class=\"wp-image-246 aligncenter\" alt=\"Muggenthaler\" src=\"http:\/\/www.wspassau.de\/sonstiges\/100jahre\/wp-content\/uploads\/2013\/04\/Muggenthaler.jpg\" width=\"87\" height=\"127\" srcset=\"https:\/\/www.wspassau.de\/sonstiges\/100jahre\/wp-content\/uploads\/2013\/04\/Muggenthaler.jpg 300w, https:\/\/www.wspassau.de\/sonstiges\/100jahre\/wp-content\/uploads\/2013\/04\/Muggenthaler-204x300.jpg 204w\" sizes=\"(max-width: 87px) 100vw, 87px\" \/><\/a><\/p>\n<p>Am 18.September konnte dann die Handelsvorschule im ehemaligen Baugewerkschulgeb\u00e4ude, einem Anbau der Nikolaschule, f\u00fcr 42 Sch\u00fcler die Pforten \u00f6ffnen. Die <a href=\"http:\/\/www.wspassau.de\/sonstiges\/100jahre\/wp-content\/uploads\/2013\/04\/Zweck.jpg\" target=\"_blank\">Zielsetzungen der Schule<\/a> lie\u00dfen eindeutig die kaufm\u00e4nnische Ausrichtung der Schule erkennen.<\/p>\n","protected":false},"excerpt":{"rendered":"<p>Die Gr\u00fcndung der Wirtschaftsschule kam nicht von ungef\u00e4hr. Die fortschreitende Technik Ende des 19. Jahrhunderts verlangte nach Menschen, die Maschinen und technische Anlagen beherrschten. Zugleich aber brauchte man kaufm\u00e4nnisch und betriebswirtschaftlich geschulte Kr\u00e4fte in fast allen Zweigen der Wirtschaft und des \u00f6ffentlichen Lebens. Denn die Industrialisierung l\u00f6ste mit der Massenfertigung einen scharfen Konkurrenzkampf aus, der [&hellip;]<\/p>\n","protected":false},"author":2,"featured_media":0,"parent":91,"menu_order":1,"comment_status":"open","ping_status":"open","template":"","meta":{"footnotes":""},"_links":{"self":[{"href":"https:\/\/www.wspassau.de\/sonstiges\/100jahre\/wp-json\/wp\/v2\/pages\/94"}],"collection":[{"href":"https:\/\/www.wspassau.de\/sonstiges\/100jahre\/wp-json\/wp\/v2\/pages"}],"about":[{"href":"https:\/\/www.wspassau.de\/sonstiges\/100jahre\/wp-json\/wp\/v2\/types\/page"}],"author":[{"embeddable":true,"href":"https:\/\/www.wspassau.de\/sonstiges\/100jahre\/wp-json\/wp\/v2\/users\/2"}],"replies":[{"embeddable":true,"href":"https:\/\/www.wspassau.de\/sonstiges\/100jahre\/wp-json\/wp\/v2\/comments?post=94"}],"version-history":[{"count":104,"href":"https:\/\/www.wspassau.de\/sonstiges\/100jahre\/wp-json\/wp\/v2\/pages\/94\/revisions"}],"predecessor-version":[{"id":152,"href":"https:\/\/www.wspassau.de\/sonstiges\/100jahre\/wp-json\/wp\/v2\/pages\/94\/revisions\/152"}],"up":[{"embeddable":true,"href":"https:\/\/www.wspassau.de\/sonstiges\/100jahre\/wp-json\/wp\/v2\/pages\/91"}],"wp:attachment":[{"href":"https:\/\/www.wspassau.de\/sonstiges\/100jahre\/wp-json\/wp\/v2\/media?parent=94"}],"curies":[{"name":"wp","href":"https:\/\/api.w.org\/{rel}","templated":true}]}}