{"id":944,"date":"2013-05-30T10:31:55","date_gmt":"2013-05-30T08:31:55","guid":{"rendered":"http:\/\/www.wspassau.de\/sonstiges\/100jahre\/?page_id=944"},"modified":"2013-07-29T10:54:53","modified_gmt":"2013-07-29T08:54:53","slug":"regina-ehm-klier-journalistin","status":"publish","type":"page","link":"https:\/\/www.wspassau.de\/sonstiges\/100jahre\/erinnerungen\/regina-ehm-klier-journalistin\/","title":{"rendered":"Regina Ehm-Klier"},"content":{"rendered":"<p><a href=\"http:\/\/www.wspassau.de\/sonstiges\/100jahre\/erinnerungen\/regina-ehm-klier-journalistin\/ehm-klier_regina\/\" rel=\"attachment wp-att-959\"><img decoding=\"async\" loading=\"lazy\" class=\" wp-image-959 alignright\" alt=\"Ehm-Klier_Regina\" src=\"http:\/\/www.wspassau.de\/sonstiges\/100jahre\/wp-content\/uploads\/2013\/05\/Ehm-Klier_Regina.jpg\" width=\"140\" height=\"145\" srcset=\"https:\/\/www.wspassau.de\/sonstiges\/100jahre\/wp-content\/uploads\/2013\/05\/Ehm-Klier_Regina.jpg 800w, https:\/\/www.wspassau.de\/sonstiges\/100jahre\/wp-content\/uploads\/2013\/05\/Ehm-Klier_Regina-288x300.jpg 288w\" sizes=\"(max-width: 140px) 100vw, 140px\" \/><\/a>\u2026 Die Wirtschaftsschule gab mir in jedem Fall eine grundsolide kaufm\u00e4nnische Bildung mit, was sich bei<br \/>\nmeiner ersten Ausbildung zur B\u00fcrokauffrau nicht nur dadurch auszahlte, dass ich mir gegen\u00fcber Realsch\u00fclern<br \/>\nein halbes Jahr Ausbildungszeit und ein ganzes gegen\u00fcber Hauptsch\u00fclern gespart habe.<\/p>\n<p>Auch die Berufsschule war dank vorheriger intensiver Ausbildung in den kaufm\u00e4nnischen F\u00e4chern nun mehr<br \/>\noder weniger ein Kinderspiel. Sicherlich mit ein Grund daf\u00fcr, warum sich meine Noten nach der Ausbildung<br \/>\ngegen\u00fcber denen der Mittleren Reife erheblich verbessert hatten \u2026<\/p>\n<p>Ich erinnere mich auch noch gut daran, wie stolz wir auf unsere Schule waren, weil sie so sch\u00f6n war \u2013 ich finde<br \/>\ndie Architektur \u00fcbrigens immer noch sehr gelungen &#8211; und so modern \u2026 Pr\u00e4gend waren auch die ersten Schritte<br \/>\nam Computer, die wir in der Wirtschaftsschule taten. Wir waren weit und breit die einzige Schule, die \u00fcber einen<br \/>\nRechner verf\u00fcgte \u2026<\/p>\n","protected":false},"excerpt":{"rendered":"<p>\u2026 Die Wirtschaftsschule gab mir in jedem Fall eine grundsolide kaufm\u00e4nnische Bildung mit, was sich bei meiner ersten Ausbildung zur B\u00fcrokauffrau nicht nur dadurch auszahlte, dass ich mir gegen\u00fcber Realsch\u00fclern ein halbes Jahr Ausbildungszeit und ein ganzes gegen\u00fcber Hauptsch\u00fclern gespart habe. Auch die Berufsschule war dank vorheriger intensiver Ausbildung in den kaufm\u00e4nnischen F\u00e4chern nun mehr [&hellip;]<\/p>\n","protected":false},"author":2,"featured_media":0,"parent":236,"menu_order":2,"comment_status":"open","ping_status":"open","template":"","meta":{"footnotes":""},"_links":{"self":[{"href":"https:\/\/www.wspassau.de\/sonstiges\/100jahre\/wp-json\/wp\/v2\/pages\/944"}],"collection":[{"href":"https:\/\/www.wspassau.de\/sonstiges\/100jahre\/wp-json\/wp\/v2\/pages"}],"about":[{"href":"https:\/\/www.wspassau.de\/sonstiges\/100jahre\/wp-json\/wp\/v2\/types\/page"}],"author":[{"embeddable":true,"href":"https:\/\/www.wspassau.de\/sonstiges\/100jahre\/wp-json\/wp\/v2\/users\/2"}],"replies":[{"embeddable":true,"href":"https:\/\/www.wspassau.de\/sonstiges\/100jahre\/wp-json\/wp\/v2\/comments?post=944"}],"version-history":[{"count":8,"href":"https:\/\/www.wspassau.de\/sonstiges\/100jahre\/wp-json\/wp\/v2\/pages\/944\/revisions"}],"predecessor-version":[{"id":947,"href":"https:\/\/www.wspassau.de\/sonstiges\/100jahre\/wp-json\/wp\/v2\/pages\/944\/revisions\/947"}],"up":[{"embeddable":true,"href":"https:\/\/www.wspassau.de\/sonstiges\/100jahre\/wp-json\/wp\/v2\/pages\/236"}],"wp:attachment":[{"href":"https:\/\/www.wspassau.de\/sonstiges\/100jahre\/wp-json\/wp\/v2\/media?parent=944"}],"curies":[{"name":"wp","href":"https:\/\/api.w.org\/{rel}","templated":true}]}}