{"id":985,"date":"2013-05-31T14:13:58","date_gmt":"2013-05-31T12:13:58","guid":{"rendered":"http:\/\/www.wspassau.de\/sonstiges\/100jahre\/?page_id=985"},"modified":"2013-08-27T12:11:25","modified_gmt":"2013-08-27T10:11:25","slug":"peter-seewald","status":"publish","type":"page","link":"https:\/\/www.wspassau.de\/sonstiges\/100jahre\/erinnerungen\/peter-seewald\/","title":{"rendered":"Peter Seewald"},"content":{"rendered":"<p><strong><a href=\"http:\/\/www.wspassau.de\/sonstiges\/100jahre\/erinnerungen\/peter-seewald\/seewald-peter\/\" rel=\"attachment wp-att-984\"><img decoding=\"async\" loading=\"lazy\" class=\" wp-image-984 alignright\" alt=\"Seewald Peter\" src=\"http:\/\/www.wspassau.de\/sonstiges\/100jahre\/wp-content\/uploads\/2013\/05\/Seewald-Peter.jpg\" width=\"140\" height=\"170\" \/><\/a>Peter Seewald (Autor der Papstbiografie)<\/strong><\/p>\n<p>An die Zeit in der WS erinnere ich mich sehr gerne. Wir waren eine reine Knabenschule. Das hei\u00dft nicht,<br \/>\ndass wir uns rein auf den Unterricht konzentrierten, aber eben auch \u2026 Okay, wir waren weder Oberstufe<br \/>\nnoch Eliteschule, doch alle empfanden es als wohltuend, nicht hochn\u00e4sigen &#8230; Vereinen wie \u201eLeopoldinum\u201c<br \/>\noder \u201eASG\u201c anzugeh\u00f6ren, die &#8230; vor sich hin lernten und vom Leben nichts mitbekamen.<\/p>\n<p>An der Wirtschaftsschule lernte man Dinge, die es nur bei uns gab (z. B. Kaufm\u00e4nnisches Rechnen und Steno).<br \/>\nAber auch in allgemeinbildenden F\u00e4chern wie Deutsch, Geschichte, Religion, Musik, Kunst gab es dank Lehrern,<br \/>\ndie selbst noch auf eine umfassende Bildung zur\u00fcckgreifen konnten, einen Unterricht auf richtig gutem Niveau \u2026<\/p>\n<p>Das R\u00fcstzeug durch die HWS war eben werthaltig und stabil genug, dass man darauf gut aufbauen konnte. Einige Dinge<br \/>\nhaben mir sp\u00e4ter sogar geholfen, ein eigenes Unternehmen zu gr\u00fcnden \u2026 Kurzum: Die Staatliche Wirtschaftsschule<br \/>\nspielte f\u00fcr mein Berufsleben eine wichtige Rolle. Ich bin dankbar daf\u00fcr, was ich hier lernen durfte und f\u00fcr das Leben<br \/>\nmitbekommen habe.<\/p>\n","protected":false},"excerpt":{"rendered":"<p>Peter Seewald (Autor der Papstbiografie) An die Zeit in der WS erinnere ich mich sehr gerne. Wir waren eine reine Knabenschule. Das hei\u00dft nicht, dass wir uns rein auf den Unterricht konzentrierten, aber eben auch \u2026 Okay, wir waren weder Oberstufe noch Eliteschule, doch alle empfanden es als wohltuend, nicht hochn\u00e4sigen &#8230; Vereinen wie \u201eLeopoldinum\u201c [&hellip;]<\/p>\n","protected":false},"author":2,"featured_media":0,"parent":236,"menu_order":5,"comment_status":"open","ping_status":"open","template":"","meta":{"footnotes":""},"_links":{"self":[{"href":"https:\/\/www.wspassau.de\/sonstiges\/100jahre\/wp-json\/wp\/v2\/pages\/985"}],"collection":[{"href":"https:\/\/www.wspassau.de\/sonstiges\/100jahre\/wp-json\/wp\/v2\/pages"}],"about":[{"href":"https:\/\/www.wspassau.de\/sonstiges\/100jahre\/wp-json\/wp\/v2\/types\/page"}],"author":[{"embeddable":true,"href":"https:\/\/www.wspassau.de\/sonstiges\/100jahre\/wp-json\/wp\/v2\/users\/2"}],"replies":[{"embeddable":true,"href":"https:\/\/www.wspassau.de\/sonstiges\/100jahre\/wp-json\/wp\/v2\/comments?post=985"}],"version-history":[{"count":6,"href":"https:\/\/www.wspassau.de\/sonstiges\/100jahre\/wp-json\/wp\/v2\/pages\/985\/revisions"}],"predecessor-version":[{"id":1532,"href":"https:\/\/www.wspassau.de\/sonstiges\/100jahre\/wp-json\/wp\/v2\/pages\/985\/revisions\/1532"}],"up":[{"embeddable":true,"href":"https:\/\/www.wspassau.de\/sonstiges\/100jahre\/wp-json\/wp\/v2\/pages\/236"}],"wp:attachment":[{"href":"https:\/\/www.wspassau.de\/sonstiges\/100jahre\/wp-json\/wp\/v2\/media?parent=985"}],"curies":[{"name":"wp","href":"https:\/\/api.w.org\/{rel}","templated":true}]}}