{"id":992,"date":"2013-05-31T14:20:49","date_gmt":"2013-05-31T12:20:49","guid":{"rendered":"http:\/\/www.wspassau.de\/sonstiges\/100jahre\/?page_id=992"},"modified":"2013-08-27T12:14:24","modified_gmt":"2013-08-27T10:14:24","slug":"herbert-stadler","status":"publish","type":"page","link":"https:\/\/www.wspassau.de\/sonstiges\/100jahre\/erinnerungen\/herbert-stadler\/","title":{"rendered":"Herbert Stadler"},"content":{"rendered":"<figure id=\"attachment_995\" aria-describedby=\"caption-attachment-995\" style=\"width: 140px\" class=\"wp-caption alignright\"><a href=\"http:\/\/www.wspassau.de\/sonstiges\/100jahre\/erinnerungen\/herbert-stadler\/herbert-stadler-2\/\" rel=\"attachment wp-att-995\"><img decoding=\"async\" loading=\"lazy\" class=\" wp-image-995 \" alt=\"Herbert Stadler\" src=\"http:\/\/www.wspassau.de\/sonstiges\/100jahre\/wp-content\/uploads\/2013\/05\/Herbert-Stadler.jpg\" width=\"140\" height=\"190\" \/><\/a><figcaption id=\"caption-attachment-995\" class=\"wp-caption-text\">Vorstandsmitglied der VR-Bank Passau<br \/>von 1978 &#8211; 2007<\/figcaption><\/figure>\n<p>Heuer kann die Staatliche Wirtschaftsschule Passau auf 100 Jahre ihres Bestehens zur\u00fcckblicken.<br \/>\nVor 50 Jahren, genauer gesagt von 1960 bis 1964, war ich einer von mehr als 600 Sch\u00fclern, der diese<br \/>\nSchule, welche damals noch St\u00e4dt. Wirtschaftsaufbauschule Passau hie\u00df, besuchte. Grund genug, ein<br \/>\nwenig auf diese pr\u00e4genden Jahre in meinem Leben zur\u00fcckzublicken.<\/p>\n<p>Eine weiterf\u00fchrende Schule zu besuchen war in der damaligen Zeit nicht so selbstverst\u00e4ndlich wie heute.<br \/>\nEs gab nur begrenzte Lehrmittelfreiheit und Schulgeld wurde nach den finanziellen Verh\u00e4ltnissen der<br \/>\nEltern erhoben. Zus\u00e4tzlich einen erheblichen Aufwand erforderten die monatlichen Fahrtkosten von Ortenburg<br \/>\nnach Passau. Dieser finanzielle Kraftakt war f\u00fcr meine verwitwete Mutter nur durch Konsumverzicht zu<br \/>\nbew\u00e4ltigen. Daf\u00fcr bin ich ihr heute noch sehr dankbar.<\/p>\n<p>Auch als Fahrsch\u00fcler war die Situation damals kaum mit den heutigen Verh\u00e4ltnissen vergleichbar.<br \/>\nFahrsch\u00fcler bedeutete f\u00fcr mich um 5 Uhr morgens aus den Federn, kurz nach halb sechs aus dem Haus,<br \/>\nca. 20 Min. Fu\u00dfmarsch zum Bus. Abfahrt 05:55 Uhr in Ortenburg, umsteigen in Vilshofen in den Zug nach Passau.<br \/>\nEtwas Positives hatte diese lange Fahrstrecke jedoch auch, diese wurde \u00fcberwiegend zur Vorbereitung des<br \/>\nUnterrichts bzw. zur Vervollst\u00e4ndigung der Hausausgaben genutzt. Zur\u00fcck die selbe Strecke am Nachmittag.<\/p>\n<p>Dieser Aufwand an Zeit und Geld lohnte sich r\u00fcckblickend sehr wohl. \u201eNicht f\u00fcr die Schule lernen wir, sondern<br \/>\nf\u00fcr das Leben.\u201c Dieser Spruch galt auch zu jener Zeit. Ich bin heute noch sehr dankbar, dass die Wirtschaftsschule<br \/>\nmir eine breite Basis f\u00fcr eine fundamentierte Bildung und Ausbildung f\u00fcr alle m\u00f6glichen Berufe in Wirtschaft,<br \/>\nVerwaltung und Technik vermittelte. Trotz Schwerpunkt Wirtschaft strebten einige meiner Klassenkameraden<br \/>\nanschlie\u00dfend eine Ausbildung im techn. Bereich mit Ingenieurstudium an. Welche Wege sp\u00e4ter auch immer<br \/>\neingeschlagen wurden, die Schule formte erfolgreiche Unternehmer, F\u00fchrungskr\u00e4fte in Wirtschaft und Verwaltung<br \/>\nbis hin zu einem Piloten und einem Pfarrer in unserem Jahrgang. Bez\u00fcglich der Berufswahlen gab es beim ersten<br \/>\nKlassentreffen nach 25 Jahren daher erstaunte Gesichter.<\/p>\n<p>Ich hatte mehrere Bewerbungen geschrieben. Ich bekam Zusagen f\u00fcr den mittleren und gehobenen nichttechnischen<br \/>\nDienst und aus der Wirtschaft. Viele T\u00fcren standen damals aufgrund der prosperierenden Wirtschaft offen.<br \/>\nDank meiner guten kaufm\u00e4nnischen Ausbildung habe ich mich f\u00fcr den Beruf des Bankkaufmannes entschieden und<br \/>\nhabe diesen Schritt auch nie bereut. Ein Dankesch\u00f6n gilt meinem Klassenlehrer, Herrn StD Anton Wittkowsky, und den<br \/>\nanderen Lehrkr\u00e4ften, die um das Wohl von uns Sch\u00fclern besorgt waren. Die Staatliche Wirtschaftsschule Passau hat mir<br \/>\neine gr\u00fcndliche Allgemeinbildung und eine fundamentierte Basisausbildung vermittelt und mich entscheidend gepr\u00e4gt.<br \/>\nHier wurde die Grundlage f\u00fcr meinen beruflichen Werdegang gelegt.<\/p>\n<p>Ich w\u00fcnsche der Staatlichen Wirtschaftsschule f\u00fcr die Zukunft alles Gute und weiterhin viel Erfolg bei der Erf\u00fcllung Ihres Bildungsauftrages.<\/p>\n<p>&nbsp;<\/p>\n","protected":false},"excerpt":{"rendered":"<p>Heuer kann die Staatliche Wirtschaftsschule Passau auf 100 Jahre ihres Bestehens zur\u00fcckblicken. Vor 50 Jahren, genauer gesagt von 1960 bis 1964, war ich einer von mehr als 600 Sch\u00fclern, der diese Schule, welche damals noch St\u00e4dt. Wirtschaftsaufbauschule Passau hie\u00df, besuchte. Grund genug, ein wenig auf diese pr\u00e4genden Jahre in meinem Leben zur\u00fcckzublicken. Eine weiterf\u00fchrende Schule [&hellip;]<\/p>\n","protected":false},"author":2,"featured_media":0,"parent":236,"menu_order":6,"comment_status":"open","ping_status":"open","template":"","meta":{"footnotes":""},"_links":{"self":[{"href":"https:\/\/www.wspassau.de\/sonstiges\/100jahre\/wp-json\/wp\/v2\/pages\/992"}],"collection":[{"href":"https:\/\/www.wspassau.de\/sonstiges\/100jahre\/wp-json\/wp\/v2\/pages"}],"about":[{"href":"https:\/\/www.wspassau.de\/sonstiges\/100jahre\/wp-json\/wp\/v2\/types\/page"}],"author":[{"embeddable":true,"href":"https:\/\/www.wspassau.de\/sonstiges\/100jahre\/wp-json\/wp\/v2\/users\/2"}],"replies":[{"embeddable":true,"href":"https:\/\/www.wspassau.de\/sonstiges\/100jahre\/wp-json\/wp\/v2\/comments?post=992"}],"version-history":[{"count":14,"href":"https:\/\/www.wspassau.de\/sonstiges\/100jahre\/wp-json\/wp\/v2\/pages\/992\/revisions"}],"predecessor-version":[{"id":996,"href":"https:\/\/www.wspassau.de\/sonstiges\/100jahre\/wp-json\/wp\/v2\/pages\/992\/revisions\/996"}],"up":[{"embeddable":true,"href":"https:\/\/www.wspassau.de\/sonstiges\/100jahre\/wp-json\/wp\/v2\/pages\/236"}],"wp:attachment":[{"href":"https:\/\/www.wspassau.de\/sonstiges\/100jahre\/wp-json\/wp\/v2\/media?parent=992"}],"curies":[{"name":"wp","href":"https:\/\/api.w.org\/{rel}","templated":true}]}}